{"id":9284,"date":"2025-10-20T15:57:56","date_gmt":"2025-10-20T15:57:56","guid":{"rendered":"https:\/\/stayinn.travel\/product\/tahiti-the-calis-luxury-villa-2\/"},"modified":"2026-04-16T10:35:07","modified_gmt":"2026-04-16T10:35:07","slug":"tahiti-the-calis-luxury-villa-2","status":"publish","type":"product","link":"https:\/\/stayinn.travel\/de\/product\/tahiti-the-calis-luxury-villa-2\/","title":{"rendered":"TAHITI &#8211;  The Cali&#8217;s Luxury Villa"},"content":{"rendered":"<p>TAHITI &#8211;  The Cali&#8217;s Luxury Villa <\/p>\n<p>Tahiti, mit seiner Hauptstadt Papeete, ist die gr\u00f6\u00dfte und bev\u00f6lkerungsreichste Insel Polynesiens. Bei Ihrer Ankunft werden Sie von ihrem wilden und authentischen Aussehen verzaubert sein, das einer Filmkulisse w\u00fcrdig ist! Diese gebirgige Insel, deren h\u00f6chster Punkt der Berg Orohena mit 2.241 m ist, ist vulkanischen Ursprungs und besteht aus zwei Teilen, Tahiti Nui, der gr\u00f6\u00dferen Insel, und Tahiti Iti (der Halbinsel), die beide von einer herrlichen Lagune und einem Korallenriff umgeben sind.<br \/>\n<br \/>Moorea, die Nachbarinsel, ist eine paradiesische Insel, die nur 30 Minuten mit der F\u00e4hre von Tahiti entfernt liegt und deren kristallklare Lagune und atemberaubende Landschaft ein einzigartiges Erlebnis garantieren.<\/p>\n<p>Eine wundersch\u00f6ne, neu gebaute 250 Quadratmeter gro\u00dfe private Luxusvilla mit einem herrlichen Spiegelpool, der die beste Aussicht auf Tahitis Schwesterinsel widerspiegelt, erwartet Sie!<\/p>\n<p>Dieses von einem Architekten entworfene Haus, das ruhig in einer privaten Residenz liegt, ist modern und hochtechnisiert und bietet einen erstklassigen Service und die beste Betreuung. In der Villa k\u00f6nnen 6 Personen bequem in 3 ger\u00e4umigen Zimmern mit eigenem Duschbad untergebracht werden. Die beiden Schlafzimmer im ersten Stock sind klimatisiert. <\/p>\n<p>Das Hauptschlafzimmer mit seinen gro\u00dfen Erkerfenstern und ohne Vis-\u00e0-vis verf\u00fcgt \u00fcber ein 200&#215;200 Bett, einen Flachbildfernseher mit allen Kan\u00e4len und eine Badewanne im Zimmer, in der Sie sich in einem Schaumbad entspannen k\u00f6nnen, w\u00e4hrend Sie die Aussicht genie\u00dfen.<\/p>\n<p>Das zweite Zimmer im ersten Stock hat ein 180&#215;200 Bett, einen Fernseher und eine eigene Terrasse.<\/p>\n<p>Das dritte Schlafzimmer befindet sich im ersten Stock und ist mit einem Queen-Size-Bett ausgestattet, das direkt auf die Terrasse mit ihrem Spiegelpool f\u00fchrt.<\/p>\n<p>Das Kathedralen-Wohnzimmer bietet dem Wohnzimmer eine herrliche Deckenh\u00f6he und damit eine Helligkeit und ein Raumgef\u00fchl, das jeden Wettbewerb herausfordert.  Es ist mit einem gro\u00dfen wei\u00dfen Lederecksofa und einem Flachbildfernseher mit allen Kan\u00e4len ausgestattet. <\/p>\n<p>Die elegante K\u00fcche wurde in einem sauberen und modernen Stil gestaltet, wobei alle Elemente so integriert wurden, dass sie sich in die Einrichtung einf\u00fcgen. Die K\u00fcche ist zum Wohnzimmer hin offen und verf\u00fcgt \u00fcber eine gro\u00dfe zentrale Kochinsel mit Hochst\u00fchlen. Sie finden hier einen K\u00fchlschrank mit Gefrierfach, einen Backofen, eine Mikrowelle, einen Geschirrsp\u00fcler, eine Kaffeemaschine und sogar einen Weinkeller!<br \/>\n<br \/>Es ist m\u00f6glich, die Dienste eines privaten Kochs und eines Ma\u00eetre d&#8216; f\u00fcr Ihre individuellen Mahlzeiten w\u00e4hrend Ihres Aufenthalts zu buchen.<\/p>\n<p>Auf der Terrasse finden Sie die Hauptattraktion dieser Villa, den herrlichen Spiegelpool mit Blick auf Moorea. Die Gartenm\u00f6bel sind so konzipiert, dass sie sich auf der H\u00f6he des Pools befinden und nur den Horizont, das Meer und Moorea sehen. Sie werden das Gef\u00fchl haben, direkt in die Lagune einzutauchen. Rund um den Pool stehen Ihnen Liegest\u00fchle, Sofas, St\u00fchle und Stehtische f\u00fcr Ihre Aperitifs zur Verf\u00fcgung. <\/p>\n<p>Diese ungew\u00f6hnliche Unterkunft wird Ihnen unvergessliche Erlebnisse und Erinnerungen bescheren. Genie\u00dfen Sie die wundersch\u00f6nen Sonnenunterg\u00e4nge, die diese Unterkunft auf ihrer Schwesterinsel Moorea bietet.<br \/>\n<br \/>F\u00fcr maximale Freiheit empfehlen wir Ihnen, ein Fahrzeug zu mieten. So k\u00f6nnen Sie die Insel mit dem Auto erkunden und sich unabh\u00e4ngig bewegen.<br \/>\n<br \/>Es ist m\u00f6glich, ein hochwertiges Fahrzeug wie einen Porsche Cayenne zu mieten oder einen privaten Fahrer w\u00e4hrend Ihres Aufenthalts zu haben.<\/p>\n<p>DAS WESENTLICHE :<br \/>\n<br \/>*Luxusvilla<br \/>\n<br \/>*Privater Pool<br \/>\n<br \/>*Sch\u00f6ne Aussicht<br \/>\n<br \/>*2 klimatisierte Zimmer<br \/>\n<br \/>*Modern und komfortabel<br \/>\n<br \/>*Kostenloses Wifi-Internet<br \/>\n<br \/>*Sehr gute Geolokalisierung <\/p>\n<p>Zulassungsnummer: 424DTO-MT<\/p>\n","protected":false},"excerpt":{"rendered":"<p>TAHITI &#8211; The Cali&#8217;s Luxury Villa Tahiti, mit seiner Hauptstadt Papeete, ist die gr\u00f6\u00dfte und bev\u00f6lkerungsreichste Insel Polynesiens. Bei Ihrer Ankunft werden Sie von ihrem wilden und authentischen Aussehen verzaubert sein, das einer Filmkulisse w\u00fcrdig ist! Diese gebirgige Insel, deren h\u00f6chster Punkt der Berg Orohena mit 2.241 m ist, ist vulkanischen Ursprungs und besteht aus [&hellip;]<\/p>\n","protected":false},"featured_media":9279,"comment_status":"open","ping_status":"closed","template":"","meta":{"inline_featured_image":false},"country":[],"product_brand":[],"product_cat":[213],"product_tag":[],"class_list":{"0":"post-9284","1":"product","2":"type-product","3":"status-publish","4":"has-post-thumbnail","6":"product_cat-unterkunfte","8":"first","9":"instock","10":"shipping-taxable","11":"purchasable","12":"product-type-simple"},"acf":[],"_links":{"self":[{"href":"https:\/\/stayinn.travel\/de\/wp-json\/wp\/v2\/product\/9284","targetHints":{"allow":["GET"]}}],"collection":[{"href":"https:\/\/stayinn.travel\/de\/wp-json\/wp\/v2\/product"}],"about":[{"href":"https:\/\/stayinn.travel\/de\/wp-json\/wp\/v2\/types\/product"}],"replies":[{"embeddable":true,"href":"https:\/\/stayinn.travel\/de\/wp-json\/wp\/v2\/comments?post=9284"}],"wp:featuredmedia":[{"embeddable":true,"href":"https:\/\/stayinn.travel\/de\/wp-json\/wp\/v2\/media\/9279"}],"wp:attachment":[{"href":"https:\/\/stayinn.travel\/de\/wp-json\/wp\/v2\/media?parent=9284"}],"wp:term":[{"taxonomy":"country","embeddable":true,"href":"https:\/\/stayinn.travel\/de\/wp-json\/wp\/v2\/country?post=9284"},{"taxonomy":"product_brand","embeddable":true,"href":"https:\/\/stayinn.travel\/de\/wp-json\/wp\/v2\/product_brand?post=9284"},{"taxonomy":"product_cat","embeddable":true,"href":"https:\/\/stayinn.travel\/de\/wp-json\/wp\/v2\/product_cat?post=9284"},{"taxonomy":"product_tag","embeddable":true,"href":"https:\/\/stayinn.travel\/de\/wp-json\/wp\/v2\/product_tag?post=9284"}],"curies":[{"name":"wp","href":"https:\/\/api.w.org\/{rel}","templated":true}]}}