{"id":9308,"date":"2025-10-20T15:57:57","date_gmt":"2025-10-20T15:57:57","guid":{"rendered":"https:\/\/stayinn.travel\/product\/moorea-fare-hanahei-2\/"},"modified":"2026-04-16T10:35:31","modified_gmt":"2026-04-16T10:35:31","slug":"moorea-fare-hanahei-2","status":"publish","type":"product","link":"https:\/\/stayinn.travel\/de\/product\/moorea-fare-hanahei-2\/","title":{"rendered":"MOOREA &#8211; Fare HANAHEI"},"content":{"rendered":"<p>Ia ora na und Maeva au FARE HANAHEI auf Moorea, ein wahres Friedensparadies, ideal gelegen in der Gemeinde Maharepa, in der N\u00e4he aller Annehmlichkeiten.<\/p>\n<p>Diese wundersch\u00f6ne Villa bietet Ihnen 3 klimatisierte Schlafzimmer, davon 1 mit Ventilator, darunter eine Eltern-Suite mit eigenem Badezimmer und 2 weitere Badezimmer f\u00fcr Ihren Komfort.<\/p>\n<p>Ein weiterer Raum ist als B\u00fcro ausgestattet und steht Ihnen ebenfalls zur Verf\u00fcgung.<\/p>\n<p>Ein Babybett ist in der Villa verf\u00fcgbar.<\/p>\n<p>Nichts wurde dem Zufall \u00fcberlassen: Die verschiedenen R\u00e4ume dieser Villa sind ger\u00e4umig, gem\u00fctlich, mit sch\u00f6nen Materialien ausgestattet und die Dekoration ist liebevoll gestaltet.<\/p>\n<p>Genie\u00dfen Sie eine gro\u00dfe, separate, voll ausgestattete K\u00fcche, um k\u00f6stliche Mahlzeiten zuzubereiten, und entspannen Sie sich dann am Rand des sch\u00f6nen Pools, umgeben von einem \u00fcppigen Garten f\u00fcr Aktivit\u00e4ten im Freien, die sowohl Kindern als auch Erwachsenen Freude bereiten werden.<\/p>\n<p>Alles wurde so geplant, dass Ihnen nichts fehlt.<\/p>\n<p>Ein W\u00e4scheraum steht Ihnen w\u00e4hrend Ihres Aufenthalts zur Verf\u00fcgung: Waschmaschine und Trockner.<\/p>\n<p>Lassen Sie sich vom Frieden und der Ruhe dieses au\u00dfergew\u00f6hnlichen Ortes verzaubern. Ein magischer Blick auf die Berge und ein Meerblick vom Garten aus.<\/p>\n<p>Ein Traumort, um Ihren Aufenthalt auf Moorea mit der Familie oder Freunden voll zu genie\u00dfen.<\/p>\n<p>Buchen Sie jetzt Ihren unvergesslichen Aufenthalt im FARE HANAHEI.<\/p>\n<p>Garantierter Sofort-Liebling!<\/p>\n<p>Die Vorteile dieser Unterkunft:<br \/>\n<br \/>&#8211; Villa mit Swimmingpool<br \/>\n<br \/>&#8211; in der N\u00e4he von Gesch\u00e4ften und Restaurants<br \/>\n<br \/>&#8211; nicht weit vom \u00f6ffentlichen Strand Temae<br \/>\n<br \/>&#8211; ruhig<br \/>\n<br \/>&#8211; ohne Einblicke von Nachbarn<br \/>\n<br \/>&#8211; sch\u00f6ne Ausstattung<br \/>\n<br \/>&#8211; wundersch\u00f6ne Bergblicke und Meerblick<\/p>\n<p>Jede Buchung unterliegt obligatorisch der uneingeschr\u00e4nkten Annahme unserer Allgemeinen Gesch\u00e4ftsbedingungen, die auf unserer Website Stayinn.Vacations durch Klicken auf die Allgemeinen Gesch\u00e4ftsbedingungen sichtbar sind.<\/p>\n","protected":false},"excerpt":{"rendered":"<p>Ia ora na und Maeva au FARE HANAHEI auf Moorea, ein wahres Friedensparadies, ideal gelegen in der Gemeinde Maharepa, in der N\u00e4he aller Annehmlichkeiten. Diese wundersch\u00f6ne Villa bietet Ihnen 3 klimatisierte Schlafzimmer, davon 1 mit Ventilator, darunter eine Eltern-Suite mit eigenem Badezimmer und 2 weitere Badezimmer f\u00fcr Ihren Komfort. Ein weiterer Raum ist als B\u00fcro [&hellip;]<\/p>\n","protected":false},"featured_media":9303,"comment_status":"open","ping_status":"closed","template":"","meta":{"inline_featured_image":false},"country":[],"product_brand":[],"product_cat":[213],"product_tag":[],"class_list":{"0":"post-9308","1":"product","2":"type-product","3":"status-publish","4":"has-post-thumbnail","6":"product_cat-unterkunfte","8":"first","9":"instock","10":"shipping-taxable","11":"purchasable","12":"product-type-simple"},"acf":[],"_links":{"self":[{"href":"https:\/\/stayinn.travel\/de\/wp-json\/wp\/v2\/product\/9308","targetHints":{"allow":["GET"]}}],"collection":[{"href":"https:\/\/stayinn.travel\/de\/wp-json\/wp\/v2\/product"}],"about":[{"href":"https:\/\/stayinn.travel\/de\/wp-json\/wp\/v2\/types\/product"}],"replies":[{"embeddable":true,"href":"https:\/\/stayinn.travel\/de\/wp-json\/wp\/v2\/comments?post=9308"}],"wp:featuredmedia":[{"embeddable":true,"href":"https:\/\/stayinn.travel\/de\/wp-json\/wp\/v2\/media\/9303"}],"wp:attachment":[{"href":"https:\/\/stayinn.travel\/de\/wp-json\/wp\/v2\/media?parent=9308"}],"wp:term":[{"taxonomy":"country","embeddable":true,"href":"https:\/\/stayinn.travel\/de\/wp-json\/wp\/v2\/country?post=9308"},{"taxonomy":"product_brand","embeddable":true,"href":"https:\/\/stayinn.travel\/de\/wp-json\/wp\/v2\/product_brand?post=9308"},{"taxonomy":"product_cat","embeddable":true,"href":"https:\/\/stayinn.travel\/de\/wp-json\/wp\/v2\/product_cat?post=9308"},{"taxonomy":"product_tag","embeddable":true,"href":"https:\/\/stayinn.travel\/de\/wp-json\/wp\/v2\/product_tag?post=9308"}],"curies":[{"name":"wp","href":"https:\/\/api.w.org\/{rel}","templated":true}]}}