{"id":9324,"date":"2025-10-20T15:57:57","date_gmt":"2025-10-20T15:57:57","guid":{"rendered":"https:\/\/stayinn.travel\/product\/moorea-villa-maoe-pool-pmr-2\/"},"modified":"2026-04-16T10:34:55","modified_gmt":"2026-04-16T10:34:55","slug":"moorea-villa-maoe-pool-pmr-2","status":"publish","type":"product","link":"https:\/\/stayinn.travel\/de\/product\/moorea-villa-maoe-pool-pmr-2\/","title":{"rendered":"MOOREA &#8211; Villa Maoe Pool (PMR)"},"content":{"rendered":"<p>MOOREA &#8211; Villa Maoe Pool (PMR) <\/p>\n<p>EINE \u00d6KO-FREUNDLICHE VILLA, DIE F\u00dcR MENSCHEN MIT REDUZIERTER MOBILIT\u00c4T IN MOOREA ZUG\u00c4NGLICH IST!<\/p>\n<p>Buchen Sie f\u00fcr Ihren Urlaub oder Kurzurlaub eine \u00f6kologische und vom Architekten entworfene Villa mit privatem Pool und eingez\u00e4untem Garten, die bequem Platz f\u00fcr 9 Personen bietet.<br \/>\n<br \/>Dieser Ort ist ideal f\u00fcr Aufenthalte mit der Familie oder Freunden und bietet Ihnen Geselligkeit und Ruhe. Die Unterkunft befindet sich in Afareaitu auf der Bergseite in der N\u00e4he des F\u00e4hranlegers in einer ruhigen und famili\u00e4ren Gegend.<\/p>\n<p>Die Villa ist \u00f6kologisch und energieautark. Strom wird durch Photovoltaik-Module erzeugt, die unter dem Dach platziert sind, und Wasser wird durch Sonnenkollektoren und einen 300-l-Speichertank bereitgestellt. Dank seiner Leistung wurde es vollst\u00e4ndig an Menschen mit eingeschr\u00e4nkter Mobilit\u00e4t angepasst leicht praktikable Wege, die Zufahrtsrampe, die Wohnzimmer und die 2 ger\u00e4umigen Schlafzimmer.<\/p>\n<p>Das Anwesen besteht aus einem m\u00f6blierten, klimatisierten Wohnzimmer, das mit einem Ecksofa (umwandelbar in ein Einzelbett f\u00fcr den 9. Bewohner), Sesseln und einem Smart-TV mit Flachbildschirm ausgestattet ist. Eine voll ausgestattete K\u00fcche, um Ihre Mahlzeiten zuzubereiten und Ihre G\u00e4ste zu verw\u00f6hnen.<br \/>\n<br \/>Das Hauptschlafzimmer ist klimatisiert und verf\u00fcgt \u00fcber ein Kingsize-Bett, einen Schrank und einen Safe zur Aufbewahrung Ihrer Wertsachen. Das zweite Schlafzimmer ist mit einem Queen-Size-Bett und einem Schrank ausgestattet. Das klimatisierte Zwischengeschoss bietet Platz f\u00fcr 4 Personen. Es gibt 1 Queensize-Bett und 1 Doppelbett, 1 Aufbewahrungskiste und ein Regal f\u00fcr Ihre pers\u00f6nlichen Gegenst\u00e4nde.<br \/>\n<br \/>Das Badezimmer der Villa verf\u00fcgt \u00fcber 2 Waschtische, eine Toilette, eine Badewanne und eine ebenerdige Dusche. Eine zweite unabh\u00e4ngige Toilette mit Handwaschbecken ist vorhanden. Eine Waschmaschine steht Ihnen im Haus zur Verf\u00fcgung.<br \/>\n<br \/>Die Terrasse ist \u00fcberdacht und wird Ihr Lieblingsplatz f\u00fcr Ihre Aperitifs, Mahlzeiten oder sogar einen Moment zum Lesen oder Ausruhen sein. Tische, St\u00fchle und ein Sofa bieten diesen Ort, an dem Sie Ihre Kinder beim Schwimmen beobachten k\u00f6nnen.<br \/>\n<br \/>Der vollst\u00e4ndig geflieste Pool mit einem Bereich f\u00fcr kleine Kinder wird Jung und Alt begeistern. Ein Sonnenschirm und Liegest\u00fchle warten auf Sie! Jeder fr\u00fche Abend wird von einem bunten Lichtspiel belebt, bewundert und genie\u00dft diese Momente.<br \/>\n<br \/>Der Garten ist komplett eingez\u00e4unt, Ihre Kleinkinder sind in Sicherheit. Es gibt einen Unterschlupf f\u00fcr Ihr Fahrzeug.<\/p>\n<p>DAS NOTWENDIGSTE<br \/>\n<br \/>* Umweltfreundliche und energetisch autonome Villa im Einklang mit unserem Fenua<br \/>\n<br \/>* Angepasst an eine Person mit eingeschr\u00e4nkter Mobilit\u00e4t (PRM)<br \/>\n<br \/>* Privater Pool mit mehrfarbiger Lichtshow jeden fr\u00fchen Abend<br \/>\n<br \/>* Klimaanlage im gesamten Geb\u00e4ude mit ferngesteuertem Split-System<br \/>\n<br \/>* Qualit\u00e4tsausr\u00fcstung<br \/>\n<br \/>* Unbegrenztes Glasfaser-Internet<br \/>\n<br \/>* Smart TV mit Netflix<br \/>\n<br \/>*Grill<br \/>\n<br \/>* Leitungswasser trinken<br \/>\n<br \/>* Regelm\u00e4\u00dfige Wartung des Schwimmbades (Wasserkontrolle und Reinigung)<br \/>\n<br \/>* H\u00e4hne und H\u00fchner, gelegentliche Besucher des Gartens, sind Teil der Nachbarschaft und des Insellebens.<\/p>\n<p>Registrierungsnummer : 1417DTO-MT<\/p>\n","protected":false},"excerpt":{"rendered":"<p>MOOREA &#8211; Villa Maoe Pool (PMR) EINE \u00d6KO-FREUNDLICHE VILLA, DIE F\u00dcR MENSCHEN MIT REDUZIERTER MOBILIT\u00c4T IN MOOREA ZUG\u00c4NGLICH IST! Buchen Sie f\u00fcr Ihren Urlaub oder Kurzurlaub eine \u00f6kologische und vom Architekten entworfene Villa mit privatem Pool und eingez\u00e4untem Garten, die bequem Platz f\u00fcr 9 Personen bietet. Dieser Ort ist ideal f\u00fcr Aufenthalte mit der Familie [&hellip;]<\/p>\n","protected":false},"featured_media":9319,"comment_status":"open","ping_status":"closed","template":"","meta":{"inline_featured_image":false},"country":[],"product_brand":[],"product_cat":[213],"product_tag":[],"class_list":{"0":"post-9324","1":"product","2":"type-product","3":"status-publish","4":"has-post-thumbnail","6":"product_cat-unterkunfte","8":"first","9":"instock","10":"shipping-taxable","11":"purchasable","12":"product-type-simple"},"acf":[],"_links":{"self":[{"href":"https:\/\/stayinn.travel\/de\/wp-json\/wp\/v2\/product\/9324","targetHints":{"allow":["GET"]}}],"collection":[{"href":"https:\/\/stayinn.travel\/de\/wp-json\/wp\/v2\/product"}],"about":[{"href":"https:\/\/stayinn.travel\/de\/wp-json\/wp\/v2\/types\/product"}],"replies":[{"embeddable":true,"href":"https:\/\/stayinn.travel\/de\/wp-json\/wp\/v2\/comments?post=9324"}],"wp:featuredmedia":[{"embeddable":true,"href":"https:\/\/stayinn.travel\/de\/wp-json\/wp\/v2\/media\/9319"}],"wp:attachment":[{"href":"https:\/\/stayinn.travel\/de\/wp-json\/wp\/v2\/media?parent=9324"}],"wp:term":[{"taxonomy":"country","embeddable":true,"href":"https:\/\/stayinn.travel\/de\/wp-json\/wp\/v2\/country?post=9324"},{"taxonomy":"product_brand","embeddable":true,"href":"https:\/\/stayinn.travel\/de\/wp-json\/wp\/v2\/product_brand?post=9324"},{"taxonomy":"product_cat","embeddable":true,"href":"https:\/\/stayinn.travel\/de\/wp-json\/wp\/v2\/product_cat?post=9324"},{"taxonomy":"product_tag","embeddable":true,"href":"https:\/\/stayinn.travel\/de\/wp-json\/wp\/v2\/product_tag?post=9324"}],"curies":[{"name":"wp","href":"https:\/\/api.w.org\/{rel}","templated":true}]}}