{"id":9340,"date":"2025-10-20T15:57:57","date_gmt":"2025-10-20T15:57:57","guid":{"rendered":"https:\/\/stayinn.travel\/product\/tahiti-villa-zen-2\/"},"modified":"2026-04-16T10:35:38","modified_gmt":"2026-04-16T10:35:38","slug":"tahiti-villa-zen-2","status":"publish","type":"product","link":"https:\/\/stayinn.travel\/de\/product\/tahiti-villa-zen-2\/","title":{"rendered":"TAHITI &#8211; Villa Zen"},"content":{"rendered":"<p>Villa Zen &#8211; Ein Zufluchtsort der Ruhe in Pic Rouge, Papeete, Tahiti<\/p>\n<p>Willkommen in der Villa Zen, einem Refugium der Ruhe, eingebettet in den H\u00f6hen von Papeete, in Pic Rouge. Mit einem atemberaubenden Blick auf das Meer und die Berge ist diese Villa ideal f\u00fcr gro\u00dfe Gruppen oder Familien, die Komfort und Entspannung suchen.<\/p>\n<p>Eine ger\u00e4umige und voll ausgestattete Villa<br \/>\n<br \/>Entdecken Sie einen Raum, der gleichzeitig modern und gem\u00fctlich ist, konzipiert f\u00fcr Ihr Wohlbefinden:<\/p>\n<p>4 Schlafzimmer: drei mit Queen-Size-Betten und eines mit einem King-Size-Bett, alle sorgf\u00e4ltig eingerichtet f\u00fcr ruhige N\u00e4chte.<br \/>\n<br \/>2 Badezimmer ausgestattet mit Duschen, Handt\u00fccher inklusive, und einer Waschmaschine f\u00fcr einen sorgenlosen Aufenthalt.<br \/>\n<br \/>Eine voll ausgestattete offene K\u00fcche: K\u00fchlschrank, Ofen, Mikrowelle, Geschirrsp\u00fcler, Kaffeemaschine, Fritteuse, Zitrusspresse und vieles mehr, um Ihre Mahlzeiten ganz einfach zuzubereiten.<br \/>\n<br \/>Privater Au\u00dfenbereich: Tauchen Sie in den privaten Pool oder entspannen Sie sich auf der Holzterrasse und genie\u00dfen Sie die au\u00dfergew\u00f6hnliche Aussicht.<br \/>\n<br \/>Komfort und Annehmlichkeiten<br \/>\n<br \/>Die Villa Zen verbindet modernen Komfort und Praktikabilit\u00e4t:<\/p>\n<p>WLAN und Smart-TV f\u00fcr Ihre Unterhaltung.<br \/>\n<br \/>Privater Parkplatz mit Platz f\u00fcr 3 Fahrzeuge.<br \/>\n<br \/>Ein perfektes Ausflugsziel<\/p>\n<p>  Die Vorteile der Villa Zen:<\/p>\n<p>Vue panoramique sur la mer et la montagne.<br \/>\n<br \/>Piscine priv\u00e9e et grande terrasse id\u00e9ale pour se d\u00e9tendre.<br \/>\n<br \/>Maison spacieuse, parfaite pour des groupes jusqu&#8217;\u00e0 12 personnes (y compris le bungalow).<br \/>\n<br \/>Profitez d&#8217;un s\u00e9jour musical : un piano blanc est install\u00e9 dans la Villa Zen pour votre plaisir. Id\u00e9al pour les amateurs de musique !<\/p>\n<p>In der N\u00e4he<br \/>\n<br \/>Profitieren Sie von der idealen Lage der Villa, nur wenige Minuten von Einrichtungen und Touristenattraktionen entfernt:<br \/>\n<br \/>Gesch\u00e4fte: Champion Paofai (5 km), Carrefour Faa&#8217;a (5,3 km).<br \/>\n<br \/>Restaurants: Meherio Tahitian Bistro (5,7 km), Le Moana (7,5 km).<br \/>\n<br \/>Str\u00e4nde: Lafayette-Strand (13 km), Pointe V\u00e9nus (17,7 km).<br \/>\n<br \/>Touristenattraktionen: Paofai-Park (5,5 km), Vairai-Park (10,6 km).<\/p>\n<p>Hausregeln<br \/>\n<br \/>Rauchen im Innenbereich ist verboten.<br \/>\n<br \/>Tiere sind nicht erlaubt.<br \/>\n<br \/>Partys und Versammlungen sind strikt untersagt, um die Ruhe des Ortes zu bewahren.<br \/>\n<br \/>Bitte achten Sie auf dieses Klavier und verwenden Sie es w\u00e4hrend Ihres Aufenthalts mit Vorsicht.<\/p>\n<p>  Registrierungsnummer: 2924DTO-MT<\/p>\n","protected":false},"excerpt":{"rendered":"<p>Villa Zen &#8211; Ein Zufluchtsort der Ruhe in Pic Rouge, Papeete, Tahiti Willkommen in der Villa Zen, einem Refugium der Ruhe, eingebettet in den H\u00f6hen von Papeete, in Pic Rouge. Mit einem atemberaubenden Blick auf das Meer und die Berge ist diese Villa ideal f\u00fcr gro\u00dfe Gruppen oder Familien, die Komfort und Entspannung suchen. Eine [&hellip;]<\/p>\n","protected":false},"featured_media":9335,"comment_status":"open","ping_status":"closed","template":"","meta":{"inline_featured_image":false},"country":[],"product_brand":[],"product_cat":[213],"product_tag":[],"class_list":{"0":"post-9340","1":"product","2":"type-product","3":"status-publish","4":"has-post-thumbnail","6":"product_cat-unterkunfte","8":"first","9":"instock","10":"shipping-taxable","11":"purchasable","12":"product-type-simple"},"acf":[],"_links":{"self":[{"href":"https:\/\/stayinn.travel\/de\/wp-json\/wp\/v2\/product\/9340","targetHints":{"allow":["GET"]}}],"collection":[{"href":"https:\/\/stayinn.travel\/de\/wp-json\/wp\/v2\/product"}],"about":[{"href":"https:\/\/stayinn.travel\/de\/wp-json\/wp\/v2\/types\/product"}],"replies":[{"embeddable":true,"href":"https:\/\/stayinn.travel\/de\/wp-json\/wp\/v2\/comments?post=9340"}],"wp:featuredmedia":[{"embeddable":true,"href":"https:\/\/stayinn.travel\/de\/wp-json\/wp\/v2\/media\/9335"}],"wp:attachment":[{"href":"https:\/\/stayinn.travel\/de\/wp-json\/wp\/v2\/media?parent=9340"}],"wp:term":[{"taxonomy":"country","embeddable":true,"href":"https:\/\/stayinn.travel\/de\/wp-json\/wp\/v2\/country?post=9340"},{"taxonomy":"product_brand","embeddable":true,"href":"https:\/\/stayinn.travel\/de\/wp-json\/wp\/v2\/product_brand?post=9340"},{"taxonomy":"product_cat","embeddable":true,"href":"https:\/\/stayinn.travel\/de\/wp-json\/wp\/v2\/product_cat?post=9340"},{"taxonomy":"product_tag","embeddable":true,"href":"https:\/\/stayinn.travel\/de\/wp-json\/wp\/v2\/product_tag?post=9340"}],"curies":[{"name":"wp","href":"https:\/\/api.w.org\/{rel}","templated":true}]}}