{"id":9356,"date":"2025-10-20T15:57:57","date_gmt":"2025-10-20T15:57:57","guid":{"rendered":"https:\/\/stayinn.travel\/product\/moorea-fare-te-utuafare-2\/"},"modified":"2026-04-16T10:35:08","modified_gmt":"2026-04-16T10:35:08","slug":"moorea-fare-te-utuafare-2","status":"publish","type":"product","link":"https:\/\/stayinn.travel\/de\/product\/moorea-fare-te-utuafare-2\/","title":{"rendered":"MOOREA &#8211; Fare Te Utuafare"},"content":{"rendered":"<p>Moorea ist ein paradiesisches Reiseziel und ideal f\u00fcr Familienurlaube, Wassersport, Entspannung an wei\u00dfen Sandstr\u00e4nden, Wanderungen in den wilden Bergen oder einfach kulturelle Entdeckungen! Diese Insel wird Sie durch die Sch\u00f6nheit ihrer Landschaften, den Reichtum ihrer Lagune und die Freundlichkeit ihrer Bewohner in Erstaunen versetzen.<\/p>\n<p>Fare Te Utuafare ist ein Familienhaus, ideal f\u00fcr Gruppen und Familienfeiern mit einer Kapazit\u00e4t von 12 Personen (und mehr gegen Aufpreis).<\/p>\n<p>Die Unterkunft verf\u00fcgt \u00fcber einen sch\u00f6nen Au\u00dfenbereich mit B\u00e4umen und einem sch\u00f6nen Swimmingpool auf dem Holzdeck, der zum Entspannen in dieser gr\u00fcnen Umgebung einl\u00e4dt. Mehrere Bereiche mit Tischen und St\u00fchlen erm\u00f6glichen es Familien und Freunden, zusammenzukommen und unvergessliche Momente zu erleben.<\/p>\n<p>Am Eingang der Villa finden Sie eine gro\u00dfe, geschlossene Terrasse mit Sofas, einem Tisch und St\u00fchlen sowie 3 Einzelbetten. Ein Duschraum und eine Toilette befinden sich in der Kontinuit\u00e4t dieses Raumes mit einem kleinen Raum der Entspannung und einem Puff, um sich dem Lesen zu widmen. <\/p>\n<p>Von dieser Terrasse aus haben Sie Zugang zum Schwimmbad, seinen Liegest\u00fchlen und seinen Gartenm\u00f6beln unter der Pergola.<\/p>\n<p>Im Wohnzimmer des Hauses, ein Sofa, ein zus\u00e4tzliches Bett, Poufs k\u00f6nnen Sie Filmabende dank der gro\u00dfen Flachbild-TV zu verbringen. <\/p>\n<p>Die h\u00f6lzerne K\u00fcche ist offen zum Wohnzimmer und ist mit einem K\u00fchlschrank mit Gefrierfach, einem Ofen, einer Mikrowelle, einem Wasserkocher, einem Toaster und allen notwendigen K\u00fcchenutensilien ausgestattet. Ein Tisch mit St\u00fchlen erm\u00f6glicht es Ihnen, Ihre Mahlzeiten einzunehmen. Von der K\u00fcche aus haben Sie Zugang zum Innenhof des Hauses mit einem Garten und einer gro\u00dfen \u00fcberdachten Terrasse mit vielen Tischen und St\u00fchlen, um sich zu versammeln.<\/p>\n<p>Das Haus besteht aus 4 Schlafzimmern, die alle mit Ventilatoren ausgestattet sind:<\/p>\n<p>Das erste Zimmer befindet sich zwischen dem Wohnzimmer und der K\u00fcche und ist mit einem Queen-Size-Bett, einer Kommode zur Aufbewahrung Ihrer pers\u00f6nlichen Gegenst\u00e4nde und einem eigenen Zugang zum gr\u00fcnen Bad ausgestattet.<\/p>\n<p>Der Zugang zum Hauptschlafzimmer befindet sich rechts vom Wohnzimmer. Es hat ein Queen-Size-Bett, viel Stauraum und ein eigenes Duschbad mit gro\u00dfer Dusche, Waschbecken und Toilette. <\/p>\n<p>Die n\u00e4chsten beiden Schlafzimmer teilen sich ein Duschbad und eine Toilette und haben beide direkten Zugang zur Terrasse und zum Innengarten des Hauses. Sie sind beide mit Queen-Size-Betten ausgestattet und eines von ihnen hat einen Schreibtisch und einen Flachbildfernseher.<\/p>\n<p>Eine Waschk\u00fcche mit Waschmaschine steht Ihnen im Innenhof zur Verf\u00fcgung. <\/p>\n<p>Wir empfehlen Ihnen einen Mietwagen, um Ihre Unterkunft leichter zu erreichen, Ihre Eink\u00e4ufe zu erledigen und schlie\u00dflich in aller Ruhe die herrlichen Landschaften zu entdecken, die die Insel Moorea bietet.<\/p>\n<p>DAS WESENTLICHE :<br \/>\n<br \/>* Ger\u00e4umig<br \/>\n<br \/>* Schwimmbad<br \/>\n<br \/>* Internet wifi<br \/>\n<br \/>* N\u00e4he zu den Str\u00e4nden<\/p>\n<p>IN DER N\u00c4HE:<br \/>\n<br \/>* Supermarkt Tiahura &#8211; 100 m<br \/>\n<br \/>* Strand Tipaniers &#8211; 800 m<br \/>\n<br \/>* Tiki-Dorf &#8211; 6 km<br \/>\n<br \/>* Te Fare Natura &#8211; \u00d6komuseum &#8211; 7 km<br \/>\n<br \/>* Ta&#8217;ahiamanu Strand &#8211; 10 km<br \/>\n<br \/>* Super U Laden &#8211; 15 km<br \/>\n<br \/>* Temae Strand &#8211; 25 km<br \/>\n<br \/>* F\u00e4hranleger &#8211; 30 km<\/p>\n<p>Alle Reservierungen unterliegen der vollst\u00e4ndigen Annahme unserer Verkaufsbedingungen, die Sie auf unserer Website Stayinn.Vacations einsehen k\u00f6nnen, indem Sie auf die Verkaufsbedingungen klicken.<\/p>\n<p>Zulassungsnummer: 1528DT0-MT<\/p>\n","protected":false},"excerpt":{"rendered":"<p>Moorea ist ein paradiesisches Reiseziel und ideal f\u00fcr Familienurlaube, Wassersport, Entspannung an wei\u00dfen Sandstr\u00e4nden, Wanderungen in den wilden Bergen oder einfach kulturelle Entdeckungen! Diese Insel wird Sie durch die Sch\u00f6nheit ihrer Landschaften, den Reichtum ihrer Lagune und die Freundlichkeit ihrer Bewohner in Erstaunen versetzen. Fare Te Utuafare ist ein Familienhaus, ideal f\u00fcr Gruppen und Familienfeiern [&hellip;]<\/p>\n","protected":false},"featured_media":9351,"comment_status":"open","ping_status":"closed","template":"","meta":{"inline_featured_image":false},"country":[],"product_brand":[],"product_cat":[213],"product_tag":[],"class_list":{"0":"post-9356","1":"product","2":"type-product","3":"status-publish","4":"has-post-thumbnail","6":"product_cat-unterkunfte","8":"first","9":"instock","10":"shipping-taxable","11":"purchasable","12":"product-type-simple"},"acf":[],"_links":{"self":[{"href":"https:\/\/stayinn.travel\/de\/wp-json\/wp\/v2\/product\/9356","targetHints":{"allow":["GET"]}}],"collection":[{"href":"https:\/\/stayinn.travel\/de\/wp-json\/wp\/v2\/product"}],"about":[{"href":"https:\/\/stayinn.travel\/de\/wp-json\/wp\/v2\/types\/product"}],"replies":[{"embeddable":true,"href":"https:\/\/stayinn.travel\/de\/wp-json\/wp\/v2\/comments?post=9356"}],"wp:featuredmedia":[{"embeddable":true,"href":"https:\/\/stayinn.travel\/de\/wp-json\/wp\/v2\/media\/9351"}],"wp:attachment":[{"href":"https:\/\/stayinn.travel\/de\/wp-json\/wp\/v2\/media?parent=9356"}],"wp:term":[{"taxonomy":"country","embeddable":true,"href":"https:\/\/stayinn.travel\/de\/wp-json\/wp\/v2\/country?post=9356"},{"taxonomy":"product_brand","embeddable":true,"href":"https:\/\/stayinn.travel\/de\/wp-json\/wp\/v2\/product_brand?post=9356"},{"taxonomy":"product_cat","embeddable":true,"href":"https:\/\/stayinn.travel\/de\/wp-json\/wp\/v2\/product_cat?post=9356"},{"taxonomy":"product_tag","embeddable":true,"href":"https:\/\/stayinn.travel\/de\/wp-json\/wp\/v2\/product_tag?post=9356"}],"curies":[{"name":"wp","href":"https:\/\/api.w.org\/{rel}","templated":true}]}}