{"id":9372,"date":"2025-10-20T15:57:57","date_gmt":"2025-10-20T15:57:57","guid":{"rendered":"https:\/\/stayinn.travel\/product\/tahiti-sannys-place-family-room-pool-2\/"},"modified":"2026-04-16T10:34:50","modified_gmt":"2026-04-16T10:34:50","slug":"tahiti-sannys-place-family-room-pool-2","status":"publish","type":"product","link":"https:\/\/stayinn.travel\/de\/product\/tahiti-sannys-place-family-room-pool-2\/","title":{"rendered":"TAHITI &#8211; Sanny&#8217;s Place Family Room &#038; Pool"},"content":{"rendered":"<p>TAHITI \u2013 Sanny\u2019s Place Family Room &#038; Pool<\/p>\n<p>Ideal f\u00fcr einen Familien- oder Berufsaufenthalt an der Westk\u00fcste von Tahiti. Willkommen bei Sanny&#8217;s Place! <\/p>\n<p>Ihre Unterkunft befindet sich nur 10 Minuten vom Flughafen Tahiti entfernt. Der Zugang ist einfach (ohne in die H\u00f6hen der Insel zu steigen).<br \/>\n<br \/>Der Stadtteil Punauuia ist angenehm und begehrt wegen seiner N\u00e4he zur Hauptstadt Papeete, dem einzigen wei\u00dfen Sandstrand Vaiava in PK 18, den besten Restaurants, touristischen Aktivit\u00e4ten und Einkaufszentren. Ein Auto wird weiterhin empfohlen, um die Insel und die Sehensw\u00fcrdigkeiten (Str\u00e4nde, Papeete-Markt, historische, kulturelle St\u00e4tten &#8230;) zu besuchen.<\/p>\n<p>Das Sanny&#8217;s Place bietet ein ger\u00e4umiges, klimatisiertes Familienzimmer mit unabh\u00e4ngigem Zugang vom Pool aus. Es besteht aus einem Kingsize-Bett, einem Doppelbett und einem Abstellraum. Ein Fernseher und ein B\u00fcroraum stehen zu Ihrer Verf\u00fcgung. Au\u00dferdem finden Sie einen K\u00fchlschrank und ein eigenes Bad mit Dusche, Waschbecken und Toilette.<\/p>\n<p>Der Zugang zum Swimmingpool der Unterkunft ist f\u00fcr alle Reisenden, die im Sanny&#8217;s Place \u00fcbernachten, kostenlos. Sie k\u00f6nnen auch den Grill und die K\u00fcche nutzen, die mit Reisenden des 2. Schlafzimmers geteilt werden, auch in Ferienwohnungen. Eine Waschmaschine ist ebenfalls vorhanden.<br \/>\n<br \/>F\u00fcr 1 Fahrzeug steht ein Parkplatz zur Verf\u00fcgung. Das Internet ist WiFi und kostenlos f\u00fcr alle Reisenden.<\/p>\n<p>Ein Aufenthalt bei Sanny&#8217;s Place ist die Gewissheit, in der N\u00e4he der besten Restaurants, des sch\u00f6nsten Strandes an der Westk\u00fcste (Plage Vaiava PK 18) und in der N\u00e4he der Gesch\u00e4fte und Aktivit\u00e4ten von Tahiti zu sein.<\/p>\n<p>In der N\u00e4he Ihrer Unterkunft an der Westk\u00fcste der Insel finden Sie:<br \/>\n<br \/>&#8211; Wochenendladen, Puna&#8217;auia 750 Meter<br \/>\n<br \/>&#8211; LS PROXI Punaauia, Puna&#8217;auia bei 1,9 km<br \/>\n<br \/>&#8211; Carrefour Punaauia Moana Nui Einkaufszentrum bei 5,9 km<br \/>\n<br \/>&#8211; Blue Banana Restaurant 350 Meter entfernt<br \/>\n<br \/>&#8211; Captain Bligh Bar und Restaurant 500 Meter entfernt<br \/>\n<br \/>&#8211; Restaurant Le Red 1,9 km<br \/>\n<br \/>&#8211; Le Coco&#8217;s Restaurant in 2 km Entfernung<br \/>\n<br \/>&#8211; Vaiava Beach bei PK 18 bei 8,2 km<br \/>\n<br \/>&#8211; Tahiti La Plage bei 2,1 km<br \/>\n<br \/>&#8211; Museum von Tahiti und den Inseln 5,6 km entfernt<br \/>\n<br \/>&#8211; Museumsstrand bei 5,7 km<br \/>\n<br \/>&#8211; Mahana Park bei 7,4 km<br \/>\n<br \/>&#8211; Die Marae Arahurahu von Paea bei 13 km<br \/>\n<br \/>&#8211; Die H\u00f6hlen von Maraa in Paea bei 18,8 km<\/p>\n<p>Alle Reservierungen unterliegen der uneingeschr\u00e4nkten Annahme unserer allgemeinen Verkaufsbedingungen, die auf unserer Stayinn.Vacations-Website durch Klicken auf die Allgemeinen Gesch\u00e4ftsbedingungen angezeigt werden.<\/p>\n<p>Registrierungsnummer: 909DTO-MT<\/p>\n<p>* Geh\u00e4use, das nicht f\u00fcr eine Quarant\u00e4ne in Frage kommt.<\/p>\n","protected":false},"excerpt":{"rendered":"<p>TAHITI \u2013 Sanny\u2019s Place Family Room &#038; Pool Ideal f\u00fcr einen Familien- oder Berufsaufenthalt an der Westk\u00fcste von Tahiti. Willkommen bei Sanny&#8217;s Place! Ihre Unterkunft befindet sich nur 10 Minuten vom Flughafen Tahiti entfernt. Der Zugang ist einfach (ohne in die H\u00f6hen der Insel zu steigen). Der Stadtteil Punauuia ist angenehm und begehrt wegen seiner [&hellip;]<\/p>\n","protected":false},"featured_media":9367,"comment_status":"open","ping_status":"closed","template":"","meta":{"inline_featured_image":false},"country":[],"product_brand":[],"product_cat":[213],"product_tag":[],"class_list":{"0":"post-9372","1":"product","2":"type-product","3":"status-publish","4":"has-post-thumbnail","6":"product_cat-unterkunfte","8":"first","9":"instock","10":"shipping-taxable","11":"purchasable","12":"product-type-simple"},"acf":[],"_links":{"self":[{"href":"https:\/\/stayinn.travel\/de\/wp-json\/wp\/v2\/product\/9372","targetHints":{"allow":["GET"]}}],"collection":[{"href":"https:\/\/stayinn.travel\/de\/wp-json\/wp\/v2\/product"}],"about":[{"href":"https:\/\/stayinn.travel\/de\/wp-json\/wp\/v2\/types\/product"}],"replies":[{"embeddable":true,"href":"https:\/\/stayinn.travel\/de\/wp-json\/wp\/v2\/comments?post=9372"}],"wp:featuredmedia":[{"embeddable":true,"href":"https:\/\/stayinn.travel\/de\/wp-json\/wp\/v2\/media\/9367"}],"wp:attachment":[{"href":"https:\/\/stayinn.travel\/de\/wp-json\/wp\/v2\/media?parent=9372"}],"wp:term":[{"taxonomy":"country","embeddable":true,"href":"https:\/\/stayinn.travel\/de\/wp-json\/wp\/v2\/country?post=9372"},{"taxonomy":"product_brand","embeddable":true,"href":"https:\/\/stayinn.travel\/de\/wp-json\/wp\/v2\/product_brand?post=9372"},{"taxonomy":"product_cat","embeddable":true,"href":"https:\/\/stayinn.travel\/de\/wp-json\/wp\/v2\/product_cat?post=9372"},{"taxonomy":"product_tag","embeddable":true,"href":"https:\/\/stayinn.travel\/de\/wp-json\/wp\/v2\/product_tag?post=9372"}],"curies":[{"name":"wp","href":"https:\/\/api.w.org\/{rel}","templated":true}]}}