{"id":9380,"date":"2025-10-20T15:57:57","date_gmt":"2025-10-20T15:57:57","guid":{"rendered":"https:\/\/stayinn.travel\/product\/tahiti-iti-bungalow-rahiti-2\/"},"modified":"2026-04-16T10:35:42","modified_gmt":"2026-04-16T10:35:42","slug":"tahiti-iti-bungalow-rahiti-2","status":"publish","type":"product","link":"https:\/\/stayinn.travel\/de\/product\/tahiti-iti-bungalow-rahiti-2\/","title":{"rendered":"TAHITI ITI &#8211; Bungalow Rahiti"},"content":{"rendered":"<p>BUNGALOW RAHITI &#8211; TEAHUPOO<\/p>\n<p>(Note: This appears to be a proper name or location, so it remains unchanged in the German translation)<\/p>\n<p>Entfliehen Sie nach Teahupo&#8217;o in diesem klimatisierten 42 m\u00b2 Studio, das ein Queen-Size-Bett und ein Schlafsofa bietet. Genie\u00dfen Sie ein modernes Badezimmer, eine voll ausgestattete K\u00fcche und eine \u00fcberdachte Terrasse mit Blick aufs Meer. Parkplatz, TV, Glasfaserinternet, Bettw\u00e4sche, Waschmaschine und Grill inklusive.<\/p>\n<p>Der Bungalow RAHITI ist weit mehr als nur eine Unterkunft \u2013 er ist der ideale Ausgangspunkt, um die Sch\u00f6nheit von Teahupo&#8217;o zu entdecken, w\u00e4hrend Sie einen ruhigen, komfortablen und unvergesslichen Aufenthalt genie\u00dfen. Kommen Sie und erleben Sie einen magischen Moment!<\/p>\n<p>Das werden Sie lieben:<\/p>\n<p>-Blick auf den Ozean: Ein sanftes Erwachen mit dem Ger\u00e4usch der Wellen und einem magischen Sonnenuntergang.<br \/>\n<br \/>-Privater Parkplatz: F\u00fcr Ihre Ruhe umfasst jeder Aufenthalt einen reservierten Parkplatz.<br \/>\n<br \/>-WLAN Hochgeschwindigkeit: um verbunden zu bleiben oder Ihre Abenteuer ohne Sorgen zu planen.<br \/>\n<br \/>-Au\u00dfenbereich: eine Terrasse zum Genie\u00dfen eines Barbecues mit Blick aufs Meer.<\/p>\n<p>Enthaltene Ausr\u00fcstung:<\/p>\n<p>-Ausgestattete K\u00fcche: Mikrowelle, K\u00fchlschrank, Reiskocher, Toaster und alles N\u00f6tige, um Ihre kleinen Gerichte zuzubereiten.<br \/>\n<br \/>-Bettw\u00e4sche gestellt: Bettt\u00fccher und Handt\u00fccher inklusive f\u00fcr maximalen Komfort.<br \/>\n<br \/>Waschmaschine: praktisch, um Ihren Aufenthalt ohne Sorgen zu verl\u00e4ngern.<br \/>\n<br \/>-Unterhaltung: TV mit Antenne f\u00fcr gem\u00fctliche Abende.<br \/>\n<br \/>-Klimaanlage: f\u00fcr eine ideale Temperatur<\/p>\n<p>Jede Buchung unterliegt zwingend der uneingeschr\u00e4nkten Annahme unserer Allgemeinen Gesch\u00e4ftsbedingungen, die auf unserer Website Stayinn.Vacations durch Klicken auf die Allgemeinen Gesch\u00e4ftsbedingungen einzusehen sind.<\/p>\n<p>3802DTO-MT<\/p>\n<p>(Note: This appears to be a technical code or identifier, which typically remains the same across languages)<\/p>\n","protected":false},"excerpt":{"rendered":"<p>BUNGALOW RAHITI &#8211; TEAHUPOO (Note: This appears to be a proper name or location, so it remains unchanged in the German translation) Entfliehen Sie nach Teahupo&#8217;o in diesem klimatisierten 42 m\u00b2 Studio, das ein Queen-Size-Bett und ein Schlafsofa bietet. Genie\u00dfen Sie ein modernes Badezimmer, eine voll ausgestattete K\u00fcche und eine \u00fcberdachte Terrasse mit Blick aufs [&hellip;]<\/p>\n","protected":false},"featured_media":9375,"comment_status":"open","ping_status":"closed","template":"","meta":{"inline_featured_image":false},"country":[],"product_brand":[],"product_cat":[213],"product_tag":[],"class_list":{"0":"post-9380","1":"product","2":"type-product","3":"status-publish","4":"has-post-thumbnail","6":"product_cat-unterkunfte","8":"first","9":"instock","10":"shipping-taxable","11":"purchasable","12":"product-type-simple"},"acf":[],"_links":{"self":[{"href":"https:\/\/stayinn.travel\/de\/wp-json\/wp\/v2\/product\/9380","targetHints":{"allow":["GET"]}}],"collection":[{"href":"https:\/\/stayinn.travel\/de\/wp-json\/wp\/v2\/product"}],"about":[{"href":"https:\/\/stayinn.travel\/de\/wp-json\/wp\/v2\/types\/product"}],"replies":[{"embeddable":true,"href":"https:\/\/stayinn.travel\/de\/wp-json\/wp\/v2\/comments?post=9380"}],"wp:featuredmedia":[{"embeddable":true,"href":"https:\/\/stayinn.travel\/de\/wp-json\/wp\/v2\/media\/9375"}],"wp:attachment":[{"href":"https:\/\/stayinn.travel\/de\/wp-json\/wp\/v2\/media?parent=9380"}],"wp:term":[{"taxonomy":"country","embeddable":true,"href":"https:\/\/stayinn.travel\/de\/wp-json\/wp\/v2\/country?post=9380"},{"taxonomy":"product_brand","embeddable":true,"href":"https:\/\/stayinn.travel\/de\/wp-json\/wp\/v2\/product_brand?post=9380"},{"taxonomy":"product_cat","embeddable":true,"href":"https:\/\/stayinn.travel\/de\/wp-json\/wp\/v2\/product_cat?post=9380"},{"taxonomy":"product_tag","embeddable":true,"href":"https:\/\/stayinn.travel\/de\/wp-json\/wp\/v2\/product_tag?post=9380"}],"curies":[{"name":"wp","href":"https:\/\/api.w.org\/{rel}","templated":true}]}}