{"id":9396,"date":"2025-10-20T15:57:57","date_gmt":"2025-10-20T15:57:57","guid":{"rendered":"https:\/\/stayinn.travel\/product\/tahiti-studio-manomano-maoti-2\/"},"modified":"2026-04-16T10:36:29","modified_gmt":"2026-04-16T10:36:29","slug":"tahiti-studio-manomano-maoti-2","status":"publish","type":"product","link":"https:\/\/stayinn.travel\/de\/product\/tahiti-studio-manomano-maoti-2\/","title":{"rendered":"TAHITI &#8211; Studio ManoMano Maoti"},"content":{"rendered":"<p>TAHITI &#8211; Studio Manomano Maoti<br \/>\n<br \/>Gelegen an der Westk\u00fcste von Tahiti, in Papara, bietet Ihnen das Studio Manomano Maoti einen privilegierten Rahmen direkt am Strand, im Herzen eines ruhigen und gr\u00fcnen Familiengrundst\u00fccks. Sie werden einen fast privaten Zugang zum wei\u00dfen Sand und einer au\u00dfergew\u00f6hnlichen Lagune genie\u00dfen, ideal zum Entspannen, Schnorcheln oder f\u00fcr einen Kayak-Ausflug.<\/p>\n<p>Mit seinen 45 m\u00b2 Wohnfl\u00e4che erm\u00f6glicht das klimatisierte Studio bis zu 4 Personen Unterkunft dank seiner Schlafgelegenheiten in der Galerie<\/p>\n<p>Das Studio zur Gartenseite besteht aus einer ausgestatteten K\u00fcche (Gaskochfeld, K\u00fchlschrank, Wasserkocher, Kaffeemaschine und Toaster), einem Esszimmer und einer Terrasse, die zum Garten hin ge\u00f6ffnet ist.<\/p>\n<p>Der Aufenthalt umfasst 2 Einzelbetten mit der M\u00f6glichkeit, sie zusammenzustellen, und 1 Queen-Size-Bett auf der Empore.<\/p>\n<p>Das Badezimmer ist mit allem Notwendigen ausgestattet (Duschgel \/ Shampoos) und die Bettw\u00e4sche wird alle 3 Tage gewechselt.<\/p>\n<p>Auf Anfrage k\u00f6nnen wir Ihnen kostenlos ein Reisebett, einen Haartrockner und eine Mikrowelle zur Verf\u00fcgung stellen. Ein W\u00e4schereiservice ist ebenfalls gegen Aufpreis erh\u00e4ltlich. Es besteht die M\u00f6glichkeit, zus\u00e4tzliche Matratzen hinzuzuf\u00fcgen (1.500 XPF pro Person), die direkt vor Ort bezahlt werden.<\/p>\n<p>In der N\u00e4he der Lodge (zu Fu\u00df -100 m)<br \/>\n<br \/>Marae Mahaeatea der Lodge<br \/>\n<br \/>Strand von Taharuu und Flussbaden<br \/>\n<br \/>Laden LS PROXI TAHARUU<br \/>\n<br \/>Snack BEACH BURGER<br \/>\n<br \/>Pizzeria La Ventienne<\/p>\n<p>Die Essentials:<br \/>\n<br \/>Fr\u00fchst\u00fcck + Abendessen auf Anfrage vor Ort m\u00f6glich<br \/>\n<br \/>Hausreinigung alle 3 Tage bei l\u00e4ngeren Aufenthalten<br \/>\n<br \/>Kostenloses unbegrenztes WLAN<br \/>\n<br \/>In der N\u00e4he des Surf-Spots Taharuu<br \/>\n<br \/>Vermietung von Wassersportausr\u00fcstung (Paddleboard, Kajaks, Surfbrett)<br \/>\n<br \/>Schnorchelspot direkt gegen\u00fcber<\/p>\n<p>Die Veranstaltungen oder andere Feste sind im Bungalow untersagt<br \/>\n<br \/>Eine Kaution wird f\u00fcr jede Zahlung in bar, per \u00dcberweisung oder Scheck verlangt. Diese wird nicht eingezogen und Ihnen bei der Abreise in der Agentur STAYINN VACATIONS zur\u00fcckerstattet<br \/>\n<br \/>Jede Buchung unterliegt obligatorisch der uneingeschr\u00e4nkten Akzeptanz unserer Allgemeinen Gesch\u00e4ftsbedingungen, die auf unserer Website Stayinn.Vacations durch Klicken auf die Allgemeinen Gesch\u00e4ftsbedingungen sichtbar sind.<\/p>\n","protected":false},"excerpt":{"rendered":"<p>TAHITI &#8211; Studio Manomano Maoti Gelegen an der Westk\u00fcste von Tahiti, in Papara, bietet Ihnen das Studio Manomano Maoti einen privilegierten Rahmen direkt am Strand, im Herzen eines ruhigen und gr\u00fcnen Familiengrundst\u00fccks. Sie werden einen fast privaten Zugang zum wei\u00dfen Sand und einer au\u00dfergew\u00f6hnlichen Lagune genie\u00dfen, ideal zum Entspannen, Schnorcheln oder f\u00fcr einen Kayak-Ausflug. Mit [&hellip;]<\/p>\n","protected":false},"featured_media":9391,"comment_status":"open","ping_status":"closed","template":"","meta":{"inline_featured_image":false},"country":[],"product_brand":[],"product_cat":[213],"product_tag":[],"class_list":{"0":"post-9396","1":"product","2":"type-product","3":"status-publish","4":"has-post-thumbnail","6":"product_cat-unterkunfte","8":"first","9":"instock","10":"shipping-taxable","11":"purchasable","12":"product-type-simple"},"acf":[],"_links":{"self":[{"href":"https:\/\/stayinn.travel\/de\/wp-json\/wp\/v2\/product\/9396","targetHints":{"allow":["GET"]}}],"collection":[{"href":"https:\/\/stayinn.travel\/de\/wp-json\/wp\/v2\/product"}],"about":[{"href":"https:\/\/stayinn.travel\/de\/wp-json\/wp\/v2\/types\/product"}],"replies":[{"embeddable":true,"href":"https:\/\/stayinn.travel\/de\/wp-json\/wp\/v2\/comments?post=9396"}],"wp:featuredmedia":[{"embeddable":true,"href":"https:\/\/stayinn.travel\/de\/wp-json\/wp\/v2\/media\/9391"}],"wp:attachment":[{"href":"https:\/\/stayinn.travel\/de\/wp-json\/wp\/v2\/media?parent=9396"}],"wp:term":[{"taxonomy":"country","embeddable":true,"href":"https:\/\/stayinn.travel\/de\/wp-json\/wp\/v2\/country?post=9396"},{"taxonomy":"product_brand","embeddable":true,"href":"https:\/\/stayinn.travel\/de\/wp-json\/wp\/v2\/product_brand?post=9396"},{"taxonomy":"product_cat","embeddable":true,"href":"https:\/\/stayinn.travel\/de\/wp-json\/wp\/v2\/product_cat?post=9396"},{"taxonomy":"product_tag","embeddable":true,"href":"https:\/\/stayinn.travel\/de\/wp-json\/wp\/v2\/product_tag?post=9396"}],"curies":[{"name":"wp","href":"https:\/\/api.w.org\/{rel}","templated":true}]}}