{"id":9460,"date":"2025-10-20T15:57:58","date_gmt":"2025-10-20T15:57:58","guid":{"rendered":"https:\/\/stayinn.travel\/product\/fakarava-beach-houses-2-2\/"},"modified":"2026-04-16T10:36:21","modified_gmt":"2026-04-16T10:36:21","slug":"fakarava-beach-houses-2-2","status":"publish","type":"product","link":"https:\/\/stayinn.travel\/de\/product\/fakarava-beach-houses-2-2\/","title":{"rendered":"FAKARAVA &#8211;  Beach Houses Piti"},"content":{"rendered":"<p>Hallo und Willkommen! Willkommen im Beach House 2, einem modernen Bungalow, der in einem Kokosnusshain eingebettet ist, nur wenige Schritte vom t\u00fcrkisfarbenen Lagune von Fakarava entfernt. Konzipiert f\u00fcr Paare, bietet es einen ruhigen und intimen Rahmen, perfekt um sich im polynesischen Rhythmus zu erholen.<\/p>\n<p>Die Unterkunft beherbergt bis zu zwei Personen und verf\u00fcgt \u00fcber einen offenen Wohnbereich mit einem komfortablen Doppelbett. Das Badezimmer im Inneren, ausgestattet mit Warmwasser, wird durch eine Au\u00dfendusche erg\u00e4nzt, die ideal ist, um sich nach dem Strand zu erfrischen. Die ausgestattete K\u00fcche erm\u00f6glicht es Ihnen, Ihre Mahlzeiten v\u00f6llig selbstst\u00e4ndig zuzubereiten, w\u00e4hrend die kleine \u00fcberdachte Terrasse perfekt ist, um einen Kaffee zu genie\u00dfen oder einfach die Sanftheit der Abende zu erleben. Sie profitieren auch von WLAN direkt im Bungalow sowie von einer Waschmaschine und einer W\u00e4scheleine f\u00fcr mehr Komfort.<\/p>\n<p>Vor Ort ist ein Snack mittags ge\u00f6ffnet, und eine benachbarte Pension bietet Fr\u00fchst\u00fcck und Abendessen an, die nach Reservierung verf\u00fcgbar sind. F\u00fcr Ihre Fortbewegung k\u00f6nnen Sie direkt vor Ort Roller mieten, praktisch zum Erkunden der Insel in Ihrem eigenen Tempo. Schlie\u00dflich ist der Strand nur wenige Schritte entfernt, mit kostenlosen Kayaks zur Verf\u00fcgung, um die einzigartigen Farben der Lagune zu entdecken.<br \/>\n<br \/>Eine Empfangszone ist verf\u00fcgbar, wenn Sie au\u00dferhalb der Check-in-\/Check-out-Zeiten ankommen oder abreisen.<\/p>\n<p>Die Wesentlichen:<\/p>\n<p>Ideal f\u00fcr ein Paar (max. 2 Pers.)<\/p>\n<p>Moderne Dekoration, Kokosnusspalmen-Atmosph\u00e4re<\/p>\n<p>Badezimmer innen + Dusche au\u00dfen<\/p>\n<p>Einbauk\u00fcche und \u00fcberdachte Terrasse<\/p>\n<p>Kostenlose Kajaks, Snack und Pension in der N\u00e4he<\/p>\n<p>M\u00f6glichkeit zur Miete von Rollern vor Ort<\/p>\n<p>Die Taxitransfers k\u00f6nnen im Voraus von der Eigent\u00fcmerin organisiert werden. Es gen\u00fcgt, Ihre Flugzeiten im Voraus mitzuteilen. Der Tarif betr\u00e4gt 1500 XPF pro Person und Strecke, zahlbar in bar vor Ort.<\/p>\n<p>Die Feste und Versammlungen sind im Wohnraum strikt verboten.<\/p>\n<p>Jede Buchung unterliegt unbedingt der uneingeschr\u00e4nkten Annahme unserer Allgemeinen Gesch\u00e4ftsbedingungen, die auf unserer Website Stayinn.Vacations durch Klicken auf Allgemeine Gesch\u00e4ftsbedingungen sichtbar sind.<\/p>\n<p>Registrierungsnummer: 1538DTO-MT<\/p>\n","protected":false},"excerpt":{"rendered":"<p>Hallo und Willkommen! Willkommen im Beach House 2, einem modernen Bungalow, der in einem Kokosnusshain eingebettet ist, nur wenige Schritte vom t\u00fcrkisfarbenen Lagune von Fakarava entfernt. Konzipiert f\u00fcr Paare, bietet es einen ruhigen und intimen Rahmen, perfekt um sich im polynesischen Rhythmus zu erholen. Die Unterkunft beherbergt bis zu zwei Personen und verf\u00fcgt \u00fcber einen [&hellip;]<\/p>\n","protected":false},"featured_media":9455,"comment_status":"open","ping_status":"closed","template":"","meta":{"inline_featured_image":false},"country":[],"product_brand":[],"product_cat":[213],"product_tag":[],"class_list":{"0":"post-9460","1":"product","2":"type-product","3":"status-publish","4":"has-post-thumbnail","6":"product_cat-unterkunfte","8":"first","9":"instock","10":"shipping-taxable","11":"purchasable","12":"product-type-simple"},"acf":[],"_links":{"self":[{"href":"https:\/\/stayinn.travel\/de\/wp-json\/wp\/v2\/product\/9460","targetHints":{"allow":["GET"]}}],"collection":[{"href":"https:\/\/stayinn.travel\/de\/wp-json\/wp\/v2\/product"}],"about":[{"href":"https:\/\/stayinn.travel\/de\/wp-json\/wp\/v2\/types\/product"}],"replies":[{"embeddable":true,"href":"https:\/\/stayinn.travel\/de\/wp-json\/wp\/v2\/comments?post=9460"}],"wp:featuredmedia":[{"embeddable":true,"href":"https:\/\/stayinn.travel\/de\/wp-json\/wp\/v2\/media\/9455"}],"wp:attachment":[{"href":"https:\/\/stayinn.travel\/de\/wp-json\/wp\/v2\/media?parent=9460"}],"wp:term":[{"taxonomy":"country","embeddable":true,"href":"https:\/\/stayinn.travel\/de\/wp-json\/wp\/v2\/country?post=9460"},{"taxonomy":"product_brand","embeddable":true,"href":"https:\/\/stayinn.travel\/de\/wp-json\/wp\/v2\/product_brand?post=9460"},{"taxonomy":"product_cat","embeddable":true,"href":"https:\/\/stayinn.travel\/de\/wp-json\/wp\/v2\/product_cat?post=9460"},{"taxonomy":"product_tag","embeddable":true,"href":"https:\/\/stayinn.travel\/de\/wp-json\/wp\/v2\/product_tag?post=9460"}],"curies":[{"name":"wp","href":"https:\/\/api.w.org\/{rel}","templated":true}]}}