{"id":9492,"date":"2025-10-20T15:57:58","date_gmt":"2025-10-20T15:57:58","guid":{"rendered":"https:\/\/stayinn.travel\/product\/huahine-fish-lodge-2\/"},"modified":"2026-04-16T10:35:52","modified_gmt":"2026-04-16T10:35:52","slug":"huahine-fish-lodge-2","status":"publish","type":"product","link":"https:\/\/stayinn.travel\/de\/product\/huahine-fish-lodge-2\/","title":{"rendered":"HUAHINE-FISH LODGE"},"content":{"rendered":"<p>Willkommen in Huahine, auf den H\u00f6hen von Maroe, in einem friedlichen Rahmen zwischen Lagune und Gr\u00fcn. Der Bungalow Fish Lodge l\u00e4dt Sie ein, eine authentische Erfahrung zu erleben, die modernen Komfort und polynesischen Charme im Herzen eines \u00fcppigen Gartens vereint.<\/p>\n<p>F\u00fcr maximal 2 Personen konzipiert, bietet dieser Studio-Bungalow einen klimatisierten Offenraum mit Doppelbett, Schlafbereich und Essecke sowie ein privates Badezimmer. Eine ausgestattete K\u00fcchenzeile (Mikrowelle, Geschirr, Utensilien) steht f\u00fcr mehr Selbstst\u00e4ndigkeit zur Verf\u00fcgung. WLAN, Bettw\u00e4sche und Handt\u00fccher sind inklusive.<\/p>\n<p>Jeden Morgen wird ein vollst\u00e4ndiges Fr\u00fchst\u00fcck serviert. Bei Ihrer Ankunft werden Sie mit einer traditionellen Blumengirlande begr\u00fc\u00dft, ein Symbol der polynesischen Gastfreundschaft. Fahrr\u00e4der stehen zur Verf\u00fcgung, um die Insel in v\u00f6lliger Freiheit zu erkunden. Eine Waschmaschine und ein Trockner k\u00f6nnen zus\u00e4tzlich genutzt werden, und es besteht die M\u00f6glichkeit, ein Hausessen mit lokalen Produkten zu reservieren (12 Stunden im Voraus zu bestellen).<\/p>\n<p>Der Standort ist ideal, um Ruhe zu genie\u00dfen und gleichzeitig in der N\u00e4he von Annehmlichkeiten zu bleiben: Das Hauptdorf mit seinem lokalen Markt, Gesch\u00e4ften und mehreren traditionellen Restaurants befindet sich etwa 15 Autominuten entfernt. Die Vanilleplantagen sind ebenfalls in der N\u00e4he zug\u00e4nglich.<\/p>\n<p>\u26a0\ufe0f Ein kostenpflichtiger Transferservice ist zus\u00e4tzlich verf\u00fcgbar und muss zum Zeitpunkt der Buchung Ihres Aufenthalts reserviert werden.<\/p>\n<p>\u2728 Zwischen Lagune und Gr\u00fcn ist der Bungalow Fish Lodge die ideale Adresse f\u00fcr einen friedlichen und authentischen Ausflug auf Huahine.<\/p>\n<p>St\u00e4rken der Unterkunft<\/p>\n<p>Bungalow-Typ-Studio f\u00fcr maximal 2 Personen<\/p>\n<p>Klimatisierter offener Raum mit Doppelbett und Essecke<\/p>\n<p>Privates Badezimmer, ausgestattete K\u00fcchenzeile, WLAN inklusive<\/p>\n<p>Komplettes Fr\u00fchst\u00fcck inklusive, lokales Abendessen nach Reservierung<\/p>\n<p>Herzlicher Empfang mit Blumenkette, Fahrr\u00e4der zur Verf\u00fcgung<\/p>\n<p>In der N\u00e4he<\/p>\n<p>Dorfvorsteher (Far\u00e9): Markt, traditionelle Gesch\u00e4fte und Restaurants in ca. 15 Minuten Autofahrt<\/p>\n<p>Strand: in ca. 15 Minuten mit dem Auto erreichbar<\/p>\n<p>Vanille-Plantagen: Spazierg\u00e4nge und kulturelle Besichtigungen in der N\u00e4he<\/p>\n<p>Die Feste und Versammlungen sind im Wohnraum strikt verboten.<\/p>\n<p>Jede Buchung unterliegt unbedingt der uneingeschr\u00e4nkten Annahme unserer Allgemeinen Gesch\u00e4ftsbedingungen, die auf unserer Website Stayinn.Vacations durch Klicken auf Allgemeine Gesch\u00e4ftsbedingungen sichtbar sind.<\/p>\n<p>Registrierungsnummer: 3745DTO-MT<\/p>\n","protected":false},"excerpt":{"rendered":"<p>Willkommen in Huahine, auf den H\u00f6hen von Maroe, in einem friedlichen Rahmen zwischen Lagune und Gr\u00fcn. Der Bungalow Fish Lodge l\u00e4dt Sie ein, eine authentische Erfahrung zu erleben, die modernen Komfort und polynesischen Charme im Herzen eines \u00fcppigen Gartens vereint. F\u00fcr maximal 2 Personen konzipiert, bietet dieser Studio-Bungalow einen klimatisierten Offenraum mit Doppelbett, Schlafbereich und [&hellip;]<\/p>\n","protected":false},"featured_media":9487,"comment_status":"open","ping_status":"closed","template":"","meta":{"inline_featured_image":false},"country":[],"product_brand":[],"product_cat":[213],"product_tag":[],"class_list":{"0":"post-9492","1":"product","2":"type-product","3":"status-publish","4":"has-post-thumbnail","6":"product_cat-unterkunfte","8":"first","9":"instock","10":"shipping-taxable","11":"purchasable","12":"product-type-simple"},"acf":[],"_links":{"self":[{"href":"https:\/\/stayinn.travel\/de\/wp-json\/wp\/v2\/product\/9492","targetHints":{"allow":["GET"]}}],"collection":[{"href":"https:\/\/stayinn.travel\/de\/wp-json\/wp\/v2\/product"}],"about":[{"href":"https:\/\/stayinn.travel\/de\/wp-json\/wp\/v2\/types\/product"}],"replies":[{"embeddable":true,"href":"https:\/\/stayinn.travel\/de\/wp-json\/wp\/v2\/comments?post=9492"}],"wp:featuredmedia":[{"embeddable":true,"href":"https:\/\/stayinn.travel\/de\/wp-json\/wp\/v2\/media\/9487"}],"wp:attachment":[{"href":"https:\/\/stayinn.travel\/de\/wp-json\/wp\/v2\/media?parent=9492"}],"wp:term":[{"taxonomy":"country","embeddable":true,"href":"https:\/\/stayinn.travel\/de\/wp-json\/wp\/v2\/country?post=9492"},{"taxonomy":"product_brand","embeddable":true,"href":"https:\/\/stayinn.travel\/de\/wp-json\/wp\/v2\/product_brand?post=9492"},{"taxonomy":"product_cat","embeddable":true,"href":"https:\/\/stayinn.travel\/de\/wp-json\/wp\/v2\/product_cat?post=9492"},{"taxonomy":"product_tag","embeddable":true,"href":"https:\/\/stayinn.travel\/de\/wp-json\/wp\/v2\/product_tag?post=9492"}],"curies":[{"name":"wp","href":"https:\/\/api.w.org\/{rel}","templated":true}]}}