{"id":9588,"date":"2025-10-20T15:57:58","date_gmt":"2025-10-20T15:57:58","guid":{"rendered":"https:\/\/stayinn.travel\/product\/fakarava-fare-coco-2-2\/"},"modified":"2026-04-16T10:36:26","modified_gmt":"2026-04-16T10:36:26","slug":"fakarava-fare-coco-2-2","status":"publish","type":"product","link":"https:\/\/stayinn.travel\/de\/product\/fakarava-fare-coco-2-2\/","title":{"rendered":"FAKARAVA &#8211; Fare Tuaniu Iti"},"content":{"rendered":"<p>Willkommen im Fare Tuaniu Iti, einem gem\u00fctlichen Studio, das inmitten einer Kokosnussplantage, weniger als 200 Meter vom Strand entfernt, liegt.<br \/>\n<br \/>Mit seiner schlichten, aber modernen Einrichtung bietet es einen ruhigen und komfortablen Rahmen, um die Beschaulichkeit von Fakarava zu entdecken.<\/p>\n<p>Die Unterkunft ist als offener Studiotypraum konzipiert. Sie bietet Platz f\u00fcr 2 Personen und kann eine 3. Person auf einem Zusatzbett aufnehmen. Der Schlafbereich verf\u00fcgt \u00fcber ein Queen-Size-Bett (160&#215;200), Klimaanlage und WLAN f\u00fcr optimalen Komfort.<\/p>\n<p>Eine K\u00fcchenzeile erm\u00f6glicht die Zubereitung einfacher Mahlzeiten (Gaskochfelder, K\u00fchlschrank, Wasserkocher). Das private Badezimmer ist mit einer Dusche, einem Waschbecken und einer Toilette ausgestattet.<\/p>\n<p>Im Freien f\u00fchrt eine private Terrasse in den Kokosnussgarten, perfekt zum Entspannen nach einem Tag voller Erkundungen. Ein Kayak wird kostenlos zur Verf\u00fcgung gestellt, und Sie k\u00f6nnen Fahrr\u00e4der, Roller oder Autos mieten, um die Insel in Ihrem eigenen Tempo zu erkunden.<\/p>\n<p>Bei vorzeitiger Ankunft oder versp\u00e4teter Abreise haben Sie Zugang zu einem gemeinsamen Badezimmer, um Ihr Gep\u00e4ck abzulegen und sich vor oder nach Ihrem Aufenthalt zu erfrischen. Sie k\u00f6nnen Ihr Gep\u00e4ck auch in der gemeinsamen Waschk\u00fcche lassen.<\/p>\n<p>Die Essentials:<\/p>\n<p>Gem\u00fctliches und neues Studio in einer Kokosnussplantage<\/p>\n<p>Nicht mehr als 200 m vom Strand entfernt<\/p>\n<p>Offener Raum mit Queensize-Bett + Zusatzbett m\u00f6glich<\/p>\n<p>Klimaanlage und WLAN inklusive<\/p>\n<p>M\u00fcnzk\u00fcche mit K\u00fcchenzeile (Herdplatten, K\u00fchlschrank, Wasserkocher)<\/p>\n<p>Privates Badezimmer mit Dusche und WC<\/p>\n<p>Zugang zum Badezimmer f\u00fcr An- und Abreisen au\u00dferhalb der \u00d6ffnungszeiten<\/p>\n<p>Private Terrasse mit Blick auf den Garten<\/p>\n<p>Kostenloser Kayak, Fahrr\u00e4der\/Roller\/Autos zum Mieten verf\u00fcgbar<\/p>\n<p>Kostenfreies Parken vor Ort<\/p>\n<p>In der N\u00e4he<\/p>\n<p>Strand in weniger als 200 m Entfernung<\/p>\n<p>Restaurants und Verpflegungsm\u00f6glichkeiten in der N\u00e4he<\/p>\n<p>Die Taxitransfers werden ab dem Flughafen organisiert:<\/p>\n<p>1600 XPF \/ Person (Hin- und R\u00fcckfahrt), vor Ort in bar zu bezahlen<\/p>\n<p>Bitte teilen Sie Ihre Flugzeiten im Voraus mit, um Ihren Transfer zu organisieren.<\/p>\n<p>Feiern und Versammlungen sind innerhalb der Unterkunft streng untersagt.<br \/>\n<br \/>Jede Buchung unterliegt obligatorisch der uneingeschr\u00e4nkten Akzeptanz unserer Allgemeinen Gesch\u00e4ftsbedingungen, die auf unserer Website Stayinn.Vacations durch Klicken auf Allgemeine Gesch\u00e4ftsbedingungen sichtbar sind.<br \/>\n<br \/>Registrierungsnummer: 4579DTO-MT<\/p>\n","protected":false},"excerpt":{"rendered":"<p>Willkommen im Fare Tuaniu Iti, einem gem\u00fctlichen Studio, das inmitten einer Kokosnussplantage, weniger als 200 Meter vom Strand entfernt, liegt. Mit seiner schlichten, aber modernen Einrichtung bietet es einen ruhigen und komfortablen Rahmen, um die Beschaulichkeit von Fakarava zu entdecken. Die Unterkunft ist als offener Studiotypraum konzipiert. Sie bietet Platz f\u00fcr 2 Personen und kann [&hellip;]<\/p>\n","protected":false},"featured_media":9583,"comment_status":"open","ping_status":"closed","template":"","meta":{"inline_featured_image":false},"country":[],"product_brand":[],"product_cat":[213],"product_tag":[],"class_list":{"0":"post-9588","1":"product","2":"type-product","3":"status-publish","4":"has-post-thumbnail","6":"product_cat-unterkunfte","8":"first","9":"instock","10":"shipping-taxable","11":"purchasable","12":"product-type-simple"},"acf":[],"_links":{"self":[{"href":"https:\/\/stayinn.travel\/de\/wp-json\/wp\/v2\/product\/9588","targetHints":{"allow":["GET"]}}],"collection":[{"href":"https:\/\/stayinn.travel\/de\/wp-json\/wp\/v2\/product"}],"about":[{"href":"https:\/\/stayinn.travel\/de\/wp-json\/wp\/v2\/types\/product"}],"replies":[{"embeddable":true,"href":"https:\/\/stayinn.travel\/de\/wp-json\/wp\/v2\/comments?post=9588"}],"wp:featuredmedia":[{"embeddable":true,"href":"https:\/\/stayinn.travel\/de\/wp-json\/wp\/v2\/media\/9583"}],"wp:attachment":[{"href":"https:\/\/stayinn.travel\/de\/wp-json\/wp\/v2\/media?parent=9588"}],"wp:term":[{"taxonomy":"country","embeddable":true,"href":"https:\/\/stayinn.travel\/de\/wp-json\/wp\/v2\/country?post=9588"},{"taxonomy":"product_brand","embeddable":true,"href":"https:\/\/stayinn.travel\/de\/wp-json\/wp\/v2\/product_brand?post=9588"},{"taxonomy":"product_cat","embeddable":true,"href":"https:\/\/stayinn.travel\/de\/wp-json\/wp\/v2\/product_cat?post=9588"},{"taxonomy":"product_tag","embeddable":true,"href":"https:\/\/stayinn.travel\/de\/wp-json\/wp\/v2\/product_tag?post=9588"}],"curies":[{"name":"wp","href":"https:\/\/api.w.org\/{rel}","templated":true}]}}