{"id":9628,"date":"2025-10-20T15:57:58","date_gmt":"2025-10-20T15:57:58","guid":{"rendered":"https:\/\/stayinn.travel\/product\/bora-bora-bora-horizon-lodge-7-2\/"},"modified":"2026-04-16T10:36:09","modified_gmt":"2026-04-16T10:36:09","slug":"bora-bora-bora-horizon-lodge-7-2","status":"publish","type":"product","link":"https:\/\/stayinn.travel\/de\/product\/bora-bora-bora-horizon-lodge-7-2\/","title":{"rendered":"BORA-BORA Bora Horizon Lodge Hitu"},"content":{"rendered":"<p>Das Studio kann bis zu 3 Personen aufnehmen und bietet allen notwendigen Komfort f\u00fcr einen erfolgreichen Aufenthalt in Bora Bora. Sie werden eine gemeinsame Panoramaterrasse der Residenz genie\u00dfen, die ideal ist, um die spektakul\u00e4re Aussicht auf die Lagune und die Berge zu bewundern oder die Sonnenunterg\u00e4nge zu genie\u00dfen.<\/p>\n<p>Die Unterkunft verf\u00fcgt \u00fcber ein helles, sorgf\u00e4ltig eingerichtetes Wohnzimmer mit einem Queen-Size-Bett und der M\u00f6glichkeit, ein zus\u00e4tzliches Bett hinzuzuf\u00fcgen. Die voll ausgestattete K\u00fcche erm\u00f6glicht es Ihnen, Ihre Mahlzeiten in aller Gem\u00fctlichkeit zuzubereiten. Das Badezimmer ist mit einer Dusche, einem Waschbecken und einer Toilette ausgestattet, in einer praktischen und komfortablen Anordnung.<\/p>\n<p>Die Residenz ist in einem \u00fcppigen tropischen Garten eingebettet, der eine friedliche und raffinierte Atmosph\u00e4re schafft. Die Reisenden genie\u00dfen eine private Unterkunft sowie gem\u00fctliche Gemeinschaftsbereiche: Grill, gemeinsame Zonen und gr\u00fcne G\u00e4rten. WLAN und W\u00e4scheservice sind inbegriffen, um Ihren Aufenthalt zu vervollst\u00e4ndigen.<\/p>\n<p>\u2728 Diese Unterkunft verbindet polynesische Authentizit\u00e4t mit tropischem Ambiente, nur 10 Minuten vom Matira-Strand entfernt.<\/p>\n<p>St\u00e4rken der Unterkunft<\/p>\n<p>Studio f\u00fcr bis zu 3 Personen<\/p>\n<p>Gemeinsame Panoramaterrasse mit Lagune- und Bergblick<\/p>\n<p>K\u00f6nigsbett + Zusatzbett m\u00f6glich<\/p>\n<p>Einbauk\u00fcche, WLAN und W\u00e4sche inklusive<\/p>\n<p>\u00dcppiger tropischer Garten und gem\u00fctliche Gemeinschaftsbereiche (Grill, gemeinsame Zonen)<\/p>\n<p>In der N\u00e4he<\/p>\n<p>Matira-Strand: 10 Minuten entfernt<\/p>\n<p>Gesch\u00e4fte und Restaurants: In wenigen Minuten mit dem Auto erreichbar<\/p>\n<p>Wassersportaktivit\u00e4ten: Schnorcheln, Tauchen, Lagunenausfl\u00fcge<\/p>\n<p>Obligatorische Erw\u00e4hnungen<\/p>\n<p>Die Feste und Versammlungen sind im Wohnraum strikt verboten.<\/p>\n<p>Jede Buchung unterliegt unbedingt der uneingeschr\u00e4nkten Annahme unserer Allgemeinen Gesch\u00e4ftsbedingungen, die auf unserer Website Stayinn.Vacations durch Klicken auf Allgemeine Gesch\u00e4ftsbedingungen sichtbar sind.<\/p>\n<p>Nummer TAHITI: T 131862 001<\/p>\n","protected":false},"excerpt":{"rendered":"<p>Das Studio kann bis zu 3 Personen aufnehmen und bietet allen notwendigen Komfort f\u00fcr einen erfolgreichen Aufenthalt in Bora Bora. Sie werden eine gemeinsame Panoramaterrasse der Residenz genie\u00dfen, die ideal ist, um die spektakul\u00e4re Aussicht auf die Lagune und die Berge zu bewundern oder die Sonnenunterg\u00e4nge zu genie\u00dfen. Die Unterkunft verf\u00fcgt \u00fcber ein helles, sorgf\u00e4ltig [&hellip;]<\/p>\n","protected":false},"featured_media":9623,"comment_status":"open","ping_status":"closed","template":"","meta":{"inline_featured_image":false},"country":[],"product_brand":[],"product_cat":[213],"product_tag":[],"class_list":{"0":"post-9628","1":"product","2":"type-product","3":"status-publish","4":"has-post-thumbnail","6":"product_cat-unterkunfte","8":"first","9":"instock","10":"shipping-taxable","11":"purchasable","12":"product-type-simple"},"acf":[],"_links":{"self":[{"href":"https:\/\/stayinn.travel\/de\/wp-json\/wp\/v2\/product\/9628","targetHints":{"allow":["GET"]}}],"collection":[{"href":"https:\/\/stayinn.travel\/de\/wp-json\/wp\/v2\/product"}],"about":[{"href":"https:\/\/stayinn.travel\/de\/wp-json\/wp\/v2\/types\/product"}],"replies":[{"embeddable":true,"href":"https:\/\/stayinn.travel\/de\/wp-json\/wp\/v2\/comments?post=9628"}],"wp:featuredmedia":[{"embeddable":true,"href":"https:\/\/stayinn.travel\/de\/wp-json\/wp\/v2\/media\/9623"}],"wp:attachment":[{"href":"https:\/\/stayinn.travel\/de\/wp-json\/wp\/v2\/media?parent=9628"}],"wp:term":[{"taxonomy":"country","embeddable":true,"href":"https:\/\/stayinn.travel\/de\/wp-json\/wp\/v2\/country?post=9628"},{"taxonomy":"product_brand","embeddable":true,"href":"https:\/\/stayinn.travel\/de\/wp-json\/wp\/v2\/product_brand?post=9628"},{"taxonomy":"product_cat","embeddable":true,"href":"https:\/\/stayinn.travel\/de\/wp-json\/wp\/v2\/product_cat?post=9628"},{"taxonomy":"product_tag","embeddable":true,"href":"https:\/\/stayinn.travel\/de\/wp-json\/wp\/v2\/product_tag?post=9628"}],"curies":[{"name":"wp","href":"https:\/\/api.w.org\/{rel}","templated":true}]}}