{"id":9676,"date":"2025-10-20T15:57:59","date_gmt":"2025-10-20T15:57:59","guid":{"rendered":"https:\/\/stayinn.travel\/product\/bora-bora-blue-pearl-studio-2\/"},"modified":"2026-04-16T10:35:50","modified_gmt":"2026-04-16T10:35:50","slug":"bora-bora-blue-pearl-studio-2","status":"publish","type":"product","link":"https:\/\/stayinn.travel\/de\/product\/bora-bora-blue-pearl-studio-2\/","title":{"rendered":"BORA BORA &#8211; Blue Pearl Studio"},"content":{"rendered":"<p>Willkommen im Blue Pearl Studio, einer charmanten Wohnung, die ideal in Anau auf der wundersch\u00f6nen Insel Bora Bora gelegen ist. In einer gesicherten Residenz untergebracht, bietet Ihnen diese Unterkunft am Meer einen au\u00dfergew\u00f6hnlichen Rahmen, der gleichzeitig ruhig und praktisch ist, um alle Wunder des \u201eJuwels des Pazifiks&#8220; zu entdecken.<\/p>\n<p>Nur wenige Schritte vom Lagune entfernt, genie\u00dfen Sie einen direkten Zugang zum Meer und einen atemberaubenden Blick auf die t\u00fcrkisfarbenen Gew\u00e4sser von Bora Bora. Die Residenz befindet sich 15 Minuten vom ber\u00fchmten Matira-Strand entfernt und seinen Wassersportbasen, darunter Schnorcheln, das in diesem Gebiet f\u00fcr seinen Artenreichtum bekannt ist.<\/p>\n<p>Es ist der perfekte Ort, um sich zu entspannen, das Meer zu erkunden oder Ausfl\u00fcge rund um die Insel und ihren ber\u00fchmten Motu zu unternehmen.<\/p>\n<p>Vollst\u00e4ndig renoviert und sorgf\u00e4ltig dekoriert, kann Blue Pearl Studio bis zu 4 Personen aufnehmen. Es verf\u00fcgt \u00fcber:<\/p>\n<p>Von einem Queen-Size-Bett, das durch eine Trennwand f\u00fcr mehr Privatsph\u00e4re getrennt ist,<\/p>\n<p>Von einem Schlafsofa,<\/p>\n<p>Ein modernes Badezimmer mit italienischer Dusche und Toilettenartikeln,<\/p>\n<p>Von einem Wohnzimmerbereich mit einem 140-Zoll-Fernseher mit Netflix.<\/p>\n<p>Die K\u00fcche ist vollst\u00e4ndig ausgestattet:<br \/>\n<br \/>\u2615 Kaffeemaschine, Wasserkocher, Toaster, K\u00fchlschrank, Geschirrsp\u00fcler, Ofen und Kochplatten \u2013 alles ist f\u00fcr Ihre Mahlzeiten in v\u00f6lliger Autonomie vorgesehen.<\/p>\n<p>Die kleinen Extras<br \/>\n<br \/>Meerblick von Ihrer privaten Terrasse,<\/p>\n<p>Kostenloser Privatparkplatz,<\/p>\n<p>WLAN Hochgeschwindigkeit,<\/p>\n<p>Kayak zur Verf\u00fcgung f\u00fcr 2 Personen, mit Kinderwesten inklusive,<\/p>\n<p>Klimaanlage, Safe, Waschmaschine.<br \/>\n<br \/>Nichtraucherwohnung, Haustiere nicht erlaubt.<\/p>\n<p>Jede Buchung unterliegt unbedingt der uneingeschr\u00e4nkten Annahme unserer Allgemeinen Gesch\u00e4ftsbedingungen, die auf unserer Website Stayinn.Vacations durch Klicken auf die Allgemeinen Gesch\u00e4ftsbedingungen einsehbar sind.<\/p>\n<p>Registrierungsnummer: 2788DTO-MT<\/p>\n","protected":false},"excerpt":{"rendered":"<p>Willkommen im Blue Pearl Studio, einer charmanten Wohnung, die ideal in Anau auf der wundersch\u00f6nen Insel Bora Bora gelegen ist. In einer gesicherten Residenz untergebracht, bietet Ihnen diese Unterkunft am Meer einen au\u00dfergew\u00f6hnlichen Rahmen, der gleichzeitig ruhig und praktisch ist, um alle Wunder des \u201eJuwels des Pazifiks&#8220; zu entdecken. Nur wenige Schritte vom Lagune entfernt, [&hellip;]<\/p>\n","protected":false},"featured_media":9671,"comment_status":"open","ping_status":"closed","template":"","meta":{"inline_featured_image":false},"country":[],"product_brand":[],"product_cat":[213],"product_tag":[],"class_list":{"0":"post-9676","1":"product","2":"type-product","3":"status-publish","4":"has-post-thumbnail","6":"product_cat-unterkunfte","8":"first","9":"instock","10":"shipping-taxable","11":"purchasable","12":"product-type-simple"},"acf":[],"_links":{"self":[{"href":"https:\/\/stayinn.travel\/de\/wp-json\/wp\/v2\/product\/9676","targetHints":{"allow":["GET"]}}],"collection":[{"href":"https:\/\/stayinn.travel\/de\/wp-json\/wp\/v2\/product"}],"about":[{"href":"https:\/\/stayinn.travel\/de\/wp-json\/wp\/v2\/types\/product"}],"replies":[{"embeddable":true,"href":"https:\/\/stayinn.travel\/de\/wp-json\/wp\/v2\/comments?post=9676"}],"wp:featuredmedia":[{"embeddable":true,"href":"https:\/\/stayinn.travel\/de\/wp-json\/wp\/v2\/media\/9671"}],"wp:attachment":[{"href":"https:\/\/stayinn.travel\/de\/wp-json\/wp\/v2\/media?parent=9676"}],"wp:term":[{"taxonomy":"country","embeddable":true,"href":"https:\/\/stayinn.travel\/de\/wp-json\/wp\/v2\/country?post=9676"},{"taxonomy":"product_brand","embeddable":true,"href":"https:\/\/stayinn.travel\/de\/wp-json\/wp\/v2\/product_brand?post=9676"},{"taxonomy":"product_cat","embeddable":true,"href":"https:\/\/stayinn.travel\/de\/wp-json\/wp\/v2\/product_cat?post=9676"},{"taxonomy":"product_tag","embeddable":true,"href":"https:\/\/stayinn.travel\/de\/wp-json\/wp\/v2\/product_tag?post=9676"}],"curies":[{"name":"wp","href":"https:\/\/api.w.org\/{rel}","templated":true}]}}