{"id":9932,"date":"2025-10-20T15:58:01","date_gmt":"2025-10-20T15:58:01","guid":{"rendered":"https:\/\/stayinn.travel\/product\/tahiti-iti-vaimiti-sweet-home-2\/"},"modified":"2026-04-16T10:35:24","modified_gmt":"2026-04-16T10:35:24","slug":"tahiti-iti-vaimiti-sweet-home-2","status":"publish","type":"product","link":"https:\/\/stayinn.travel\/de\/product\/tahiti-iti-vaimiti-sweet-home-2\/","title":{"rendered":"TAHITI ITI &#8211; Vaimiti sweet home"},"content":{"rendered":"<p>Willkommen im Vaimiti Sweet Home, einem gem\u00fctlichen kleinen Haus, nur wenige Meter vom Teahupoo-Spot entfernt.<br \/>\n<br \/>Dieses brandneue Haus und sein gro\u00dfes eingez\u00e4untes Grundst\u00fcck, das durch ein elektrisches Tor gesichert ist, bieten Platz f\u00fcr bis zu 4 Personen.<br \/>\n<br \/>Auf der gro\u00dfen \u00fcberdachten Terrasse k\u00f6nnen Sie Ihre Mahlzeiten in entspannter Atmosph\u00e4re genie\u00dfen. Ein Grill steht zu Ihrer Verf\u00fcgung.<br \/>\n<br \/>Das Haus besteht aus einem Hauptraum mit voll ausgestatteter offener K\u00fcche, einem Wohnzimmer mit Schlafsofa f\u00fcr 2 Personen, einem klimatisierten Schlafzimmer mit Queensize-Bett und Stauraum, einem Badezimmer mit WC. Eine Waschmaschine ist ebenfalls vorhanden.<br \/>\n<br \/>WLAN im ganzen Haus.<br \/>\n<br \/>Die Snackbar TEAHUPOO befindet sich nur wenige Meter entfernt und ein Lebensmittelgesch\u00e4ft ist 5 Autominuten entfernt.<br \/>\n<br \/>Diese Unterkunft ist der ideale Ort, um diesen wilden Teil der Insel Tahiti Iti zu entdecken und die ungew\u00f6hnlichen Orte der Halbinsel zu erkunden.<\/p>\n","protected":false},"excerpt":{"rendered":"<p>Willkommen im Vaimiti Sweet Home, einem gem\u00fctlichen kleinen Haus, nur wenige Meter vom Teahupoo-Spot entfernt. Dieses brandneue Haus und sein gro\u00dfes eingez\u00e4untes Grundst\u00fcck, das durch ein elektrisches Tor gesichert ist, bieten Platz f\u00fcr bis zu 4 Personen. Auf der gro\u00dfen \u00fcberdachten Terrasse k\u00f6nnen Sie Ihre Mahlzeiten in entspannter Atmosph\u00e4re genie\u00dfen. Ein Grill steht zu Ihrer [&hellip;]<\/p>\n","protected":false},"featured_media":9927,"comment_status":"open","ping_status":"closed","template":"","meta":{"inline_featured_image":false},"country":[],"product_brand":[],"product_cat":[213],"product_tag":[],"class_list":{"0":"post-9932","1":"product","2":"type-product","3":"status-publish","4":"has-post-thumbnail","6":"product_cat-unterkunfte","8":"first","9":"instock","10":"shipping-taxable","11":"purchasable","12":"product-type-simple"},"acf":[],"_links":{"self":[{"href":"https:\/\/stayinn.travel\/de\/wp-json\/wp\/v2\/product\/9932","targetHints":{"allow":["GET"]}}],"collection":[{"href":"https:\/\/stayinn.travel\/de\/wp-json\/wp\/v2\/product"}],"about":[{"href":"https:\/\/stayinn.travel\/de\/wp-json\/wp\/v2\/types\/product"}],"replies":[{"embeddable":true,"href":"https:\/\/stayinn.travel\/de\/wp-json\/wp\/v2\/comments?post=9932"}],"wp:featuredmedia":[{"embeddable":true,"href":"https:\/\/stayinn.travel\/de\/wp-json\/wp\/v2\/media\/9927"}],"wp:attachment":[{"href":"https:\/\/stayinn.travel\/de\/wp-json\/wp\/v2\/media?parent=9932"}],"wp:term":[{"taxonomy":"country","embeddable":true,"href":"https:\/\/stayinn.travel\/de\/wp-json\/wp\/v2\/country?post=9932"},{"taxonomy":"product_brand","embeddable":true,"href":"https:\/\/stayinn.travel\/de\/wp-json\/wp\/v2\/product_brand?post=9932"},{"taxonomy":"product_cat","embeddable":true,"href":"https:\/\/stayinn.travel\/de\/wp-json\/wp\/v2\/product_cat?post=9932"},{"taxonomy":"product_tag","embeddable":true,"href":"https:\/\/stayinn.travel\/de\/wp-json\/wp\/v2\/product_tag?post=9932"}],"curies":[{"name":"wp","href":"https:\/\/api.w.org\/{rel}","templated":true}]}}