{"id":9940,"date":"2025-10-20T15:58:01","date_gmt":"2025-10-20T15:58:01","guid":{"rendered":"https:\/\/stayinn.travel\/product\/maupiti-fare-motu-maupiti-2\/"},"modified":"2026-04-16T10:35:53","modified_gmt":"2026-04-16T10:35:53","slug":"maupiti-fare-motu-maupiti-2","status":"publish","type":"product","link":"https:\/\/stayinn.travel\/de\/product\/maupiti-fare-motu-maupiti-2\/","title":{"rendered":"MAUPITI &#8211; Fare Motu Tarona"},"content":{"rendered":"<p>Gelegen auf dem ruhigen Motu Tuanai, nur 5 Minuten mit dem Boot von der Hauptinsel entfernt, ist das Fare Motu Maupiti ein Haus im tropisch-schicken Stil, das f\u00fcr Entspannung und Abgeschiedenheit konzipiert wurde. In vollkommener Harmonie mit der umgebenden Natur und den sublimen Blaunuancen der Lagune bietet es direkten Zugang zu einem wei\u00dfen Sandstrand.<\/p>\n<p>Das Haus kann bis zu 4 Personen mit seinen zwei komfortablen Schlafzimmern aufnehmen: eines im Erdgeschoss, das andere in der Galerie. Die ausgestattete K\u00fcche (K\u00fchlschrank, Gasherd, K\u00fcchenutensilien) erm\u00f6glicht es Ihnen, Ihre Mahlzeiten wie zu Hause zuzubereiten. Das separate Badezimmer, das \u00fcber einen kleinen Weg erreichbar ist, verf\u00fcgt \u00fcber Warmwasser, Handt\u00fccher und Duschgel.<\/p>\n<p>Die Terrasse, die bei klarem Himmel auf Bora Bora ausgerichtet ist, ist der ideale Ort, um ein Fr\u00fchst\u00fcck in aller Intimit\u00e4t zu genie\u00dfen oder ein geselliges Mahl mit Blick auf die Lagune zu teilen.<\/p>\n<p>Die Hin- und R\u00fcckfahrten vom Flughafen oder Kai sind f\u00fcr einen stressfreien Ankunft inbegriffen. Das Selbstgemachte Fr\u00fchst\u00fcck (Kaffee, Milch, Zucker, Schokolade, Zwieback, Butter und Marmelade) ist ebenfalls im Preis enthalten. Jede andere Fahrt wird mit 1200 XPF pro Strecke berechnet. F\u00fcr Ihre Abendessen k\u00f6nnen Sie beim Restaurant Tarona bestellen, mit direkter Lieferung nach Hause.<\/p>\n<p>\u2728 Ein wahres Refugium, ideal f\u00fcr diejenigen, die die Ruhe eines unber\u00fchrten Motu und die Magie einer polynesischen Lagune suchen.<\/p>\n<p>St\u00e4rken der Unterkunft<\/p>\n<p>Tropisches Chic-Haus auf privatem Motu mit direktem Strandzugang<\/p>\n<p>2 Zimmer (Erdgeschoss + Galerie) f\u00fcr 4 Personen<\/p>\n<p>Eingerichtete K\u00fcche und Terrasse mit Blick auf Bora Bora<\/p>\n<p>Hin- und R\u00fcckfahrt inklusive + Fr\u00fchst\u00fcck inbegriffen<\/p>\n<p>Lieferung m\u00f6glich ab Restaurant Tarona<\/p>\n<p>In der N\u00e4he<\/p>\n<p>Hauptinsel: In 5 Minuten mit dem Boot erreichbar<\/p>\n<p>Restaurant Tarona: Abendessen mit Lieferoption<\/p>\n<p>Erkundung der Lagune: Wei\u00dfer Sandstrand und Schnorcheln in Reichweite<\/p>\n<p>Die Feste und Versammlungen sind im Wohnraum strikt verboten.<\/p>\n<p>Jede Buchung unterliegt unbedingt der uneingeschr\u00e4nkten Annahme unserer Allgemeinen Gesch\u00e4ftsbedingungen, die auf unserer Website Stayinn.Vacations durch Klicken auf Allgemeine Gesch\u00e4ftsbedingungen sichtbar sind.<\/p>\n<p>Registrierungsnummer: in Bearbeitung<\/p>\n","protected":false},"excerpt":{"rendered":"<p>Gelegen auf dem ruhigen Motu Tuanai, nur 5 Minuten mit dem Boot von der Hauptinsel entfernt, ist das Fare Motu Maupiti ein Haus im tropisch-schicken Stil, das f\u00fcr Entspannung und Abgeschiedenheit konzipiert wurde. In vollkommener Harmonie mit der umgebenden Natur und den sublimen Blaunuancen der Lagune bietet es direkten Zugang zu einem wei\u00dfen Sandstrand. Das [&hellip;]<\/p>\n","protected":false},"featured_media":9935,"comment_status":"open","ping_status":"closed","template":"","meta":{"inline_featured_image":false},"country":[],"product_brand":[],"product_cat":[213],"product_tag":[],"class_list":{"0":"post-9940","1":"product","2":"type-product","3":"status-publish","4":"has-post-thumbnail","6":"product_cat-unterkunfte","8":"first","9":"instock","10":"shipping-taxable","11":"purchasable","12":"product-type-simple"},"acf":[],"_links":{"self":[{"href":"https:\/\/stayinn.travel\/de\/wp-json\/wp\/v2\/product\/9940","targetHints":{"allow":["GET"]}}],"collection":[{"href":"https:\/\/stayinn.travel\/de\/wp-json\/wp\/v2\/product"}],"about":[{"href":"https:\/\/stayinn.travel\/de\/wp-json\/wp\/v2\/types\/product"}],"replies":[{"embeddable":true,"href":"https:\/\/stayinn.travel\/de\/wp-json\/wp\/v2\/comments?post=9940"}],"wp:featuredmedia":[{"embeddable":true,"href":"https:\/\/stayinn.travel\/de\/wp-json\/wp\/v2\/media\/9935"}],"wp:attachment":[{"href":"https:\/\/stayinn.travel\/de\/wp-json\/wp\/v2\/media?parent=9940"}],"wp:term":[{"taxonomy":"country","embeddable":true,"href":"https:\/\/stayinn.travel\/de\/wp-json\/wp\/v2\/country?post=9940"},{"taxonomy":"product_brand","embeddable":true,"href":"https:\/\/stayinn.travel\/de\/wp-json\/wp\/v2\/product_brand?post=9940"},{"taxonomy":"product_cat","embeddable":true,"href":"https:\/\/stayinn.travel\/de\/wp-json\/wp\/v2\/product_cat?post=9940"},{"taxonomy":"product_tag","embeddable":true,"href":"https:\/\/stayinn.travel\/de\/wp-json\/wp\/v2\/product_tag?post=9940"}],"curies":[{"name":"wp","href":"https:\/\/api.w.org\/{rel}","templated":true}]}}