{"id":9948,"date":"2025-10-20T15:58:01","date_gmt":"2025-10-20T15:58:01","guid":{"rendered":"https:\/\/stayinn.travel\/product\/huahine-angele-house-2\/"},"modified":"2026-04-16T10:36:17","modified_gmt":"2026-04-16T10:36:17","slug":"huahine-angele-house-2","status":"publish","type":"product","link":"https:\/\/stayinn.travel\/de\/product\/huahine-angele-house-2\/","title":{"rendered":"HUAHINE- Ang\u00e8le House"},"content":{"rendered":"<p>Eingebettet im Herzen von Maeva auf Huahine l\u00e4dt Sie das Ang\u00e8le House ein, eine authentische Auszeit in einer gr\u00fcnen und friedlichen Umgebung zu erleben. Bereits bei Ihrer Ankunft werden Sie von dem einfachen und einladenden Charme dieses polynesischen Hauses verzaubert, das ideal ist, um einen Aufenthalt mit Familie oder Freunden zu verbringen.<\/p>\n<p>Das Haus kann bis zu 4 Personen aufnehmen und verf\u00fcgt \u00fcber zwei klimatisierte Schlafzimmer, die jeweils mit einem komfortablen Doppelbett f\u00fcr erholsame N\u00e4chte nach Ihren Entdeckungstagen ausgestattet sind. Das Badezimmer verf\u00fcgt \u00fcber eine Dusche, ein Waschbecken und eine Toilette.<\/p>\n<p>Im Freien genie\u00dfen Sie eine \u00fcberdachte und ausgestattete Sommerk\u00fcche, die perfekt ist, um Ihre Mahlzeiten in aller Geselligkeit zuzubereiten, sowie eine gesch\u00fctzte Terrasse, die auf einen eingez\u00e4unten Garten f\u00fchrt, in dem man Ruhe und Intimit\u00e4t genie\u00dft. Angel House liegt auf einem Familiengrundst\u00fcck, was Ihrem Aufenthalt eine warme und sichere Atmosph\u00e4re verleiht.<\/p>\n<p>Zu Ihrem Komfort ist das Haus mit Klimaanlage, Waschmaschine und allen Essentials f\u00fcr einen autonomen Aufenthalt ausgestattet.<\/p>\n<p>\u2728 Entspannungsaufenthalt oder aktive Entdeckungsreise, Ang\u00e8le House bietet Ihnen einen idealen Ausgangspunkt, um Huahine in all seiner Authentizit\u00e4t zu erkunden! Wir empfehlen die Miete eines Autos.<\/p>\n<p>St\u00e4rken der Unterkunft<br \/>\n<br \/>Zwei klimatisierte Schlafzimmer mit komfortablen Doppelbetten<\/p>\n<p>Au\u00dfenk\u00fcche im Stil einer Sommerk\u00fcche und \u00fcberdachte Terrasse<\/p>\n<p>Eingez\u00e4unter Garten, der Ruhe und Sicherheit bietet<\/p>\n<p>Waschmaschine zur Verf\u00fcgung f\u00fcr mehr Autonomie<\/p>\n<p>Authentische Lage auf Familiengrundst\u00fcck, in der N\u00e4he von Strand und Kulturst\u00e4tten<\/p>\n<p>In der N\u00e4he<br \/>\n<br \/>Sofitel-Strand: nur wenige Minuten mit dem Auto<\/p>\n<p>Traditionelle Marae und Fischteiche: zu Fu\u00df erreichbar<\/p>\n<p>Dorf Fare: etwa 6 km entfernt, mit Gesch\u00e4ften, Restaurants und Dienstleistungen<\/p>\n<p>Obligatorische Erw\u00e4hnungen<br \/>\n<br \/>Feiern und Versammlungen sind innerhalb der Wohnung strikt verboten.<\/p>\n<p>Jede Buchung unterliegt unbedingt der uneingeschr\u00e4nkten Annahme unserer Allgemeinen Gesch\u00e4ftsbedingungen, die auf unserer Website Stayinn.Vacations durch Klicken auf Allgemeine Gesch\u00e4ftsbedingungen sichtbar sind.<\/p>\n<p>Registrierungsnummer: 2411DTO-MT<\/p>\n","protected":false},"excerpt":{"rendered":"<p>Eingebettet im Herzen von Maeva auf Huahine l\u00e4dt Sie das Ang\u00e8le House ein, eine authentische Auszeit in einer gr\u00fcnen und friedlichen Umgebung zu erleben. Bereits bei Ihrer Ankunft werden Sie von dem einfachen und einladenden Charme dieses polynesischen Hauses verzaubert, das ideal ist, um einen Aufenthalt mit Familie oder Freunden zu verbringen. Das Haus kann [&hellip;]<\/p>\n","protected":false},"featured_media":9943,"comment_status":"open","ping_status":"closed","template":"","meta":{"inline_featured_image":false},"country":[],"product_brand":[],"product_cat":[213],"product_tag":[],"class_list":{"0":"post-9948","1":"product","2":"type-product","3":"status-publish","4":"has-post-thumbnail","6":"product_cat-unterkunfte","8":"first","9":"instock","10":"shipping-taxable","11":"purchasable","12":"product-type-simple"},"acf":[],"_links":{"self":[{"href":"https:\/\/stayinn.travel\/de\/wp-json\/wp\/v2\/product\/9948","targetHints":{"allow":["GET"]}}],"collection":[{"href":"https:\/\/stayinn.travel\/de\/wp-json\/wp\/v2\/product"}],"about":[{"href":"https:\/\/stayinn.travel\/de\/wp-json\/wp\/v2\/types\/product"}],"replies":[{"embeddable":true,"href":"https:\/\/stayinn.travel\/de\/wp-json\/wp\/v2\/comments?post=9948"}],"wp:featuredmedia":[{"embeddable":true,"href":"https:\/\/stayinn.travel\/de\/wp-json\/wp\/v2\/media\/9943"}],"wp:attachment":[{"href":"https:\/\/stayinn.travel\/de\/wp-json\/wp\/v2\/media?parent=9948"}],"wp:term":[{"taxonomy":"country","embeddable":true,"href":"https:\/\/stayinn.travel\/de\/wp-json\/wp\/v2\/country?post=9948"},{"taxonomy":"product_brand","embeddable":true,"href":"https:\/\/stayinn.travel\/de\/wp-json\/wp\/v2\/product_brand?post=9948"},{"taxonomy":"product_cat","embeddable":true,"href":"https:\/\/stayinn.travel\/de\/wp-json\/wp\/v2\/product_cat?post=9948"},{"taxonomy":"product_tag","embeddable":true,"href":"https:\/\/stayinn.travel\/de\/wp-json\/wp\/v2\/product_tag?post=9948"}],"curies":[{"name":"wp","href":"https:\/\/api.w.org\/{rel}","templated":true}]}}