{"id":16246,"date":"2024-11-18T10:28:15","date_gmt":"2024-11-18T10:28:15","guid":{"rendered":"https:\/\/stayinn.travel\/politica-de-cookies\/"},"modified":"2026-04-16T02:19:52","modified_gmt":"2026-04-16T02:19:52","slug":"politica-de-cookies","status":"publish","type":"page","link":"https:\/\/stayinn.travel\/es\/politica-de-cookies\/","title":{"rendered":"Pol\u00edtica de cookies"},"content":{"rendered":"\n<h2 class=\"wp-block-heading\"><strong>1. Definici\u00f3n de cookies<\/strong><br\/><\/h2>\n\n<p>Esta Pol\u00edtica de Cookies explica c\u00f3mo STAYINN TRAVEL, con sede en la Polinesia Francesa, utiliza cookies y tecnolog\u00edas similares en el sitio web www.stayinn.travel.<\/p>\n\n<p>Describe los tipos de cookies que utilizamos, sus finalidades y las opciones disponibles para los usuarios.<\/p>\n\n<p>Una cookie es un archivo de texto que se almacena en su dispositivo (ordenador, tel\u00e9fono o tableta) cuando visita nuestro sitio web.<br\/>Las cookies permiten:<\/p>\n\n<ul class=\"wp-block-list\">\n<li>garantizar el correcto funcionamiento t\u00e9cnico del sitio web,<\/li>\n\n\n\n<li>facilitar la navegaci\u00f3n y mejorar la experiencia del usuario,<\/li>\n\n\n\n<li>analizar el tr\u00e1fico y el rendimiento,<\/li>\n\n\n\n<li>personalizar los contenidos y los servicios.<\/li>\n<\/ul>\n\n<p>Las cookies pueden ser instaladas directamente por nuestro sitio web o por proveedores externos.<\/p>\n\n<hr class=\"wp-block-separator has-alpha-channel-opacity\"\/>\n\n<p><\/p><h2><strong>2. Marco normativo aplicable en la Polinesia Francesa<\/strong><br\/><\/h2>French Polynesia has its own data protection authority, the Commission Nationale de l\u2019Informatique et des Libert\u00e9s de Polyn\u00e9sie fran\u00e7aise (CNIL-PF).<br\/>We are committed to complying with:\n\n<ul class=\"wp-block-list\">\n<li>la Deliberaci\u00f3n n.\u00ba 2006-43 APF relativa a la protecci\u00f3n de las personas en lo que respecta al tratamiento de datos personales,<\/li>\n\n\n\n<li>las recomendaciones emitidas por la CNIL-PF,<\/li>\n\n\n\n<li>las normas internacionales de privacidad, incluidas las inspiradas en el RGPD, adaptadas al contexto local.<\/li>\n<\/ul>\n\n<hr class=\"wp-block-separator has-alpha-channel-opacity\"\/>\n\n<h2 class=\"wp-block-heading\">3. Tipos de cookies utilizadas<br\/>3.1 Cookies estrictamente necesarias<br\/><\/h2>\n\n<p>Estas cookies son esenciales para el correcto funcionamiento del sitio web. Permiten, por ejemplo: <\/p>\n\n<ul class=\"wp-block-list\">\n<li>acceso a ciertas funcionalidades,<\/li>\n\n\n\n<li>gesti\u00f3n de la autenticaci\u00f3n,<\/li>\n\n\n\n<li>operaciones de reserva o pago,<\/li>\n\n\n\n<li>mantenimiento del carrito de compra<\/li>\n<\/ul>\n\n<p>No requieren consentimiento, ya que son indispensables para la navegaci\u00f3n.<br\/><\/p>\n\n<h2 class=\"wp-block-heading\"><strong>3.2 Cookies de medici\u00f3n de audiencia y an\u00e1lisis<\/strong><br\/><\/h2>\n\n<p>Estas cookies nos ayudan a comprender c\u00f3mo se utiliza el sitio web y a mejorar nuestros servicios.<\/p>\n\n<p>Algunos ejemplos incluyen:<\/p>\n\n<ul class=\"wp-block-list\">\n<li>Google Analytics,<\/li>\n\n\n\n<li>WordPress Statistics,<\/li>\n\n\n\n<li>Herramientas de seguimiento internas<\/li>\n<\/ul>\n\n<p>Seg\u00fan las recomendaciones locales, estas cookies pueden requerir su consentimiento.<br\/><\/p>\n\n<h2 class=\"wp-block-heading\"><strong>3.3 Cookies de personalizaci\u00f3n<\/strong><br\/><\/h2>\n\n<p>Estas cookies permiten que el sitio web se adapte a sus preferencias, como:<\/p>\n\n<ul class=\"wp-block-list\">\n<li>idioma de visualizaci\u00f3n,<\/li>\n\n\n\n<li>destinos consultados,<\/li>\n\n\n\n<li>configuraci\u00f3n de navegaci\u00f3n.<\/li>\n<\/ul>\n\n<h2 class=\"wp-block-heading\"><strong>3.4 Cookies de marketing y publicidad<\/strong><br\/><\/h2>\n\n<p>Estas cookies nos permiten ofrecer contenidos u ofertas adaptados a sus intereses.<\/p>\n\n<p>Algunos ejemplos incluyen: <\/p>\n\n<ul class=\"wp-block-list\">\n<li>Google Ads,<\/li>\n\n\n\n<li>Meta\/Facebook Pixel,<\/li>\n\n\n\n<li>Servicios de remarketing<\/li>\n<\/ul>\n\n<p>Estas cookies requieren consentimiento previo.<\/p>\n\n<hr class=\"wp-block-separator has-alpha-channel-opacity\"\/>\n\n<h2 class=\"wp-block-heading\"><strong>4. Cookies de terceros<\/strong><br\/><\/h2>\n\n<p>Podemos permitir que ciertos socios instalen cookies en nuestro sitio web, entre ellos:<\/p>\n\n<ul class=\"wp-block-list\">\n<li>plataformas de an\u00e1lisis,<\/li>\n\n\n\n<li>herramientas de reserva,<\/li>\n\n\n\n<li>redes sociales (Facebook, Instagram, YouTube),<\/li>\n\n\n\n<li>socios de marketing<\/li>\n<\/ul>\n\n<p>Estos terceros tienen sus propias pol\u00edticas de privacidad, que le recomendamos consultar.<\/p>\n\n<hr class=\"wp-block-separator has-alpha-channel-opacity\"\/>\n\n<h2 class=\"wp-block-heading\"><strong>5. Gesti\u00f3n del consentimiento<\/strong><br\/><\/h2>\n\n<p>Cuando visita el sitio web por primera vez, un banner de cookies le permite:<\/p>\n\n<ul class=\"wp-block-list\">\n<li>aceptar todas las cookies,<\/li>\n\n\n\n<li>rechazar todas las cookies no esenciales,<\/li>\n\n\n\n<li>rechazar todas las cookies no esenciales<\/li>\n<\/ul>\n\n<p>Puede cambiar sus preferencias en cualquier momento a trav\u00e9s del enlace Gestionar cookies disponible en la parte inferior de la p\u00e1gina.<\/p>\n\n<p>Tambi\u00e9n puede configurar su navegador para bloquear las cookies: <\/p>\n\n<ul class=\"wp-block-list\">\n<li>Chrome: <a href=\"https:\/\/support.google.com\/chrome\/answer\/95647\">https:\/\/support.google.com\/chrome\/answer\/95647<\/a><\/li>\n\n\n\n<li>Firefox: <a>https:\/\/support.mozilla.org\/kb\/cookies<\/a><\/li>\n\n\n\n<li>Safari: <a>https:\/\/support.apple.com\/guide\/safari\/sfri11471\/mac<\/a><\/li>\n\n\n\n<li>Edge: <a>https:\/\/support.microsoft.com\/microsoft-edge<\/a><\/li>\n<\/ul>\n\n<p>Tenga en cuenta: rechazar ciertas cookies puede limitar algunas funcionalidades del sitio web.<\/p>\n\n<p><\/p>\n\n<hr class=\"wp-block-separator has-alpha-channel-opacity\"\/>\n\n<h2 class=\"wp-block-heading\"><strong>6. Periodo de conservaci\u00f3n<\/strong><\/h2>\n\n<ul class=\"wp-block-list\">\n<li>Cookies de sesi\u00f3n: se eliminan al cerrar el navegador.<\/li>\n\n\n\n<li>Cookies persistentes: se almacenan durante un m\u00e1ximo de 13 meses, conforme a las normas aplicables en la Polinesia Francesa.<\/li>\n<\/ul>\n\n<hr class=\"wp-block-separator has-alpha-channel-opacity\"\/>\n\n<h2 class=\"wp-block-heading\"><strong>7. Datos personales y cookies<\/strong><br\/><\/h2>\n\n<p>Cuando el uso de cookies implica la recopilaci\u00f3n de datos personales, dichos datos se tratan de conformidad con:<\/p>\n\n<ul class=\"wp-block-list\">\n<li>la normativa aplicable en la Polinesia Francesa,<\/li>\n\n\n\n<li>nuestra Pol\u00edtica de Privacidad.<\/li>\n<\/ul>\n\n<hr class=\"wp-block-separator has-alpha-channel-opacity\"\/>\n\n<h2 class=\"wp-block-heading\"><strong>8. Contacto<\/strong><br\/><\/h2>\n\n<p>Para cualquier pregunta relacionada con esta Pol\u00edtica de Cookies o para ejercer sus derechos, puede contactarnos:<\/p>\n\n<p>STAYINN TRAVEL<br\/>Correo electr\u00f3nico: contact@stayinn.travel<br\/>Tel\u00e9fono: +689 89 499 065<br\/>Direcci\u00f3n: 30 rue Paul Gauguin, 98713 Papeete, Polinesia Francesa<\/p>\n","protected":false},"excerpt":{"rendered":"<p>1. Definici\u00f3n de cookies Esta Pol\u00edtica de Cookies explica c\u00f3mo STAYINN TRAVEL, con sede en la Polinesia Francesa, utiliza cookies y tecnolog\u00edas similares en el sitio web www.stayinn.travel. Describe los tipos de cookies que utilizamos, sus finalidades y las opciones disponibles para los usuarios. Una cookie es un archivo de texto que se almacena en [&hellip;]<\/p>\n","protected":false},"author":1,"featured_media":16249,"parent":0,"menu_order":0,"comment_status":"closed","ping_status":"closed","template":"","meta":{"inline_featured_image":false,"footnotes":""},"class_list":["post-16246","page","type-page","status-publish","has-post-thumbnail","hentry"],"acf":[],"_links":{"self":[{"href":"https:\/\/stayinn.travel\/es\/wp-json\/wp\/v2\/pages\/16246","targetHints":{"allow":["GET"]}}],"collection":[{"href":"https:\/\/stayinn.travel\/es\/wp-json\/wp\/v2\/pages"}],"about":[{"href":"https:\/\/stayinn.travel\/es\/wp-json\/wp\/v2\/types\/page"}],"author":[{"embeddable":true,"href":"https:\/\/stayinn.travel\/es\/wp-json\/wp\/v2\/users\/1"}],"replies":[{"embeddable":true,"href":"https:\/\/stayinn.travel\/es\/wp-json\/wp\/v2\/comments?post=16246"}],"version-history":[{"count":1,"href":"https:\/\/stayinn.travel\/es\/wp-json\/wp\/v2\/pages\/16246\/revisions"}],"predecessor-version":[{"id":16250,"href":"https:\/\/stayinn.travel\/es\/wp-json\/wp\/v2\/pages\/16246\/revisions\/16250"}],"wp:featuredmedia":[{"embeddable":true,"href":"https:\/\/stayinn.travel\/es\/wp-json\/wp\/v2\/media\/16249"}],"wp:attachment":[{"href":"https:\/\/stayinn.travel\/es\/wp-json\/wp\/v2\/media?parent=16246"}],"curies":[{"name":"wp","href":"https:\/\/api.w.org\/{rel}","templated":true}]}}