{"id":16293,"date":"2025-10-20T15:57:56","date_gmt":"2025-10-20T15:57:56","guid":{"rendered":"https:\/\/stayinn.travel\/product\/moorea-pool-mountain-fare-ora-2\/"},"modified":"2026-04-16T10:34:45","modified_gmt":"2026-04-16T10:34:45","slug":"moorea-pool-mountain-fare-ora-2","status":"publish","type":"product","link":"https:\/\/stayinn.travel\/es\/product\/moorea-pool-mountain-fare-ora-2\/","title":{"rendered":"MOOREA &#8211; Pool Mountain Fare Ora"},"content":{"rendered":"<p>La Villa POOL MOUNTAIN en MOOREA es el estuche perfecto para unas vacaciones relajantes en familia o entre amigos.<\/p>\n<p>De inspiraci\u00f3n balinesa, y en el interior de hermosos muros de piedra de Moorea, la propiedad se divide en cuatro elementos que se articulan alrededor de la piscina.<br \/>\n<br \/>La decoraci\u00f3n como la atm\u00f3sfera t\u00edpica indonesia se casa perfectamente con la vida polinesia.<\/p>\n<p>El m\u00f3dulo principal dispone de dos habitaciones y un cuarto de ba\u00f1o completo (lavabo, ducha e inodoro).<\/p>\n<p>El segundo m\u00f3dulo es una magn\u00edfica suite principal que comprende un gran dormitorio, un rinc\u00f3n de sal\u00f3n con sill\u00f3n, y un cuarto de ba\u00f1o completo con ba\u00f1era.<\/p>\n<p>En el \u00faltimo m\u00f3dulo, disfrutar\u00e1 de una hermosa cocina completamente equipada abierta a la sala de estar. Hay una lavadora a su disposici\u00f3n.<\/p>\n<p>Todos los cuartos de ba\u00f1o est\u00e1n equipados con almacenamiento, as\u00ed como con un inodoro.<\/p>\n<p>Podr\u00e1s disfrutar tambi\u00e9n del \u00abFARE POTE\u00bb (espacio cubierto contiguo a la terraza), el lugar privilegiado y amigable ideal polin\u00e9sico para las comidas, el aperitivo, el intercambio&#8230; o incluso para la siesta en la hamaca&#8230;<\/p>\n<p>Esta villa cuenta con todo el confort necesario para acoger a 6 personas, en un lugar de calidad, tranquilo y florido.<br \/>\n<br \/>Es ideal para unas vacaciones relajantes entre amigos, pareja o familia, tambi\u00e9n ideal para un seminario profesional o pausas relajantes junto a la piscina.<\/p>\n<p>La isla de MOOREA ofrece muchas cosas por descubrir, le aconsejamos alquilar un veh\u00edculo durante toda o parte de su estancia. No dude en contactar a nuestro equipo o a nuestro servicio de conserjer\u00eda para cualquier informaci\u00f3n, para reservar un veh\u00edculo, actividades y\/o todos los servicios que necesitar\u00e1 durante su estancia.<br \/>\n<br \/>\u00a1Estamos aqu\u00ed para eso!<\/p>\n<p>Como en cualquier lugar tropical, es posible que se encuentre con insectos, peque\u00f1os lagartos o mosquitos. Estos hu\u00e9spedes discretos simplemente forman parte del ecosistema natural que rodea la vivienda.<\/p>\n<p>Para su comodidad, el fare est\u00e1 equipado con antimosquitos y nos preocupamos de mantener el espacio limpio y agradable. Disfrute de esta inmersi\u00f3n como un verdadero par\u00e9ntesis tropical, donde la calma de la naturaleza est\u00e1 presente.  <\/p>\n<p>LOS PUNTOS DE INTER\u00c9S:<\/p>\n<p>A PIES<br \/>\n<br \/>10 min de la playa p\u00fablica de arena blanca: \u00abHaaru Public Beach Park\u00bb.<br \/>\n<br \/>5 min del hotel intercontinental donde podr\u00e1s beber numerosos c\u00f3cteles.<br \/>\n<br \/>10 min de todos los comercios y restaurantes.<\/p>\n<p>EN COCHE<br \/>\n<br \/>25 min del centro urbano de Maharepa (supermercado, banco, farmacia, centro m\u00e9dico, etc.).<br \/>\n<br \/>20 min de la f\u00e1brica de zumo de fruta ROTUI.<br \/>\n<br \/>30 min del aeropuerto.<br \/>\n<br \/>35 min del embarcadero de los ferries.<\/p>\n<p>Toda reserva est\u00e1 sujeta obligatoriamente a la aceptaci\u00f3n sin restricciones de nuestras condiciones generales de venta visibles en nuestro sitio web Stayinn.Vacations haciendo clic en las condiciones generales.<br \/>\n<br \/>Los animales no est\u00e1n permitidos en este alquiler<\/p>\n<p>N\u00famero de registro: 972DTO-MT<\/p>\n","protected":false},"excerpt":{"rendered":"<p>La Villa POOL MOUNTAIN en MOOREA es el estuche perfecto para unas vacaciones relajantes en familia o entre amigos. De inspiraci\u00f3n balinesa, y en el interior de hermosos muros de piedra de Moorea, la propiedad se divide en cuatro elementos que se articulan alrededor de la piscina. La decoraci\u00f3n como la atm\u00f3sfera t\u00edpica indonesia se [&hellip;]<\/p>\n","protected":false},"featured_media":16483,"comment_status":"open","ping_status":"closed","template":"","meta":{"inline_featured_image":false},"country":[],"product_brand":[],"product_cat":[293],"product_tag":[],"class_list":{"0":"post-16293","1":"product","2":"type-product","3":"status-publish","4":"has-post-thumbnail","6":"product_cat-alojamiento","8":"first","9":"instock","10":"shipping-taxable","11":"purchasable","12":"product-type-simple"},"acf":[],"_links":{"self":[{"href":"https:\/\/stayinn.travel\/es\/wp-json\/wp\/v2\/product\/16293","targetHints":{"allow":["GET"]}}],"collection":[{"href":"https:\/\/stayinn.travel\/es\/wp-json\/wp\/v2\/product"}],"about":[{"href":"https:\/\/stayinn.travel\/es\/wp-json\/wp\/v2\/types\/product"}],"replies":[{"embeddable":true,"href":"https:\/\/stayinn.travel\/es\/wp-json\/wp\/v2\/comments?post=16293"}],"wp:featuredmedia":[{"embeddable":true,"href":"https:\/\/stayinn.travel\/es\/wp-json\/wp\/v2\/media\/16483"}],"wp:attachment":[{"href":"https:\/\/stayinn.travel\/es\/wp-json\/wp\/v2\/media?parent=16293"}],"wp:term":[{"taxonomy":"country","embeddable":true,"href":"https:\/\/stayinn.travel\/es\/wp-json\/wp\/v2\/country?post=16293"},{"taxonomy":"product_brand","embeddable":true,"href":"https:\/\/stayinn.travel\/es\/wp-json\/wp\/v2\/product_brand?post=16293"},{"taxonomy":"product_cat","embeddable":true,"href":"https:\/\/stayinn.travel\/es\/wp-json\/wp\/v2\/product_cat?post=16293"},{"taxonomy":"product_tag","embeddable":true,"href":"https:\/\/stayinn.travel\/es\/wp-json\/wp\/v2\/product_tag?post=16293"}],"curies":[{"name":"wp","href":"https:\/\/api.w.org\/{rel}","templated":true}]}}