{"id":16294,"date":"2025-10-20T15:58:06","date_gmt":"2025-10-20T15:58:06","guid":{"rendered":"https:\/\/stayinn.travel\/product\/moorea-fare-taina-dream-2\/"},"modified":"2026-04-16T10:34:46","modified_gmt":"2026-04-16T10:34:46","slug":"moorea-fare-taina-dream-2","status":"publish","type":"product","link":"https:\/\/stayinn.travel\/es\/product\/moorea-fare-taina-dream-2\/","title":{"rendered":"MOOREA &#8211; Fare Taina Dream"},"content":{"rendered":"<p>MOOREA &#8211; Fare Taina Dream<br \/>\n<br \/>Alojarse en Fare Taina Dream es la experiencia t\u00edpica de Polinesia con familiares o amigos. En el idioma tahitiano, la palabra \u00abFare\u00bb significa \u00abCasa\u00bb.<\/p>\n<p>Este bonito alojamiento con ambientes locales est\u00e1 ubicado en un hermoso jard\u00edn tropical en el coraz\u00f3n de una propiedad privada, con acceso directo y privado a la famosa playa de Tipaniers.<\/p>\n<p>La playa de Tipaniers es famosa por ser la m\u00e1s bella de la isla de Moorea. La nataci\u00f3n, el kayak, el snorkel, la observaci\u00f3n de rayas y tiburones y, a veces, incluso las ballenas jorobadas (de julio a noviembre), lo llenar\u00e1n de recuerdos y emociones inolvidables. Recuerde llevar sus m\u00e1scaras y snorkels para explorar la fauna y la flora.<\/p>\n<p>La casa consta de 2 confortables habitaciones con aire acondicionado y 2 ba\u00f1os. El sal\u00f3n tiene un televisor de pantalla plana, desde donde puede seguir o descubrir los programas polinesios y franceses. Esta habitaci\u00f3n tambi\u00e9n tiene capacidad para 2 personas adicionales, gracias a sus 2 sof\u00e1s cama individuales. La cocina, totalmente equipada y funcional, sirve para preparar cenas Top Chef y as\u00ed deleitar las papilas gustativas de sus seres queridos con los productos frescos de la isla. La terraza, ser\u00e1 su lugar favorito. Est\u00e1 amueblado y amueblado para tomar sus comidas, o simplemente relajarse con un c\u00f3ctel.<\/p>\n<p>En el distrito de Tiahura encontrar\u00e1 todas las comodidades: tienda adicional, restaurantes (No Stress ni Cocodile) y remolques (The Yellow Lizard), centro n\u00e1utico y actividades (alquiler de bicicletas y equipos n\u00e1uticos) &#8230; imposible de aburrirse en este lugar conocido por ser el m\u00e1s encantador y din\u00e1mico.<\/p>\n<p>Se puede acceder a muchas atracciones por carretera como: el Marae (antiguo templo polinesio), el Belvedere, las 2 bah\u00edas principales (Bah\u00eda Opunohu y Bah\u00eda Cook), Manutea Tahit Rotui (degustando posibles jugos locales frescos y licores) &#8230; <\/p>\n<p>Todas las reservas est\u00e1n sujetas a la aceptaci\u00f3n sin restricciones de nuestras condiciones generales de venta visibles en nuestro sitio web Stayinn.Vacations haciendo clic en las condiciones generales.<\/p>\n<p>N\u00famero de registro: 1379DTO-MT<\/p>\n","protected":false},"excerpt":{"rendered":"<p>MOOREA &#8211; Fare Taina Dream Alojarse en Fare Taina Dream es la experiencia t\u00edpica de Polinesia con familiares o amigos. En el idioma tahitiano, la palabra \u00abFare\u00bb significa \u00abCasa\u00bb. Este bonito alojamiento con ambientes locales est\u00e1 ubicado en un hermoso jard\u00edn tropical en el coraz\u00f3n de una propiedad privada, con acceso directo y privado a [&hellip;]<\/p>\n","protected":false},"featured_media":16295,"comment_status":"open","ping_status":"closed","template":"","meta":{"inline_featured_image":false},"country":[],"product_brand":[],"product_cat":[293],"product_tag":[],"class_list":{"0":"post-16294","1":"product","2":"type-product","3":"status-publish","4":"has-post-thumbnail","6":"product_cat-alojamiento","8":"first","9":"instock","10":"shipping-taxable","11":"purchasable","12":"product-type-simple"},"acf":[],"_links":{"self":[{"href":"https:\/\/stayinn.travel\/es\/wp-json\/wp\/v2\/product\/16294","targetHints":{"allow":["GET"]}}],"collection":[{"href":"https:\/\/stayinn.travel\/es\/wp-json\/wp\/v2\/product"}],"about":[{"href":"https:\/\/stayinn.travel\/es\/wp-json\/wp\/v2\/types\/product"}],"replies":[{"embeddable":true,"href":"https:\/\/stayinn.travel\/es\/wp-json\/wp\/v2\/comments?post=16294"}],"wp:featuredmedia":[{"embeddable":true,"href":"https:\/\/stayinn.travel\/es\/wp-json\/wp\/v2\/media\/16295"}],"wp:attachment":[{"href":"https:\/\/stayinn.travel\/es\/wp-json\/wp\/v2\/media?parent=16294"}],"wp:term":[{"taxonomy":"country","embeddable":true,"href":"https:\/\/stayinn.travel\/es\/wp-json\/wp\/v2\/country?post=16294"},{"taxonomy":"product_brand","embeddable":true,"href":"https:\/\/stayinn.travel\/es\/wp-json\/wp\/v2\/product_brand?post=16294"},{"taxonomy":"product_cat","embeddable":true,"href":"https:\/\/stayinn.travel\/es\/wp-json\/wp\/v2\/product_cat?post=16294"},{"taxonomy":"product_tag","embeddable":true,"href":"https:\/\/stayinn.travel\/es\/wp-json\/wp\/v2\/product_tag?post=16294"}],"curies":[{"name":"wp","href":"https:\/\/api.w.org\/{rel}","templated":true}]}}