{"id":16299,"date":"2025-10-20T15:57:59","date_gmt":"2025-10-20T15:57:59","guid":{"rendered":"https:\/\/stayinn.travel\/product\/tahaa-bungalow-moana-beach-2-2\/"},"modified":"2026-04-16T10:34:48","modified_gmt":"2026-04-16T10:34:48","slug":"tahaa-bungalow-moana-beach-2-2","status":"publish","type":"product","link":"https:\/\/stayinn.travel\/es\/product\/tahaa-bungalow-moana-beach-2-2\/","title":{"rendered":"TAHAA &#8211; Bungalow Moana Beach 2"},"content":{"rendered":"<p>TAHAA \u2013 Moana Beach Bungalow 2<\/p>\n<p>La isla de Tahaa, o como la llamamos isla de vainilla aqu\u00ed, es una de las joyas de las Islas de Sotavento. Ella comparte la misma laguna que su hermana Raiatea, lo que le permite visitar 2 islas a la vez. El aire con sabor a vainilla mezclado con la brisa lo acompa\u00f1ar\u00e1 en el momento de su estad\u00eda.<\/p>\n<p>El aut\u00e9ntico bungalow polinesio, de reciente construcci\u00f3n, promete una estancia tradicional al ritmo de la vida en la isla.<br \/>\n<br \/>Idealmente ubicado en el borde de la laguna en el distrito de Tiva. Este encantador alojamiento consta de un c\u00f3modo dormitorio con cama doble y mosquitera, una sala de estar y escritorio; y un cuarto de ba\u00f1o privado. El ambiente es elegante y relajante. Apreciar\u00e1 la calma y la tranquilidad de los lugares. La terraza privada ser\u00e1 su lugar favorito para admirar la laguna, tomar un aperitivo o simplemente relajarse.<\/p>\n<p>Un \u00e1rea de cocina, equipada con cafetera, refrigerador y cocina de gas est\u00e1 a su disposici\u00f3n. Este lugar es compartido con los ocupantes del segundo bungalow.<br \/>\n<br \/>La conexi\u00f3n a internet es wifi, gratuita e ilimitada durante toda su estad\u00eda.<br \/>\n<br \/>Se proporciona un espacio de estacionamiento para usted. Las bicicletas est\u00e1n disponibles de forma gratuita.<\/p>\n<p>Para una estad\u00eda en total libertad, le recomendamos que alquile un veh\u00edculo (scooter o autom\u00f3vil) al menos un d\u00eda. Luego puede explorar los secretos de la isla por carretera. Para m\u00e1s informaci\u00f3n cont\u00e1ctenos.<br \/>\n<br \/>Si toma los traslados: Enota Maritime Transport, posibilidad de traslado de los muelles de Tapuamu o Haamene al alojamiento:<br \/>\n<br \/>Tarifa Tapuamu 500fr por persona<br \/>\n<br \/>Precio de Haamene 1000fr por persona<\/p>\n<p>La visita obligada y los puntos de inter\u00e9s de la isla:<br \/>\n<br \/>&#8211; Ron Mana&#8217;o a 2.3 km<br \/>\n<br \/>&#8211; Estaci\u00f3n total de Tapuamu 2.3 km<br \/>\n<br \/>&#8211; Supermercado a 3 km<br \/>\n<br \/>&#8211; Ia Orana Pearl Farm 5.5 Km<br \/>\n<br \/>&#8211; Banco de Tahit\u00ed (DAB) 8 Km<br \/>\n<br \/>&#8211; Farmacia de Tahaa 8.2 Km<br \/>\n<br \/>&#8211; Restaurante Tahaa Maitai 8.3 Km<br \/>\n<br \/>&#8211; Superette Haamene 8.3 Km<br \/>\n<br \/>&#8211; DAB Bank Socredo 13 Km<br \/>\n<br \/>&#8211; Valle de la vainilla en Faaaha 14.3 km<br \/>\n<br \/>&#8211; Granja de perlas Champon a 16 km<\/p>\n<p>Todas las reservas est\u00e1n sujetas a la aceptaci\u00f3n sin restricciones de nuestras condiciones generales de venta visibles en nuestro sitio web Stayinn.Vacations haciendo clic en las condiciones generales.<\/p>\n<p>N\u00famero TAHITI : C71491<\/p>\n","protected":false},"excerpt":{"rendered":"<p>TAHAA \u2013 Moana Beach Bungalow 2 La isla de Tahaa, o como la llamamos isla de vainilla aqu\u00ed, es una de las joyas de las Islas de Sotavento. Ella comparte la misma laguna que su hermana Raiatea, lo que le permite visitar 2 islas a la vez. El aire con sabor a vainilla mezclado con [&hellip;]<\/p>\n","protected":false},"featured_media":16496,"comment_status":"open","ping_status":"closed","template":"","meta":{"inline_featured_image":false},"country":[],"product_brand":[],"product_cat":[293],"product_tag":[],"class_list":{"0":"post-16299","1":"product","2":"type-product","3":"status-publish","4":"has-post-thumbnail","6":"product_cat-alojamiento","8":"first","9":"instock","10":"shipping-taxable","11":"purchasable","12":"product-type-simple"},"acf":[],"_links":{"self":[{"href":"https:\/\/stayinn.travel\/es\/wp-json\/wp\/v2\/product\/16299","targetHints":{"allow":["GET"]}}],"collection":[{"href":"https:\/\/stayinn.travel\/es\/wp-json\/wp\/v2\/product"}],"about":[{"href":"https:\/\/stayinn.travel\/es\/wp-json\/wp\/v2\/types\/product"}],"replies":[{"embeddable":true,"href":"https:\/\/stayinn.travel\/es\/wp-json\/wp\/v2\/comments?post=16299"}],"wp:featuredmedia":[{"embeddable":true,"href":"https:\/\/stayinn.travel\/es\/wp-json\/wp\/v2\/media\/16496"}],"wp:attachment":[{"href":"https:\/\/stayinn.travel\/es\/wp-json\/wp\/v2\/media?parent=16299"}],"wp:term":[{"taxonomy":"country","embeddable":true,"href":"https:\/\/stayinn.travel\/es\/wp-json\/wp\/v2\/country?post=16299"},{"taxonomy":"product_brand","embeddable":true,"href":"https:\/\/stayinn.travel\/es\/wp-json\/wp\/v2\/product_brand?post=16299"},{"taxonomy":"product_cat","embeddable":true,"href":"https:\/\/stayinn.travel\/es\/wp-json\/wp\/v2\/product_cat?post=16299"},{"taxonomy":"product_tag","embeddable":true,"href":"https:\/\/stayinn.travel\/es\/wp-json\/wp\/v2\/product_tag?post=16299"}],"curies":[{"name":"wp","href":"https:\/\/api.w.org\/{rel}","templated":true}]}}