{"id":16305,"date":"2025-10-20T15:57:57","date_gmt":"2025-10-20T15:57:57","guid":{"rendered":"https:\/\/stayinn.travel\/product\/tahiti-sannys-place-room-pool-2\/"},"modified":"2026-04-16T10:34:50","modified_gmt":"2026-04-16T10:34:50","slug":"tahiti-sannys-place-room-pool-2","status":"publish","type":"product","link":"https:\/\/stayinn.travel\/es\/product\/tahiti-sannys-place-room-pool-2\/","title":{"rendered":"TAHITI &#8211; Sanny&#8217;s Place Room &#038; Pool"},"content":{"rendered":"<p>TAHITI &#8211; Sanny&#8217;s Place Room &#038; Pool <\/p>\n<p>Ia orana e Maeva en Sanny&#8217;s Place!<br \/>\n<br \/>Idealmente ubicado en Punauuia a solo 7 km del aeropuerto de Tahit\u00ed y cerca de tiendas, restaurantes y playas en la costa oeste. \u00a1Este alojamiento ser\u00e1 el lugar ideal para sus estancias en Tahit\u00ed!<\/p>\n<p>La costa oeste de Tahit\u00ed es muy popular debido a sus magn\u00edficos paisajes y su gran laguna. Alojarse en el lugar de Sanny le permitir\u00e1 descubrir todas las riquezas naturales de la isla, mientras disfruta de un alojamiento agradable, bien equipado y equipado.<\/p>\n<p>Su habitaci\u00f3n est\u00e1 ubicada en el lado de la piscina, con aire acondicionado y amueblada para su comodidad. Se compone de una cama Queen size, un gran armario de almacenamiento, un televisor de pantalla plana, un espejo y un ventilador auxiliar. El ba\u00f1o contiguo tiene un inodoro, lavabo y ducha.<\/p>\n<p>Tendr\u00e1 acceso gratuito a la piscina y a la espaciosa terraza de la casa, a la zona de barbacoa, al lavadero (lavadora disponible) y a una cocina para compartir con los ocupantes del segundo dormitorio, tambi\u00e9n en alquiler. vacaciones.<br \/>\n<br \/>El estacionamiento para 1 auto est\u00e1 disponible dentro de la propiedad. Internet es wifi gratuito e ilimitado.<\/p>\n<p>Cerca de su alojamiento, en la costa oeste de la isla encontrar\u00e1:<\/p>\n<p>&#8211; Tienda de fin de semana, Puna&#8217;auia 750 metros<br \/>\n<br \/>&#8211; LS PROXI Punaauia, Puna&#8217;auia a 1.9 km<br \/>\n<br \/>&#8211; Centro comercial Carrefour Punaauia Moana Nui a 5,9 km<br \/>\n<br \/>&#8211; Restaurante Blue Banana a 350 metros<br \/>\n<br \/>&#8211; Bar y restaurante Captain Bligh a 500 metros<br \/>\n<br \/>&#8211; Restaurante Le Red 1.9 km<br \/>\n<br \/>&#8211; Restaurante Le Coco&#8217;s a 2 km<br \/>\n<br \/>&#8211; Playa Vaiava en PK 18 a 8.2 km<br \/>\n<br \/>&#8211; Tahit\u00ed La Plage a 2.1 km<br \/>\n<br \/>&#8211; Museo de Tahit\u00ed y las islas a 5.6 km.<br \/>\n<br \/>&#8211; Playa del museo a 5.7 km<br \/>\n<br \/>&#8211; Parque Mahana a 7.4 km<br \/>\n<br \/>&#8211; El Marae Arahurahu de Paea a 13 km.<br \/>\n<br \/>&#8211; Las cuevas de Maraa en Paea a 18.8 km<\/p>\n<p>Todas las reservas est\u00e1n sujetas a la aceptaci\u00f3n sin restricciones de nuestras condiciones generales de venta visibles en nuestro sitio Stayinn.Vacations haciendo clic en las condiciones generales.<\/p>\n<p>N\u00famero de registro: 909DTO-MT<\/p>\n<p>* Viviendas no aptas para la cuarentena.<\/p>\n","protected":false},"excerpt":{"rendered":"<p>TAHITI &#8211; Sanny&#8217;s Place Room &#038; Pool Ia orana e Maeva en Sanny&#8217;s Place! Idealmente ubicado en Punauuia a solo 7 km del aeropuerto de Tahit\u00ed y cerca de tiendas, restaurantes y playas en la costa oeste. \u00a1Este alojamiento ser\u00e1 el lugar ideal para sus estancias en Tahit\u00ed! La costa oeste de Tahit\u00ed es muy [&hellip;]<\/p>\n","protected":false},"featured_media":16306,"comment_status":"open","ping_status":"closed","template":"","meta":{"inline_featured_image":false},"country":[],"product_brand":[],"product_cat":[293],"product_tag":[],"class_list":{"0":"post-16305","1":"product","2":"type-product","3":"status-publish","4":"has-post-thumbnail","6":"product_cat-alojamiento","8":"first","9":"instock","10":"shipping-taxable","11":"purchasable","12":"product-type-simple"},"acf":[],"_links":{"self":[{"href":"https:\/\/stayinn.travel\/es\/wp-json\/wp\/v2\/product\/16305","targetHints":{"allow":["GET"]}}],"collection":[{"href":"https:\/\/stayinn.travel\/es\/wp-json\/wp\/v2\/product"}],"about":[{"href":"https:\/\/stayinn.travel\/es\/wp-json\/wp\/v2\/types\/product"}],"replies":[{"embeddable":true,"href":"https:\/\/stayinn.travel\/es\/wp-json\/wp\/v2\/comments?post=16305"}],"wp:featuredmedia":[{"embeddable":true,"href":"https:\/\/stayinn.travel\/es\/wp-json\/wp\/v2\/media\/16306"}],"wp:attachment":[{"href":"https:\/\/stayinn.travel\/es\/wp-json\/wp\/v2\/media?parent=16305"}],"wp:term":[{"taxonomy":"country","embeddable":true,"href":"https:\/\/stayinn.travel\/es\/wp-json\/wp\/v2\/country?post=16305"},{"taxonomy":"product_brand","embeddable":true,"href":"https:\/\/stayinn.travel\/es\/wp-json\/wp\/v2\/product_brand?post=16305"},{"taxonomy":"product_cat","embeddable":true,"href":"https:\/\/stayinn.travel\/es\/wp-json\/wp\/v2\/product_cat?post=16305"},{"taxonomy":"product_tag","embeddable":true,"href":"https:\/\/stayinn.travel\/es\/wp-json\/wp\/v2\/product_tag?post=16305"}],"curies":[{"name":"wp","href":"https:\/\/api.w.org\/{rel}","templated":true}]}}