{"id":16309,"date":"2025-10-20T15:58:07","date_gmt":"2025-10-20T15:58:07","guid":{"rendered":"https:\/\/stayinn.travel\/product\/nuku-hiva-taiohae-room-n3-demi-pension\/"},"modified":"2026-04-16T10:34:51","modified_gmt":"2026-04-16T10:34:51","slug":"nuku-hiva-taiohae-room-n3-demi-pension","status":"publish","type":"product","link":"https:\/\/stayinn.travel\/es\/product\/nuku-hiva-taiohae-room-n3-demi-pension\/","title":{"rendered":"NUKU HIVA &#8211; Taiohae Room n\u00b03  &#038; Demi-pension"},"content":{"rendered":"<p>NUKU-HIVA &#8211; Habitaci\u00f3n Taiohae y Desayuno Gratis n\u00b03<br \/>\n<br \/>Stayinn.vacations le ofrece la oportunidad de visitar Las Marquesas y m\u00e1s particularmente la isla de Nuku Hiva. Es la m\u00e1s grandiosa del archipi\u00e9lago de las Marquesas y la 2\u00aa isla m\u00e1s grande de Polinesia despu\u00e9s de Tahit\u00ed.<br \/>\n<br \/>Un lugar preservado, que ofrece sitios arqueol\u00f3gicos y naturales impresionantes que le har\u00e1n viajar al pasado de las Marquesas ancestrales y paisajes fe\u00e9ricos como: Kamuihei, Taipivai, la cascada de Hakaui de 350 metros de altura que la convierte en la 3\u00aa cascada natural m\u00e1s alta del mundo&#8230;<\/p>\n<p>Despu\u00e9s de d\u00edas bien aprovechados descubriendo tesoros escondidos, el pueblo de Taiohae ser\u00e1 el lugar ideal para reponerse. Este peque\u00f1o puerto tranquilo al fondo de la bah\u00eda, protegido por dos macizos rocosos, le ofrecer\u00e1 un marco relajante y lleno de encanto. Quedar\u00e1 fascinado por sus largas playas de arena negra donde es agradable pasear, mientras se cruza con los orgullosos jinetes de la isla. En las Marquesas, el caballo sigue siendo hoy en d\u00eda el medio de transporte principal de los habitantes de los valles.<\/p>\n<p>A pocos pasos del centro del pueblo les ofrecemos una de las 8 habitaciones con aire acondicionado, con ba\u00f1o privado que puede acoger hasta 3 personas. Apreciar\u00e1n la comodidad de este alojamiento con aire acondicionado, wifi gratuito, terraza con tumbonas y vista a la bah\u00eda, los desayunos y cenas ofrecidos se sirven en la terraza, el traslado al aeropuerto es posible (modalidades de precio y pago a solicitud), agua caliente a disposici\u00f3n&#8230;<br \/>\n<br \/>Una hermosa aventura les espera y que comenzar\u00e1 desde su llegada al aeropuerto ya que tendr\u00e1n que atravesar toda la isla y varios valles para llegar a su alojamiento. Durante este trayecto, salpicado de encuentros ins\u00f3litos: caballos y cabras salvajes, quedar\u00e1n subyugados por el espect\u00e1culo de las crestas bas\u00e1lticas y los ca\u00f1ones profundos.<\/p>\n<p>A saber que nuestros precios incluyen el desayuno y la cena (men\u00fa \u00fanico mostrado desde primera hora de la ma\u00f1ana)<\/p>\n<p>El archipi\u00e9lago de las Marquesas son islas volc\u00e1nicas, exuberantes y altas que emergen del oc\u00e9ano Pac\u00edfico. Aqu\u00ed se dice que es una tierra de historias y leyendas tan fascinante como inolvidable. Las Marquesas tambi\u00e9n son llamadas \u00abLa Tierra de los Hombres\u00bb. Se encuentran a 1.500 km al noreste de Tahit\u00ed, servidas por v\u00eda a\u00e9rea desde Tahit\u00ed o por v\u00eda mar\u00edtima en barco, y est\u00e1n repartidas en 12 islas, de las cuales solo seis est\u00e1n habitadas.<br \/>\n<br \/>Los marquisios son considerados los mejores artesanos de la Polinesia. Su arte se expresa de diferentes maneras, desde la escultura, pasando por el arte del tatuaje aut\u00e9ntico y la confecci\u00f3n de joyas sorprendentes. Un destino lleno de aventura, lugares ex\u00f3ticos y riquezas de todo tipo por descubrir.<\/p>\n<p>Toda reserva est\u00e1 sujeta obligatoriamente a la aceptaci\u00f3n sin restricciones de nuestras condiciones generales de venta visibles en nuestro sitio web Stayinn.Vacations haciendo clic en las condiciones generales.<\/p>\n<p>N\u00famero TAHIT\u00cd: 440131<\/p>\n","protected":false},"excerpt":{"rendered":"<p>NUKU-HIVA &#8211; Habitaci\u00f3n Taiohae y Desayuno Gratis n\u00b03 Stayinn.vacations le ofrece la oportunidad de visitar Las Marquesas y m\u00e1s particularmente la isla de Nuku Hiva. Es la m\u00e1s grandiosa del archipi\u00e9lago de las Marquesas y la 2\u00aa isla m\u00e1s grande de Polinesia despu\u00e9s de Tahit\u00ed. Un lugar preservado, que ofrece sitios arqueol\u00f3gicos y naturales impresionantes [&hellip;]<\/p>\n","protected":false},"featured_media":16509,"comment_status":"open","ping_status":"closed","template":"","meta":{"inline_featured_image":false},"country":[],"product_brand":[],"product_cat":[293],"product_tag":[],"class_list":{"0":"post-16309","1":"product","2":"type-product","3":"status-publish","4":"has-post-thumbnail","6":"product_cat-alojamiento","8":"first","9":"instock","10":"shipping-taxable","11":"purchasable","12":"product-type-simple"},"acf":[],"_links":{"self":[{"href":"https:\/\/stayinn.travel\/es\/wp-json\/wp\/v2\/product\/16309","targetHints":{"allow":["GET"]}}],"collection":[{"href":"https:\/\/stayinn.travel\/es\/wp-json\/wp\/v2\/product"}],"about":[{"href":"https:\/\/stayinn.travel\/es\/wp-json\/wp\/v2\/types\/product"}],"replies":[{"embeddable":true,"href":"https:\/\/stayinn.travel\/es\/wp-json\/wp\/v2\/comments?post=16309"}],"wp:featuredmedia":[{"embeddable":true,"href":"https:\/\/stayinn.travel\/es\/wp-json\/wp\/v2\/media\/16509"}],"wp:attachment":[{"href":"https:\/\/stayinn.travel\/es\/wp-json\/wp\/v2\/media?parent=16309"}],"wp:term":[{"taxonomy":"country","embeddable":true,"href":"https:\/\/stayinn.travel\/es\/wp-json\/wp\/v2\/country?post=16309"},{"taxonomy":"product_brand","embeddable":true,"href":"https:\/\/stayinn.travel\/es\/wp-json\/wp\/v2\/product_brand?post=16309"},{"taxonomy":"product_cat","embeddable":true,"href":"https:\/\/stayinn.travel\/es\/wp-json\/wp\/v2\/product_cat?post=16309"},{"taxonomy":"product_tag","embeddable":true,"href":"https:\/\/stayinn.travel\/es\/wp-json\/wp\/v2\/product_tag?post=16309"}],"curies":[{"name":"wp","href":"https:\/\/api.w.org\/{rel}","templated":true}]}}