{"id":16311,"date":"2025-10-20T15:58:01","date_gmt":"2025-10-20T15:58:01","guid":{"rendered":"https:\/\/stayinn.travel\/product\/nuku-hiva-fare-mokai-2\/"},"modified":"2026-04-16T10:34:52","modified_gmt":"2026-04-16T10:34:52","slug":"nuku-hiva-fare-mokai-2","status":"publish","type":"product","link":"https:\/\/stayinn.travel\/es\/product\/nuku-hiva-fare-mokai-2\/","title":{"rendered":"NUKU HIVA &#8211; Fare Mokai"},"content":{"rendered":"<p>NUKU-HIVA \u2013 Fare Mokai<br \/>\n<br \/>Stayinn Vacations lo invita a explorar las Marquesas, un archipi\u00e9lago de 12 islas de las cuales solo 6 est\u00e1n habitadas, ubicadas a 2.500 km de Tahit\u00ed. La magn\u00edfica isla de Nuku Hiva ahora es accesible y promete llenarte de experiencias inolvidables. \u00a1Fare Mokai ser\u00e1 su alojamiento durante esta aventura en Tierra de los Hombres!<br \/>\n<br \/>Bienvenido a \u00abLa Tierra de los Hombres\u00bb, Te Fenua Enata en el idioma marquesano, la naturaleza cruda es simplemente espectacular, lejos de las im\u00e1genes tradicionales de lagunas turquesas y playas de arena blanca de las islas m\u00e1s famosas de Polinesia. Aqu\u00ed en las Marquesas encontrar\u00e1 este sutil equilibrio de anta\u00f1o entre el hombre y la naturaleza, el respeto por las costumbres ancestrales, una rica historia y los mejores artesanos del territorio polinesio.<\/p>\n<p>Los marquesa son naturalmente generosos y orgullosos de su cultura, que tambi\u00e9n saben contar maravillosamente a trav\u00e9s de sus historias y leyendas a los viajeros que pasan.<br \/>\n<br \/>Fare Mokai se encuentra en el fondo de una gran bah\u00eda en el pueblo de Taiohae en la costa sur de Nuku Hiva. Este lugar ser\u00e1 su puerto de origen y le ofrecer\u00e1 tranquilidad, calma y confort. \u00a1Ideal, por lo tanto, despu\u00e9s de largos d\u00edas agitados explorando la isla!<br \/>\n<br \/>La casa tiene 3 habitaciones con aire acondicionado, cada una con una cama doble. A su disposici\u00f3n 2 ba\u00f1os y 2 aseos. Para el s\u00e9ptimo y octavo viajero, se instalar\u00e1n camas individuales adicionales en 2 de las habitaciones.<\/p>\n<p>La amplia terraza con 1 sal\u00f3n al aire libre le permitir\u00e1 disfrutar, en familia o con amigos, de los \u00faltimos rayos de sol del d\u00eda en torno a un aperitivo. \u00a1Buenos momentos de compartir en perspectiva!<br \/>\n<br \/>El sal\u00f3n es muy c\u00f3modo, equipado con un sof\u00e1, 2 sillones y un televisor de pantalla plana. Puedes seguir o descubrir los programas de los canales locales y franceses.<br \/>\n<br \/>La cocina est\u00e1 totalmente equipada para garantizar una autonom\u00eda completa durante su estancia. \u00a1Podr\u00e1 preparar las mejores comidas del chef y deleitar las papilas gustativas de sus invitados!<br \/>\n<br \/>En el pueblo encontrar\u00e1 todas las comodidades: supermercados, correos, banco, panader\u00eda, farmacia, bocadillos &#8230;<\/p>\n<p>* Transporte al aeropuerto (a pagar localmente) <\/p>\n<p>Aproveche esta oportunidad casi \u00fanica para descubrir Nuku Hiva, un lugar a\u00fan preservado, que ofrece impresionantes sitios arqueol\u00f3gicos y naturales, que lo har\u00e1n viajar en el pasado de las Marquesas ancestrales y paisajes m\u00e1gicos como: Kamuihei, Taipivai, la cascada de Hakaui. 350 metros lo que la convierte en la tercera cascada natural m\u00e1s alta del mundo &#8230;<\/p>\n<p>Todas las reservas est\u00e1n sujetas a la aceptaci\u00f3n sin restricciones de nuestras condiciones generales de venta visibles en nuestro sitio Stayinn.Vacations haciendo clic en las condiciones generales.<\/p>\n<p>N\u00famero de registro : 971DTO-MT<\/p>\n","protected":false},"excerpt":{"rendered":"<p>NUKU-HIVA \u2013 Fare Mokai Stayinn Vacations lo invita a explorar las Marquesas, un archipi\u00e9lago de 12 islas de las cuales solo 6 est\u00e1n habitadas, ubicadas a 2.500 km de Tahit\u00ed. La magn\u00edfica isla de Nuku Hiva ahora es accesible y promete llenarte de experiencias inolvidables. \u00a1Fare Mokai ser\u00e1 su alojamiento durante esta aventura en Tierra [&hellip;]<\/p>\n","protected":false},"featured_media":16312,"comment_status":"open","ping_status":"closed","template":"","meta":{"inline_featured_image":false},"country":[],"product_brand":[],"product_cat":[293],"product_tag":[],"class_list":{"0":"post-16311","1":"product","2":"type-product","3":"status-publish","4":"has-post-thumbnail","6":"product_cat-alojamiento","8":"first","9":"instock","10":"shipping-taxable","11":"purchasable","12":"product-type-simple"},"acf":[],"_links":{"self":[{"href":"https:\/\/stayinn.travel\/es\/wp-json\/wp\/v2\/product\/16311","targetHints":{"allow":["GET"]}}],"collection":[{"href":"https:\/\/stayinn.travel\/es\/wp-json\/wp\/v2\/product"}],"about":[{"href":"https:\/\/stayinn.travel\/es\/wp-json\/wp\/v2\/types\/product"}],"replies":[{"embeddable":true,"href":"https:\/\/stayinn.travel\/es\/wp-json\/wp\/v2\/comments?post=16311"}],"wp:featuredmedia":[{"embeddable":true,"href":"https:\/\/stayinn.travel\/es\/wp-json\/wp\/v2\/media\/16312"}],"wp:attachment":[{"href":"https:\/\/stayinn.travel\/es\/wp-json\/wp\/v2\/media?parent=16311"}],"wp:term":[{"taxonomy":"country","embeddable":true,"href":"https:\/\/stayinn.travel\/es\/wp-json\/wp\/v2\/country?post=16311"},{"taxonomy":"product_brand","embeddable":true,"href":"https:\/\/stayinn.travel\/es\/wp-json\/wp\/v2\/product_brand?post=16311"},{"taxonomy":"product_cat","embeddable":true,"href":"https:\/\/stayinn.travel\/es\/wp-json\/wp\/v2\/product_cat?post=16311"},{"taxonomy":"product_tag","embeddable":true,"href":"https:\/\/stayinn.travel\/es\/wp-json\/wp\/v2\/product_tag?post=16311"}],"curies":[{"name":"wp","href":"https:\/\/api.w.org\/{rel}","templated":true}]}}