{"id":16318,"date":"2025-10-20T15:57:57","date_gmt":"2025-10-20T15:57:57","guid":{"rendered":"https:\/\/stayinn.travel\/product\/moorea-villa-maoe-pool-pmr-2\/"},"modified":"2026-04-16T10:34:55","modified_gmt":"2026-04-16T10:34:55","slug":"moorea-villa-maoe-pool-pmr-2","status":"publish","type":"product","link":"https:\/\/stayinn.travel\/es\/product\/moorea-villa-maoe-pool-pmr-2\/","title":{"rendered":"MOOREA &#8211; Villa Maoe Pool (PMR)"},"content":{"rendered":"<p>MOOREA &#8211; Villa Maoe Pool (PMR) <\/p>\n<p>\u00a1UNA VILLA ECOL\u00d3GICA ACCESIBLE A PERSONAS CON MOVILIDAD REDUCIDA EN MOOREA!<\/p>\n<p>Reserve para sus vacaciones o escapada una villa ecol\u00f3gica y dise\u00f1ada por un arquitecto con piscina privada y jard\u00edn vallado, que puede alojar c\u00f3modamente a 9 personas.<br \/>\n<br \/>Ideal para estancias en familia o con amigos, este lugar le ofrecer\u00e1 convivencia y tranquilidad. La propiedad est\u00e1 ubicada en Afareaitu en la ladera de la monta\u00f1a, cerca del muelle del ferry, en una zona tranquila y familiar.<\/p>\n<p>La villa es ecol\u00f3gica y energ\u00e9ticamente autosuficiente. La electricidad se produce mediante paneles fotovoltaicos colocados bajo el techo y el agua se proporciona mediante paneles solares y un tanque de almacenamiento de 300 L. Ha sido totalmente adaptado para acoger a personas con movilidad reducida gracias a su senderos f\u00e1cilmente transitables, su rampa de acceso, sus salas de estar y los 2 amplios dormitorios.<\/p>\n<p>La propiedad consta de una sala de estar amueblada, con aire acondicionado y equipada con un sof\u00e1 de la esquina (convertible en una cama individual para el noveno ocupante), sillones, Smart TV de pantalla plana. Una cocina totalmente equipada para preparar sus comidas y tratar a sus invitados.<br \/>\n<br \/>El dormitorio principal tiene aire acondicionado con cama king size, armario y caja fuerte para guardar sus objetos de valor. El segundo dormitorio est\u00e1 equipado con una cama Queen Size y un armario de almacenamiento. El entrepiso con aire acondicionado tambi\u00e9n tiene capacidad para 4 personas, hay 1 cama Queen y 1 cama doble, 1 cofre de almacenamiento y un estante para sus efectos personales.<br \/>\n<br \/>El ba\u00f1o de la villa consta de 2 tocadores, un inodoro, una ba\u00f1era y una ducha a ras de suelo. Un segundo inodoro independiente con lavabo est\u00e1 disponible. Una lavadora est\u00e1 disponible para usted en la casa.<br \/>\n<br \/>La terraza est\u00e1 cubierta y ser\u00e1 tu lugar favorito para tus aperitivos, comidas o incluso un momento de lectura o descanso. Mesas, sillas y sof\u00e1 amueblan este lugar donde puedes ver a tus hijos mientras nadan.<br \/>\n<br \/>La piscina, totalmente embaldosada, con una zona adaptada para ni\u00f1os peque\u00f1os, har\u00e1 las delicias de grandes y peque\u00f1os. \u00a1Una sombrilla y tumbonas te esperan! Cada tarde estar\u00e1 animada por un juego de luces multicolor, admire y disfrute de estos momentos.<br \/>\n<br \/>El jard\u00edn est\u00e1 completamente vallado, sus ni\u00f1os peque\u00f1os est\u00e1n a salvo. Hay un refugio para su veh\u00edculo.<\/p>\n<p>LO ESCENCIAL<br \/>\n<br \/>* Villa ecol\u00f3gica y energ\u00e9ticamente aut\u00f3noma en armon\u00eda con nuestro Fenua<br \/>\n<br \/>* Adaptado para alojar a una persona con movilidad reducida (PMR)<br \/>\n<br \/>* Piscina privada con espect\u00e1culo de luces multicolores cada tarde<br \/>\n<br \/>* Aire acondicionado en todo con sistema split con control remoto<br \/>\n<br \/>* Equipo de calidad<br \/>\n<br \/>* Internet de fibra \u00f3ptica ilimitado<br \/>\n<br \/>* Smart TV con Netflix<br \/>\n<br \/>*Parilla<br \/>\n<br \/>* Beber agua del grifo<br \/>\n<br \/>* Mantenimiento regular de la piscina (control y limpieza del agua)<br \/>\n<br \/>* Gallos y gallinas, visitantes ocasionales del jard\u00edn, son parte del barrio y de la vida isle\u00f1a.<\/p>\n<p>N\u00famero de registro : 1417DTO-MT<\/p>\n","protected":false},"excerpt":{"rendered":"<p>MOOREA &#8211; Villa Maoe Pool (PMR) \u00a1UNA VILLA ECOL\u00d3GICA ACCESIBLE A PERSONAS CON MOVILIDAD REDUCIDA EN MOOREA! Reserve para sus vacaciones o escapada una villa ecol\u00f3gica y dise\u00f1ada por un arquitecto con piscina privada y jard\u00edn vallado, que puede alojar c\u00f3modamente a 9 personas. Ideal para estancias en familia o con amigos, este lugar le [&hellip;]<\/p>\n","protected":false},"featured_media":16319,"comment_status":"open","ping_status":"closed","template":"","meta":{"inline_featured_image":false},"country":[],"product_brand":[],"product_cat":[293],"product_tag":[],"class_list":{"0":"post-16318","1":"product","2":"type-product","3":"status-publish","4":"has-post-thumbnail","6":"product_cat-alojamiento","8":"first","9":"instock","10":"shipping-taxable","11":"purchasable","12":"product-type-simple"},"acf":[],"_links":{"self":[{"href":"https:\/\/stayinn.travel\/es\/wp-json\/wp\/v2\/product\/16318","targetHints":{"allow":["GET"]}}],"collection":[{"href":"https:\/\/stayinn.travel\/es\/wp-json\/wp\/v2\/product"}],"about":[{"href":"https:\/\/stayinn.travel\/es\/wp-json\/wp\/v2\/types\/product"}],"replies":[{"embeddable":true,"href":"https:\/\/stayinn.travel\/es\/wp-json\/wp\/v2\/comments?post=16318"}],"wp:featuredmedia":[{"embeddable":true,"href":"https:\/\/stayinn.travel\/es\/wp-json\/wp\/v2\/media\/16319"}],"wp:attachment":[{"href":"https:\/\/stayinn.travel\/es\/wp-json\/wp\/v2\/media?parent=16318"}],"wp:term":[{"taxonomy":"country","embeddable":true,"href":"https:\/\/stayinn.travel\/es\/wp-json\/wp\/v2\/country?post=16318"},{"taxonomy":"product_brand","embeddable":true,"href":"https:\/\/stayinn.travel\/es\/wp-json\/wp\/v2\/product_brand?post=16318"},{"taxonomy":"product_cat","embeddable":true,"href":"https:\/\/stayinn.travel\/es\/wp-json\/wp\/v2\/product_cat?post=16318"},{"taxonomy":"product_tag","embeddable":true,"href":"https:\/\/stayinn.travel\/es\/wp-json\/wp\/v2\/product_tag?post=16318"}],"curies":[{"name":"wp","href":"https:\/\/api.w.org\/{rel}","templated":true}]}}