{"id":16320,"date":"2025-10-20T15:58:05","date_gmt":"2025-10-20T15:58:05","guid":{"rendered":"https:\/\/stayinn.travel\/product\/moorea-just-chill-inn-2\/"},"modified":"2026-04-16T10:34:55","modified_gmt":"2026-04-16T10:34:55","slug":"moorea-just-chill-inn-2","status":"publish","type":"product","link":"https:\/\/stayinn.travel\/es\/product\/moorea-just-chill-inn-2\/","title":{"rendered":"MOOREA &#8211; JUST CHILL INN"},"content":{"rendered":"<p>MOOREA &#8211; JUST CHILL INN<br \/>\n<br \/>Un peque\u00f1o capullo ubicado en Pihaena en la ladera de la monta\u00f1a, muy cerca de la bonita playa de Ta&#8217;ahiamanu que ha sido remodelada para el deleite de nuestros visitantes que pasan. \u00a1Ideal para una escapada rom\u00e1ntica o en familia!<\/p>\n<p>Just Chill Inn le ofrecer\u00e1 un ambiente suave y acogedor. El bungalow tiene aire acondicionado y tiene capacidad para 4 personas c\u00f3modamente. Apreciar\u00e1 la elegancia del lugar mezclada con el encanto de las islas. La terraza privada y su jacuzzi ser\u00e1n sin duda tu lugar favorito. Un verdadero Jard\u00edn del Ed\u00e9n con ambientes vegetales y envolventes acompa\u00f1ar\u00e1 sus veladas.<br \/>\n<br \/>Compuesto por un dormitorio principal con cama King size, un altillo para 2 personas con 2 colchones individuales colocados en el piso y un amplio ba\u00f1o con inodoro + 1 inodoro con ducha separada. La cocina est\u00e1 totalmente equipada y se abre a un sal\u00f3n con TV de pantalla plana y un bar que da a la terraza con sillas de bar. Todo est\u00e1 ah\u00ed para estancias tranquilas y tranquilas.<\/p>\n<p>LO ESCENCIAL<br \/>\n<br \/>* Ambiente acogedor y elegante.<br \/>\n<br \/>* Alojamiento con aire acondicionado<br \/>\n<br \/>* Jacuzzi privado<br \/>\n<br \/>* Cerca de la playa<br \/>\n<br \/>* Cerca de servicios<br \/>\n<br \/>* Internet wifi gratis<br \/>\n<br \/>* Aparcamiento gratuito para su veh\u00edculo<br \/>\n<br \/>* Ropa de cama proporcionada<br \/>\n<br \/>* Llegada anticipada posible bajo petici\u00f3n, sujeta a disponibilidad y con suplemento<br \/>\n<br \/>* Llegada tard\u00eda posible con cita previa con suplemento<\/p>\n<p>Todas las reservas est\u00e1n sujetas a la aceptaci\u00f3n irrestricta de nuestras condiciones generales de venta visibles en nuestro sitio Stayinn.Vacations haciendo clic en las condiciones generales.<\/p>\n<p>N\u00famero de registro : 1300DTO-MT<\/p>\n","protected":false},"excerpt":{"rendered":"<p>MOOREA &#8211; JUST CHILL INN Un peque\u00f1o capullo ubicado en Pihaena en la ladera de la monta\u00f1a, muy cerca de la bonita playa de Ta&#8217;ahiamanu que ha sido remodelada para el deleite de nuestros visitantes que pasan. \u00a1Ideal para una escapada rom\u00e1ntica o en familia! Just Chill Inn le ofrecer\u00e1 un ambiente suave y acogedor. [&hellip;]<\/p>\n","protected":false},"featured_media":16527,"comment_status":"open","ping_status":"closed","template":"","meta":{"inline_featured_image":false},"country":[],"product_brand":[],"product_cat":[293],"product_tag":[],"class_list":{"0":"post-16320","1":"product","2":"type-product","3":"status-publish","4":"has-post-thumbnail","6":"product_cat-alojamiento","8":"first","9":"instock","10":"shipping-taxable","11":"purchasable","12":"product-type-simple"},"acf":[],"_links":{"self":[{"href":"https:\/\/stayinn.travel\/es\/wp-json\/wp\/v2\/product\/16320","targetHints":{"allow":["GET"]}}],"collection":[{"href":"https:\/\/stayinn.travel\/es\/wp-json\/wp\/v2\/product"}],"about":[{"href":"https:\/\/stayinn.travel\/es\/wp-json\/wp\/v2\/types\/product"}],"replies":[{"embeddable":true,"href":"https:\/\/stayinn.travel\/es\/wp-json\/wp\/v2\/comments?post=16320"}],"wp:featuredmedia":[{"embeddable":true,"href":"https:\/\/stayinn.travel\/es\/wp-json\/wp\/v2\/media\/16527"}],"wp:attachment":[{"href":"https:\/\/stayinn.travel\/es\/wp-json\/wp\/v2\/media?parent=16320"}],"wp:term":[{"taxonomy":"country","embeddable":true,"href":"https:\/\/stayinn.travel\/es\/wp-json\/wp\/v2\/country?post=16320"},{"taxonomy":"product_brand","embeddable":true,"href":"https:\/\/stayinn.travel\/es\/wp-json\/wp\/v2\/product_brand?post=16320"},{"taxonomy":"product_cat","embeddable":true,"href":"https:\/\/stayinn.travel\/es\/wp-json\/wp\/v2\/product_cat?post=16320"},{"taxonomy":"product_tag","embeddable":true,"href":"https:\/\/stayinn.travel\/es\/wp-json\/wp\/v2\/product_tag?post=16320"}],"curies":[{"name":"wp","href":"https:\/\/api.w.org\/{rel}","templated":true}]}}