{"id":16323,"date":"2025-10-20T15:58:08","date_gmt":"2025-10-20T15:58:08","guid":{"rendered":"https:\/\/stayinn.travel\/product\/bora-holidays-superior-bedroom-1-2\/"},"modified":"2026-04-16T10:34:57","modified_gmt":"2026-04-16T10:34:57","slug":"bora-holidays-superior-bedroom-1-2","status":"publish","type":"product","link":"https:\/\/stayinn.travel\/es\/product\/bora-holidays-superior-bedroom-1-2\/","title":{"rendered":"BORA \u2013 Holidays Superior Bedroom 1"},"content":{"rendered":"<p>BORA \u2013 Holiday\u2019s Superior Bedroom &#038; Pool n\u00b01<br \/>\n<br \/>Ubicado entre Vaitape y Faanui, a menos de 3 km de servicios, restaurantes y tiendas, y a solo 300 metros del famoso e imperdible Yacht Club Bora Bora, se encuentra una bonita residencia de vacaciones con varios alojamientos disponibles. Ideal para viajes en solitario, rom\u00e1nticos, familiares, amigos o incluso organizados.<\/p>\n<p>Se trata de una habitaci\u00f3n superior de 21m\u00b2 con suelo de parquet, aire acondicionado y todas las comodidades. Est\u00e1 equipada con una cama de matrimonio, TV con zona de escritorio, hervidor de agua y nevera peque\u00f1a, as\u00ed como un cuarto de ducha privado con lavabo e inodoro. Apreciar\u00e1 su balc\u00f3n con mesa y sillas para su caf\u00e9 de la ma\u00f1ana.<br \/>\n<br \/>La residencia se beneficia de una gran piscina, con un sol\u00e1rium y un Fare Potee amueblado. El acceso es gratuito para todos los inquilinos.<\/p>\n<p>Lo escencial :<br \/>\n<br \/>* Piscina de libre acceso 9.00 a 20.00<br \/>\n<br \/>* Habitaci\u00f3n climatizada y confortable con ducha privada.<br \/>\n<br \/>* 1 plaza de aparcamiento<br \/>\n<br \/>* Internet wifi gratis<br \/>\n<br \/>* Muy buena ubicaci\u00f3n geogr\u00e1fica: cerca del Yacht Club Bora Bora, el pueblo principal de Vaitape y sus servicios y centro de actividades.<br \/>\n<br \/>* Para hacer: visitar el mercado de artesan\u00edas, recorrer la isla en bicicleta, la playa de Matira, Les Canons de Faanui, ver el Heiva (Festival Polinesio de Danzas y Canciones &#8211; Mes de julio) el \u00fanico sobre arena blanca que le da su encanto especial &#8230;<\/p>\n<p>Todas las reservas est\u00e1n sujetas a la aceptaci\u00f3n sin restricciones de nuestras condiciones generales de venta visibles en nuestro sitio Stayinn.Vacations haciendo clic en las condiciones generales.<\/p>\n<p>n\u00famero de registro : 704DTO-MT<\/p>\n","protected":false},"excerpt":{"rendered":"<p>BORA \u2013 Holiday\u2019s Superior Bedroom &#038; Pool n\u00b01 Ubicado entre Vaitape y Faanui, a menos de 3 km de servicios, restaurantes y tiendas, y a solo 300 metros del famoso e imperdible Yacht Club Bora Bora, se encuentra una bonita residencia de vacaciones con varios alojamientos disponibles. Ideal para viajes en solitario, rom\u00e1nticos, familiares, amigos [&hellip;]<\/p>\n","protected":false},"featured_media":16534,"comment_status":"open","ping_status":"closed","template":"","meta":{"inline_featured_image":false},"country":[],"product_brand":[],"product_cat":[293],"product_tag":[],"class_list":{"0":"post-16323","1":"product","2":"type-product","3":"status-publish","4":"has-post-thumbnail","6":"product_cat-alojamiento","8":"first","9":"instock","10":"shipping-taxable","11":"purchasable","12":"product-type-simple"},"acf":[],"_links":{"self":[{"href":"https:\/\/stayinn.travel\/es\/wp-json\/wp\/v2\/product\/16323","targetHints":{"allow":["GET"]}}],"collection":[{"href":"https:\/\/stayinn.travel\/es\/wp-json\/wp\/v2\/product"}],"about":[{"href":"https:\/\/stayinn.travel\/es\/wp-json\/wp\/v2\/types\/product"}],"replies":[{"embeddable":true,"href":"https:\/\/stayinn.travel\/es\/wp-json\/wp\/v2\/comments?post=16323"}],"wp:featuredmedia":[{"embeddable":true,"href":"https:\/\/stayinn.travel\/es\/wp-json\/wp\/v2\/media\/16534"}],"wp:attachment":[{"href":"https:\/\/stayinn.travel\/es\/wp-json\/wp\/v2\/media?parent=16323"}],"wp:term":[{"taxonomy":"country","embeddable":true,"href":"https:\/\/stayinn.travel\/es\/wp-json\/wp\/v2\/country?post=16323"},{"taxonomy":"product_brand","embeddable":true,"href":"https:\/\/stayinn.travel\/es\/wp-json\/wp\/v2\/product_brand?post=16323"},{"taxonomy":"product_cat","embeddable":true,"href":"https:\/\/stayinn.travel\/es\/wp-json\/wp\/v2\/product_cat?post=16323"},{"taxonomy":"product_tag","embeddable":true,"href":"https:\/\/stayinn.travel\/es\/wp-json\/wp\/v2\/product_tag?post=16323"}],"curies":[{"name":"wp","href":"https:\/\/api.w.org\/{rel}","templated":true}]}}