{"id":16331,"date":"2025-10-20T15:58:08","date_gmt":"2025-10-20T15:58:08","guid":{"rendered":"https:\/\/stayinn.travel\/product\/huahine-bungalow-pitate-2\/"},"modified":"2026-04-16T10:35:00","modified_gmt":"2026-04-16T10:35:00","slug":"huahine-bungalow-pitate-2","status":"publish","type":"product","link":"https:\/\/stayinn.travel\/es\/product\/huahine-bungalow-pitate-2\/","title":{"rendered":"HUAHINE &#8211; Bungalow Pitate"},"content":{"rendered":"<p>HUAHINE &#8211; Bungalow Pitate<br \/>\n<br \/>Huahine La Sauvage es la isla m\u00e1s aut\u00e9ntica del archipi\u00e9lago de la Sociedad. <\/p>\n<p>Inmerso en plena naturaleza en una propiedad privada con piscina, donde se combinan autenticidad, relajaci\u00f3n y vacaciones, \u00a1alquile este bungalow polinesio para 2 personas para una escapada o m\u00e1s! Un alojamiento ideal para estancias de bajo coste: traslado gratuito al aeropuerto, cerca del pueblo, piscina, bungalow individual<\/p>\n<p>Su anfitri\u00f3n le dar\u00e1 una calurosa bienvenida directamente en el aeropuerto y le llevar\u00e1 al alojamiento.<br \/>\n<br \/>La piscina central har\u00e1 las delicias de los visitantes y ser\u00e1 sin duda su lugar favorito. Disfr\u00fatalo sin moderaci\u00f3n.<br \/>\n<br \/>La propiedad se compone de varios bungalows enclavados en la vegetaci\u00f3n, un cambio de escenario garantizado.<br \/>\n<br \/>Cada bungalow est\u00e1 equipado con una cama doble, su propio cuarto de ducha, un ventilador y una terraza privada. Se proporciona la ropa de cama durante toda la estancia.<\/p>\n<p>El servicio de catering est\u00e1 disponible bajo petici\u00f3n (a pagar en el lugar):<br \/>\n<br \/>Desayuno continental a 1000 xpf por persona<br \/>\n<br \/>Cena de 2 platos con sabores isle\u00f1os y seg\u00fan el mercado del d\u00eda 3 500 xpf por persona<\/p>\n<p>Lo esencial:<br \/>\n<br \/>*Traslado gratuito al aeropuerto<br \/>\n<br \/>*Acceso gratuito a la piscina<br \/>\n<br \/>*Agua caliente solar<br \/>\n<br \/>*Acceso gratuito a Internet por wifi<br \/>\n<br \/>*Aparcamiento in situ a su disposici\u00f3n<br \/>\n<br \/>*Seguimiento personalizado de su estancia<br \/>\n<br \/>*Restauraci\u00f3n posible<\/p>\n<p>Todas las reservas est\u00e1n sujetas a la plena aceptaci\u00f3n de nuestras condiciones generales de venta que pueden consultarse en nuestra p\u00e1gina web Stayinn.Vacations haciendo clic en las condiciones generales.<\/p>\n<p>N\u00famero TAHITI : 398099<br \/><\/p>\n","protected":false},"excerpt":{"rendered":"<p>HUAHINE &#8211; Bungalow Pitate Huahine La Sauvage es la isla m\u00e1s aut\u00e9ntica del archipi\u00e9lago de la Sociedad. Inmerso en plena naturaleza en una propiedad privada con piscina, donde se combinan autenticidad, relajaci\u00f3n y vacaciones, \u00a1alquile este bungalow polinesio para 2 personas para una escapada o m\u00e1s! Un alojamiento ideal para estancias de bajo coste: traslado [&hellip;]<\/p>\n","protected":false},"featured_media":16332,"comment_status":"open","ping_status":"closed","template":"","meta":{"inline_featured_image":false},"country":[],"product_brand":[],"product_cat":[293],"product_tag":[],"class_list":{"0":"post-16331","1":"product","2":"type-product","3":"status-publish","4":"has-post-thumbnail","6":"product_cat-alojamiento","8":"first","9":"instock","10":"shipping-taxable","11":"purchasable","12":"product-type-simple"},"acf":[],"_links":{"self":[{"href":"https:\/\/stayinn.travel\/es\/wp-json\/wp\/v2\/product\/16331","targetHints":{"allow":["GET"]}}],"collection":[{"href":"https:\/\/stayinn.travel\/es\/wp-json\/wp\/v2\/product"}],"about":[{"href":"https:\/\/stayinn.travel\/es\/wp-json\/wp\/v2\/types\/product"}],"replies":[{"embeddable":true,"href":"https:\/\/stayinn.travel\/es\/wp-json\/wp\/v2\/comments?post=16331"}],"wp:featuredmedia":[{"embeddable":true,"href":"https:\/\/stayinn.travel\/es\/wp-json\/wp\/v2\/media\/16332"}],"wp:attachment":[{"href":"https:\/\/stayinn.travel\/es\/wp-json\/wp\/v2\/media?parent=16331"}],"wp:term":[{"taxonomy":"country","embeddable":true,"href":"https:\/\/stayinn.travel\/es\/wp-json\/wp\/v2\/country?post=16331"},{"taxonomy":"product_brand","embeddable":true,"href":"https:\/\/stayinn.travel\/es\/wp-json\/wp\/v2\/product_brand?post=16331"},{"taxonomy":"product_cat","embeddable":true,"href":"https:\/\/stayinn.travel\/es\/wp-json\/wp\/v2\/product_cat?post=16331"},{"taxonomy":"product_tag","embeddable":true,"href":"https:\/\/stayinn.travel\/es\/wp-json\/wp\/v2\/product_tag?post=16331"}],"curies":[{"name":"wp","href":"https:\/\/api.w.org\/{rel}","templated":true}]}}