{"id":16336,"date":"2025-10-20T15:57:56","date_gmt":"2025-10-20T15:57:56","guid":{"rendered":"https:\/\/stayinn.travel\/product\/tahiti-orovini-cottage-2\/"},"modified":"2026-04-16T10:35:02","modified_gmt":"2026-04-16T10:35:02","slug":"tahiti-orovini-cottage-2","status":"publish","type":"product","link":"https:\/\/stayinn.travel\/es\/product\/tahiti-orovini-cottage-2\/","title":{"rendered":"TAHITI &#8211; Orovini Cottage"},"content":{"rendered":"<p>TAHITI &#8211; OROVINI COTTAGE<br \/>\n<br \/>CCon una ubicaci\u00f3n ideal en el coraz\u00f3n de Papeete, en una residencia segura con piscina, este apartamento c\u00f3modo, pr\u00e1ctico y cerca de todo lo seducir\u00e1. Perfecto para una familia que visita Tahit\u00ed, un grupo de amigos o profesionales en una misi\u00f3n. Este alojamiento tiene una gran capacidad que puede alojar c\u00f3modamente hasta 6 adultos.<br \/>\n<br \/>Casa de campo Orovini es espacioso y luminoso. La sala principal se divide en 2 espacios diferenciados:<br \/>\n<br \/>&#8211; Una cocina equipada con todo lo necesario para preparar tus comidas, sentarte a la mesa y disfrutar.<br \/>\n<br \/>&#8211; Sala de estar con Internet wifi, Smart TV y sof\u00e1 cama King para la quinta y sexta cama de adulto.<\/p>\n<p>El dormitorio principal con cama California King size tiene aire acondicionado, mucho espacio de almacenamiento (armario), una Smart TV y una zona de escritorio.<br \/>\n<br \/>La habitaci\u00f3n de invitados con una cama king size tiene aire acondicionado, un ventilador y una zona de lectura para relajarse.<br \/>\n<br \/>El ba\u00f1o tiene un lavabo doble, una ducha y un inodoro con secador de pelo disponible<\/p>\n<p>Apreciar\u00e1 la tranquilidad del lugar, la proximidad al centro de la ciudad, el centro comercial Vaima, el mercado y los restaurantes.<\/p>\n<p>A SABER:<br \/>\n<br \/>La piscina est\u00e1 ubicada en lo alto y ofrece una vista despejada al mar.<br \/>\n<br \/>El aparcamiento es gratuito y gratuito, se puede aparcar f\u00e1cilmente junto al edificio de la residencia.<br \/>\n<br \/>El acceso al edificio se realiza a trav\u00e9s de una puerta segura con c\u00f3digo digital.<br \/>\n<br \/>Internet est\u00e1 disponible en wifi, gratis e ilimitado.<\/p>\n<p>Todas las reservas est\u00e1n sujetas a la aceptaci\u00f3n total de nuestras condiciones generales de venta visibles en nuestro sitio Stayinn.Vacations haciendo clic en las condiciones generales.<\/p>\n<p>N\u00famero de registro : 1497DTO-MT<\/p>\n<p>* Viviendas aptas para la cuarentena.<\/p>\n","protected":false},"excerpt":{"rendered":"<p>TAHITI &#8211; OROVINI COTTAGE CCon una ubicaci\u00f3n ideal en el coraz\u00f3n de Papeete, en una residencia segura con piscina, este apartamento c\u00f3modo, pr\u00e1ctico y cerca de todo lo seducir\u00e1. Perfecto para una familia que visita Tahit\u00ed, un grupo de amigos o profesionales en una misi\u00f3n. Este alojamiento tiene una gran capacidad que puede alojar c\u00f3modamente [&hellip;]<\/p>\n","protected":false},"featured_media":16558,"comment_status":"open","ping_status":"closed","template":"","meta":{"inline_featured_image":false},"country":[],"product_brand":[],"product_cat":[293],"product_tag":[],"class_list":{"0":"post-16336","1":"product","2":"type-product","3":"status-publish","4":"has-post-thumbnail","6":"product_cat-alojamiento","8":"first","9":"instock","10":"shipping-taxable","11":"purchasable","12":"product-type-simple"},"acf":[],"_links":{"self":[{"href":"https:\/\/stayinn.travel\/es\/wp-json\/wp\/v2\/product\/16336","targetHints":{"allow":["GET"]}}],"collection":[{"href":"https:\/\/stayinn.travel\/es\/wp-json\/wp\/v2\/product"}],"about":[{"href":"https:\/\/stayinn.travel\/es\/wp-json\/wp\/v2\/types\/product"}],"replies":[{"embeddable":true,"href":"https:\/\/stayinn.travel\/es\/wp-json\/wp\/v2\/comments?post=16336"}],"wp:featuredmedia":[{"embeddable":true,"href":"https:\/\/stayinn.travel\/es\/wp-json\/wp\/v2\/media\/16558"}],"wp:attachment":[{"href":"https:\/\/stayinn.travel\/es\/wp-json\/wp\/v2\/media?parent=16336"}],"wp:term":[{"taxonomy":"country","embeddable":true,"href":"https:\/\/stayinn.travel\/es\/wp-json\/wp\/v2\/country?post=16336"},{"taxonomy":"product_brand","embeddable":true,"href":"https:\/\/stayinn.travel\/es\/wp-json\/wp\/v2\/product_brand?post=16336"},{"taxonomy":"product_cat","embeddable":true,"href":"https:\/\/stayinn.travel\/es\/wp-json\/wp\/v2\/product_cat?post=16336"},{"taxonomy":"product_tag","embeddable":true,"href":"https:\/\/stayinn.travel\/es\/wp-json\/wp\/v2\/product_tag?post=16336"}],"curies":[{"name":"wp","href":"https:\/\/api.w.org\/{rel}","templated":true}]}}