{"id":16348,"date":"2025-10-20T15:57:57","date_gmt":"2025-10-20T15:57:57","guid":{"rendered":"https:\/\/stayinn.travel\/product\/moorea-fare-te-utuafare-2\/"},"modified":"2026-04-16T10:35:07","modified_gmt":"2026-04-16T10:35:07","slug":"moorea-fare-te-utuafare-2","status":"publish","type":"product","link":"https:\/\/stayinn.travel\/es\/product\/moorea-fare-te-utuafare-2\/","title":{"rendered":"MOOREA &#8211; Fare Te Utuafare"},"content":{"rendered":"<p>Moorea es un destino paradis\u00edaco e ideal para pasar unas vacaciones en familia, practicar deportes n\u00e1uticos, relajarse en playas de arena blanca, pasear por las monta\u00f1as salvajes o simplemente hacer descubrimientos culturales. Esta isla le sorprender\u00e1 por la belleza de sus paisajes, la riqueza de su laguna y la amabilidad de sus habitantes.<\/p>\n<p>Fare Te Utuafare es una casa familiar ideal para grupos y eventos familiares con capacidad para 12 personas (y m\u00e1s con un coste adicional).<\/p>\n<p>El alojamiento cuenta con un hermoso espacio exterior con \u00e1rboles y una bonita piscina en la cubierta de madera que invita a relajarse en este entorno verde. Varias zonas con mesas y sillas permiten a familias y amigos reunirse y compartir momentos inolvidables.<\/p>\n<p>En la entrada de la villa encontrar\u00e1 una gran terraza cerrada con sof\u00e1s, una mesa y sillas, as\u00ed como 3 camas individuales. Un cuarto de ducha y un aseo se encuentran en la continuidad de esta habitaci\u00f3n con un peque\u00f1o espacio de relajaci\u00f3n y un puf para dedicarse a la lectura. <\/p>\n<p>Desde esta terraza se accede a la piscina, a sus tumbonas y a su mobiliario de jard\u00edn bajo la p\u00e9rgola.<\/p>\n<p>En el sal\u00f3n de la casa, un sof\u00e1, una cama supletoria y pufs permiten pasar noches de cine gracias a la gran TV de pantalla plana. <\/p>\n<p>La cocina de madera est\u00e1 abierta al sal\u00f3n y est\u00e1 equipada con un frigor\u00edfico-congelador, un horno, un microondas, un hervidor, una tostadora y todos los utensilios de cocina necesarios. Una mesa y sillas le permitir\u00e1n tomar sus comidas. Desde la cocina se accede al patio interior de la casa con un jard\u00edn y una gran terraza cubierta con muchas mesas y sillas para reunirse.<\/p>\n<p>La casa se compone de 4 habitaciones todas equipadas con ventiladores:<\/p>\n<p>La primera habitaci\u00f3n se encuentra entre el sal\u00f3n y la cocina y est\u00e1 amueblada con una cama Queen-Size, una c\u00f3moda para guardar sus objetos personales y un acceso privado al ba\u00f1o verde.<\/p>\n<p>El dormitorio principal se encuentra a la derecha del sal\u00f3n. Tiene una cama de matrimonio, mucho espacio de almacenamiento y su propio cuarto de ba\u00f1o con una gran ducha, lavabo e inodoro. <\/p>\n<p>Los dos dormitorios siguientes comparten un cuarto de ducha y un aseo y ambos tienen acceso directo a la terraza y al jard\u00edn interior de la casa. Ambos est\u00e1n equipados con camas Queen-Size y uno de ellos tiene un escritorio y un televisor de pantalla plana.<\/p>\n<p>Un lavadero con lavadora est\u00e1 a su disposici\u00f3n en el patio interior. <\/p>\n<p>Le recomendamos un coche de alquiler para llegar m\u00e1s f\u00e1cilmente a su alojamiento, hacer sus compras y, finalmente, descubrir con total libertad los magn\u00edficos paisajes que ofrece la isla de Moorea.<\/p>\n<p>LO ESENCIAL :<br \/>\n<br \/>* Espacioso<br \/>\n<br \/>* Piscina<br \/>\n<br \/>* Internet wifi<br \/>\n<br \/>* Cerca de las playas<\/p>\n<p>CERCA:<br \/>\n<br \/>* Supermercado Tiahura &#8211; 100 m<br \/>\n<br \/>* Playa Tipaniers &#8211; 800 m<br \/>\n<br \/>* Pueblo Tiki &#8211; 6 km<br \/>\n<br \/>* Te Fare Natura &#8211; Ecomuseo &#8211; 7 km<br \/>\n<br \/>* Playa Ta&#8217;ahiamanu &#8211; 10 km<br \/>\n<br \/>* Tienda Super U &#8211; 15 km<br \/>\n<br \/>* Playa Temae &#8211; 25 km<br \/>\n<br \/>* Muelle del ferry &#8211; 30 km<\/p>\n<p>Todas las reservas est\u00e1n sujetas a la plena aceptaci\u00f3n de nuestros t\u00e9rminos y condiciones de venta que se pueden ver en nuestra p\u00e1gina web Stayinn.Vacations haciendo clic en los t\u00e9rminos y condiciones de venta.<\/p>\n<p>N\u00famero de registro: 1528DT0-MT<\/p>\n","protected":false},"excerpt":{"rendered":"<p>Moorea es un destino paradis\u00edaco e ideal para pasar unas vacaciones en familia, practicar deportes n\u00e1uticos, relajarse en playas de arena blanca, pasear por las monta\u00f1as salvajes o simplemente hacer descubrimientos culturales. Esta isla le sorprender\u00e1 por la belleza de sus paisajes, la riqueza de su laguna y la amabilidad de sus habitantes. Fare Te [&hellip;]<\/p>\n","protected":false},"featured_media":16582,"comment_status":"open","ping_status":"closed","template":"","meta":{"inline_featured_image":false},"country":[],"product_brand":[],"product_cat":[293],"product_tag":[],"class_list":{"0":"post-16348","1":"product","2":"type-product","3":"status-publish","4":"has-post-thumbnail","6":"product_cat-alojamiento","8":"first","9":"instock","10":"shipping-taxable","11":"purchasable","12":"product-type-simple"},"acf":[],"_links":{"self":[{"href":"https:\/\/stayinn.travel\/es\/wp-json\/wp\/v2\/product\/16348","targetHints":{"allow":["GET"]}}],"collection":[{"href":"https:\/\/stayinn.travel\/es\/wp-json\/wp\/v2\/product"}],"about":[{"href":"https:\/\/stayinn.travel\/es\/wp-json\/wp\/v2\/types\/product"}],"replies":[{"embeddable":true,"href":"https:\/\/stayinn.travel\/es\/wp-json\/wp\/v2\/comments?post=16348"}],"wp:featuredmedia":[{"embeddable":true,"href":"https:\/\/stayinn.travel\/es\/wp-json\/wp\/v2\/media\/16582"}],"wp:attachment":[{"href":"https:\/\/stayinn.travel\/es\/wp-json\/wp\/v2\/media?parent=16348"}],"wp:term":[{"taxonomy":"country","embeddable":true,"href":"https:\/\/stayinn.travel\/es\/wp-json\/wp\/v2\/country?post=16348"},{"taxonomy":"product_brand","embeddable":true,"href":"https:\/\/stayinn.travel\/es\/wp-json\/wp\/v2\/product_brand?post=16348"},{"taxonomy":"product_cat","embeddable":true,"href":"https:\/\/stayinn.travel\/es\/wp-json\/wp\/v2\/product_cat?post=16348"},{"taxonomy":"product_tag","embeddable":true,"href":"https:\/\/stayinn.travel\/es\/wp-json\/wp\/v2\/product_tag?post=16348"}],"curies":[{"name":"wp","href":"https:\/\/api.w.org\/{rel}","templated":true}]}}