{"id":16360,"date":"2025-10-20T15:57:57","date_gmt":"2025-10-20T15:57:57","guid":{"rendered":"https:\/\/stayinn.travel\/product\/bora-bora-luxury-heaven-house-2\/"},"modified":"2026-04-16T10:35:12","modified_gmt":"2026-04-16T10:35:12","slug":"bora-bora-luxury-heaven-house-2","status":"publish","type":"product","link":"https:\/\/stayinn.travel\/es\/product\/bora-bora-luxury-heaven-house-2\/","title":{"rendered":"BORA BORA &#8211; Luxury Heaven House"},"content":{"rendered":"<p>\u00a1Al\u00f3jese en esta excepcional villa de 350m2 en la m\u00edtica isla de Bora Bora! Viva una experiencia \u00fanica en este entorno tranquilo y perfectamente situado cerca de la famosa playa de Matira, de las tiendas y de los restaurantes. Bora Bora es una isla paradis\u00edaca, digna de las postales y la reputaci\u00f3n de su belleza se queda corta. Quedar\u00e1 maravillado por su incre\u00edble laguna y el famoso monte Otemanu. Venga a conocer las mantas en su entorno, los tiburones y los peces tropicales que pueblan su laguna.<\/p>\n<p>La lujosa villa ofrece una decoraci\u00f3n moderna y elegante y propone numerosos servicios y equipamientos de alta calidad como un gimnasio, un home cinema pero sobre todo una magn\u00edfica piscina en su ex\u00f3tico jard\u00edn de 220m2.<\/p>\n<p>Ideal para estancias con amigos o en familia, dispone de 3 dormitorios con capacidad para 6 personas, configurados as\u00ed<br \/>\n<br \/>&#8211; Un dormitorio principal con una cama king-size, una gran televisi\u00f3n de pantalla plana y un acceso exterior. Su cuarto de ba\u00f1o ofrece una ba\u00f1era esquinera para relajarse en un ba\u00f1o de espuma al final del d\u00eda, una ducha exterior e interior, un aseo independiente y un amplio vestidor.<br \/>\n<br \/>&#8211; Dos dormitorios con camas Queen-size, televisores de pantalla plana, acceso exterior y un cuarto de ducha compartido con un lavabo doble, un inodoro y una ducha a ras de suelo.<\/p>\n<p>La villa cuenta con un aseo adicional.<\/p>\n<p>El enorme sal\u00f3n principal ofrece 2 zonas de estar, una cocina americana y una zona de comedor.<\/p>\n<p>La sala de estar azul ser\u00e1 el espacio donde apreciar\u00e1 reunirse por la noche en sus c\u00f3modos sof\u00e1s de terciopelo para comentar sus descubrimientos del d\u00eda.<\/p>\n<p>El sal\u00f3n gris con sus sof\u00e1s esquineros tiene una pared gigante dedicada a sus noches de cine gracias a su home-cinema y su sistema de sonido de alta calidad. Toda la villa est\u00e1 equipada con conexi\u00f3n wifi.<\/p>\n<p>La cocina abierta es moderna con una isla central y todo el equipamiento cuidadosamente integrado en sus muebles. Una gran mesa le espera para compartir las comidas en este ambiente acogedor.<\/p>\n<p>En la terraza, otra zona de comedor est\u00e1 a su disposici\u00f3n para disfrutar del aire libre, \u00a1y de la barbacoa durante el d\u00eda y la noche!<br \/>\n<br \/>Los exteriores y la piscina ser\u00e1n los lugares donde probablemente pasar\u00e1 la mayor parte de su tiempo. Disfrutar\u00e1 relaj\u00e1ndose en el tranquilo y florido jard\u00edn, refresc\u00e1ndose en la piscina y tomando el sol en las tumbonas.<\/p>\n<p>La sala de fitness de la villa le permitir\u00e1 mantenerse en forma.<\/p>\n<p>LO ESENCIAL :<br \/>\n<br \/>* Villa de lujo<br \/>\n<br \/>* Piscina privada<br \/>\n<br \/>* Proyector de v\u00eddeo<br \/>\n<br \/>* Sala de fitness<br \/>\n<br \/>* Acceso a internet wifi gratuito<br \/>\n<br \/>* Caja de seguridad<br \/>\n<br \/>* Alarma<br \/>\n<br \/>*Transfert A\/R quai de VAITAPE inclus <\/p>\n<p>EN LAS CERCAN\u00cdAS:<br \/>\n<br \/>* Playa de Matira &#8211; 1,9 Km<br \/>\n<br \/>* Restaurante Bloody Mary &#8211; 700 Km<br \/>\n<br \/>* Snack bar Matira &#8211; 2,2 Km<br \/>\n<br \/>* Tienda Matira &#8211; 3 Km<br \/>\n<br \/>* Tienda Tiare Market &#8211; 3,7 Km<\/p>\n<p>NOTAS:<br \/>\n<br \/>Todas las reservas est\u00e1n sujetas a la plena aceptaci\u00f3n de nuestros t\u00e9rminos y condiciones que se pueden ver en nuestra p\u00e1gina web StayInn.Vacations haciendo clic en t\u00e9rminos y condiciones.<\/p>\n<p>N\u00famero de registro: 2016DTO-MT<\/p>\n","protected":false},"excerpt":{"rendered":"<p>\u00a1Al\u00f3jese en esta excepcional villa de 350m2 en la m\u00edtica isla de Bora Bora! Viva una experiencia \u00fanica en este entorno tranquilo y perfectamente situado cerca de la famosa playa de Matira, de las tiendas y de los restaurantes. Bora Bora es una isla paradis\u00edaca, digna de las postales y la reputaci\u00f3n de su belleza [&hellip;]<\/p>\n","protected":false},"featured_media":16610,"comment_status":"open","ping_status":"closed","template":"","meta":{"inline_featured_image":false},"country":[],"product_brand":[],"product_cat":[293],"product_tag":[],"class_list":{"0":"post-16360","1":"product","2":"type-product","3":"status-publish","4":"has-post-thumbnail","6":"product_cat-alojamiento","8":"first","9":"instock","10":"shipping-taxable","11":"purchasable","12":"product-type-simple"},"acf":[],"_links":{"self":[{"href":"https:\/\/stayinn.travel\/es\/wp-json\/wp\/v2\/product\/16360","targetHints":{"allow":["GET"]}}],"collection":[{"href":"https:\/\/stayinn.travel\/es\/wp-json\/wp\/v2\/product"}],"about":[{"href":"https:\/\/stayinn.travel\/es\/wp-json\/wp\/v2\/types\/product"}],"replies":[{"embeddable":true,"href":"https:\/\/stayinn.travel\/es\/wp-json\/wp\/v2\/comments?post=16360"}],"wp:featuredmedia":[{"embeddable":true,"href":"https:\/\/stayinn.travel\/es\/wp-json\/wp\/v2\/media\/16610"}],"wp:attachment":[{"href":"https:\/\/stayinn.travel\/es\/wp-json\/wp\/v2\/media?parent=16360"}],"wp:term":[{"taxonomy":"country","embeddable":true,"href":"https:\/\/stayinn.travel\/es\/wp-json\/wp\/v2\/country?post=16360"},{"taxonomy":"product_brand","embeddable":true,"href":"https:\/\/stayinn.travel\/es\/wp-json\/wp\/v2\/product_brand?post=16360"},{"taxonomy":"product_cat","embeddable":true,"href":"https:\/\/stayinn.travel\/es\/wp-json\/wp\/v2\/product_cat?post=16360"},{"taxonomy":"product_tag","embeddable":true,"href":"https:\/\/stayinn.travel\/es\/wp-json\/wp\/v2\/product_tag?post=16360"}],"curies":[{"name":"wp","href":"https:\/\/api.w.org\/{rel}","templated":true}]}}