{"id":16380,"date":"2025-10-20T15:58:01","date_gmt":"2025-10-20T15:58:01","guid":{"rendered":"https:\/\/stayinn.travel\/product\/tahiti-villa-terai-2\/"},"modified":"2026-04-16T10:35:20","modified_gmt":"2026-04-16T10:35:20","slug":"tahiti-villa-terai-2","status":"publish","type":"product","link":"https:\/\/stayinn.travel\/es\/product\/tahiti-villa-terai-2\/","title":{"rendered":"TAHITI &#8211; Villa Terai"},"content":{"rendered":"<p>Tahit\u00ed, puerta de entrada a la Polinesia, es un destino \u00fanico en el mundo. La belleza del paisaje es impresionante. Villa Terai est\u00e1 situada en el distrito Vairao de Tahit\u00ed-Iti, tambi\u00e9n llamado pen\u00ednsula. Un lugar de ensue\u00f1o para todos los amantes de la naturaleza, la autenticidad y el surf. <\/p>\n<p>La casa o \u00abFare\u00bb en tahitiano est\u00e1 en primera l\u00ednea de mar y tiene capacidad para 6 personas en 2 dormitorios.  La casa es nueva y ofrece una decoraci\u00f3n moderna y refinada y un equipamiento de calidad.<\/p>\n<p>El primer dormitorio, con cama de matrimonio, da a la terraza y tiene vistas al jard\u00edn y a la laguna. Dispone de cuarto de ba\u00f1o privado con ducha a ras de suelo, lavabo e inodoro.<br \/>\n<br \/>El segundo dormitorio, con cama de matrimonio, tambi\u00e9n tiene un cuarto de ducha privado situado al lado.<br \/>\n<br \/>Cada habitaci\u00f3n tiene espacio para guardar sus efectos personales.<br \/>\n<br \/>La espaciosa casa permite a\u00f1adir un colch\u00f3n doble en el suelo.<\/p>\n<p>El sal\u00f3n tiene una bonita y moderna cocina totalmente equipada que da al sal\u00f3n y a la terraza.<\/p>\n<p>En el sal\u00f3n encontrar\u00e1s un gran sof\u00e1 esquinero y un televisor de pantalla plana para relajarte despu\u00e9s de tus d\u00edas de surf o playa. Internet est\u00e1 disponible a trav\u00e9s de wifi en toda la casa.<\/p>\n<p>La terraza cubierta ofrece una vista impresionante de la laguna y el jard\u00edn y le permitir\u00e1 disfrutar de sus comidas en un entorno privilegiado.<\/p>\n<p>Idealmente situada, dentro de una propiedad privada, esta casa le ofrecer\u00e1 un entorno verde, un agradable zen costero, tranquilo y reposado.<br \/>\n<br \/>Una barbacoa est\u00e1 a su disposici\u00f3n para sus brunchs y veladas a la parrilla. <\/p>\n<p>La playa promete hermosos momentos de compartir, 1 kayak est\u00e1 disponible para descubrir la laguna.<\/p>\n<p>Aproveche esta ubicaci\u00f3n privilegiada para descubrir los secretos y la cultura omnipresente de este destino ineludible que es la pen\u00ednsula. <\/p>\n<p>LO ESENCIAL :<br \/>\n<br \/>*Seaside<br \/>\n<br \/>*Jard\u00edn de lujo<br \/>\n<br \/>*Kayak<br \/>\n<br \/>*Acceso Wifi a Internet<br \/>\n<br \/>*Barbecue<\/p>\n<p>Todas las reservas est\u00e1n sujetas a la plena aceptaci\u00f3n de nuestros t\u00e9rminos y condiciones, que pueden consultarse en la p\u00e1gina web de Stayinn.Vacations haciendo clic en los t\u00e9rminos y condiciones.<\/p>\n<p>N\u00famero de registro: 2088DTO-MT<br \/><\/p>\n","protected":false},"excerpt":{"rendered":"<p>Tahit\u00ed, puerta de entrada a la Polinesia, es un destino \u00fanico en el mundo. La belleza del paisaje es impresionante. Villa Terai est\u00e1 situada en el distrito Vairao de Tahit\u00ed-Iti, tambi\u00e9n llamado pen\u00ednsula. Un lugar de ensue\u00f1o para todos los amantes de la naturaleza, la autenticidad y el surf. La casa o \u00abFare\u00bb en tahitiano [&hellip;]<\/p>\n","protected":false},"featured_media":16628,"comment_status":"open","ping_status":"closed","template":"","meta":{"inline_featured_image":false},"country":[],"product_brand":[],"product_cat":[293],"product_tag":[],"class_list":{"0":"post-16380","1":"product","2":"type-product","3":"status-publish","4":"has-post-thumbnail","6":"product_cat-alojamiento","8":"first","9":"instock","10":"shipping-taxable","11":"purchasable","12":"product-type-simple"},"acf":[],"_links":{"self":[{"href":"https:\/\/stayinn.travel\/es\/wp-json\/wp\/v2\/product\/16380","targetHints":{"allow":["GET"]}}],"collection":[{"href":"https:\/\/stayinn.travel\/es\/wp-json\/wp\/v2\/product"}],"about":[{"href":"https:\/\/stayinn.travel\/es\/wp-json\/wp\/v2\/types\/product"}],"replies":[{"embeddable":true,"href":"https:\/\/stayinn.travel\/es\/wp-json\/wp\/v2\/comments?post=16380"}],"wp:featuredmedia":[{"embeddable":true,"href":"https:\/\/stayinn.travel\/es\/wp-json\/wp\/v2\/media\/16628"}],"wp:attachment":[{"href":"https:\/\/stayinn.travel\/es\/wp-json\/wp\/v2\/media?parent=16380"}],"wp:term":[{"taxonomy":"country","embeddable":true,"href":"https:\/\/stayinn.travel\/es\/wp-json\/wp\/v2\/country?post=16380"},{"taxonomy":"product_brand","embeddable":true,"href":"https:\/\/stayinn.travel\/es\/wp-json\/wp\/v2\/product_brand?post=16380"},{"taxonomy":"product_cat","embeddable":true,"href":"https:\/\/stayinn.travel\/es\/wp-json\/wp\/v2\/product_cat?post=16380"},{"taxonomy":"product_tag","embeddable":true,"href":"https:\/\/stayinn.travel\/es\/wp-json\/wp\/v2\/product_tag?post=16380"}],"curies":[{"name":"wp","href":"https:\/\/api.w.org\/{rel}","templated":true}]}}