{"id":16405,"date":"2025-10-20T15:58:08","date_gmt":"2025-10-20T15:58:08","guid":{"rendered":"https:\/\/stayinn.travel\/product\/tikehau-bungalow-pacific-beach-3-2\/"},"modified":"2026-04-16T10:35:27","modified_gmt":"2026-04-16T10:35:27","slug":"tikehau-bungalow-pacific-beach-3-2","status":"publish","type":"product","link":"https:\/\/stayinn.travel\/es\/product\/tikehau-bungalow-pacific-beach-3-2\/","title":{"rendered":"TIKEHAU &#8211; Bungalow Pacific Beach 3"},"content":{"rendered":"<p>TIKEHAU \u2013 Bungalow Pacific Beach<br \/>\n<br \/>Tikehau es un atol\u00f3n paradis\u00edaco en el archipi\u00e9lago de Tuamotu, a un vuelo de 55 minutos desde Papeete, la capital de la Polinesia Francesa. Un atol\u00f3n es un tipo de isla de coral bajo en los oc\u00e9anos tropicales. Los atolones consisten en un arrecife de coral o barrera y varios islotes llamados motu.<br \/>\n<br \/>Tikehau ofrece a sus visitantes una verdadera piscina natural, magn\u00edficas playas de arena blanca y rosada hasta donde alcanza la vista, una laguna de cristal con una multitud de especies de peces tropicales. La vida marina es muy rica y promete a los amantes de la naturaleza hermosos espect\u00e1culos.<br \/>\n<br \/>La isla est\u00e1 poblada por alrededor de 500 personas, los lugare\u00f1os la llaman \u00abla casa de un mundo pac\u00edfico\u00bb. La poblaci\u00f3n vive principalmente de la pesca y la copra. Tikehau es uno de los atolones m\u00e1s populares en Polinesia para relajarse, cambiar de paisaje, bucear, pescar, descubrir jacuzzis naturales llamados \u00abFeo\u00bb, paseos en motus, visitar el pintoresco y colorido pueblo de Tuherahera y La isla de los p\u00e1jaros donde anidan especies raras.<\/p>\n<p>Se alojar\u00e1 en un bungalow polinesio individual, que consta de un dormitorio para hasta 3 personas, un ba\u00f1o con agua caliente y una terraza privada con vistas a la playa y la laguna. El desayuno y la cena son ofrecidos por su anfitri\u00f3n. Saborear\u00e1 mariscos, frutas tropicales de temporada y recetas tradicionales de Tahit\u00ed, como el pescado crudo esencial en la leche de coco.<br \/>\n<br \/>\u00a1La playa ser\u00e1 tu lugar favorito! Aproveche las \u00e1reas de relajaci\u00f3n especialmente dise\u00f1adas con tumbonas, explore la laguna haciendo snorkel o con los kayaks a su disposici\u00f3n, y viva plenamente la experiencia de \u00abLa casa del mundo tranquilo\u00bb de este atol\u00f3n donde el tiempo parece ser &#8216;ser detenido !<\/p>\n<p>Las ventajas de este alojamiento:<br \/>\n<br \/>*Desayuno y cena gratuitos<br \/>\n<br \/>*Traslado gratuito al aeropuerto<br \/>\n<br \/>*Internet wifi<br \/>\n<br \/>*Bicicletas disponibles<br \/>\n<br \/>*Playa privada<br \/>\n<br \/>*Kayaks<br \/>\n<br \/>*Botes de remo<br \/>\n<br \/>*Equipo de snorkel<br \/>\n<br \/>*Billar y tenis de mesa<br \/>\n<br \/>*Parque de juegos para ni\u00f1os<\/p>\n<p>Las actividades a realizar son:<br \/>\n<br \/>&#8211; Excursiones a la laguna<br \/>\n<br \/>&#8211; Bucear en el paso de Tuheiava<br \/>\n<br \/>&#8211; Pesca deportiva y visitas a los parques de peces.<br \/>\n<br \/>&#8211; La visita del pueblo de Tuherahera.<br \/>\n<br \/>&#8211; El descubrimiento de \u00abFeo\u00bb (jacuzzis naturales)<br \/>\n<br \/>&#8211; La visita a las playas de arena blanca y rosa.<br \/>\n<br \/>&#8211; Observaci\u00f3n de vida silvestre: isla de aves, fauna marina.<br \/>\n<br \/>&#8211; Paseos en kayak y snorkel<\/p>\n<p>Todas las reservas est\u00e1n sujetas a la aceptaci\u00f3n sin restricciones de nuestras condiciones generales de venta visibles en nuestro sitio Stayinn.Vacations haciendo clic en las condiciones generales.<\/p>\n<p>N\u00famero TAHITI : 887216<\/p>\n","protected":false},"excerpt":{"rendered":"<p>TIKEHAU \u2013 Bungalow Pacific Beach Tikehau es un atol\u00f3n paradis\u00edaco en el archipi\u00e9lago de Tuamotu, a un vuelo de 55 minutos desde Papeete, la capital de la Polinesia Francesa. Un atol\u00f3n es un tipo de isla de coral bajo en los oc\u00e9anos tropicales. Los atolones consisten en un arrecife de coral o barrera y varios [&hellip;]<\/p>\n","protected":false},"featured_media":16642,"comment_status":"open","ping_status":"closed","template":"","meta":{"inline_featured_image":false},"country":[],"product_brand":[],"product_cat":[293],"product_tag":[],"class_list":{"0":"post-16405","1":"product","2":"type-product","3":"status-publish","4":"has-post-thumbnail","6":"product_cat-alojamiento","8":"first","9":"instock","10":"shipping-taxable","11":"purchasable","12":"product-type-simple"},"acf":[],"_links":{"self":[{"href":"https:\/\/stayinn.travel\/es\/wp-json\/wp\/v2\/product\/16405","targetHints":{"allow":["GET"]}}],"collection":[{"href":"https:\/\/stayinn.travel\/es\/wp-json\/wp\/v2\/product"}],"about":[{"href":"https:\/\/stayinn.travel\/es\/wp-json\/wp\/v2\/types\/product"}],"replies":[{"embeddable":true,"href":"https:\/\/stayinn.travel\/es\/wp-json\/wp\/v2\/comments?post=16405"}],"wp:featuredmedia":[{"embeddable":true,"href":"https:\/\/stayinn.travel\/es\/wp-json\/wp\/v2\/media\/16642"}],"wp:attachment":[{"href":"https:\/\/stayinn.travel\/es\/wp-json\/wp\/v2\/media?parent=16405"}],"wp:term":[{"taxonomy":"country","embeddable":true,"href":"https:\/\/stayinn.travel\/es\/wp-json\/wp\/v2\/country?post=16405"},{"taxonomy":"product_brand","embeddable":true,"href":"https:\/\/stayinn.travel\/es\/wp-json\/wp\/v2\/product_brand?post=16405"},{"taxonomy":"product_cat","embeddable":true,"href":"https:\/\/stayinn.travel\/es\/wp-json\/wp\/v2\/product_cat?post=16405"},{"taxonomy":"product_tag","embeddable":true,"href":"https:\/\/stayinn.travel\/es\/wp-json\/wp\/v2\/product_tag?post=16405"}],"curies":[{"name":"wp","href":"https:\/\/api.w.org\/{rel}","templated":true}]}}