{"id":16415,"date":"2025-10-20T15:57:57","date_gmt":"2025-10-20T15:57:57","guid":{"rendered":"https:\/\/stayinn.travel\/product\/moorea-fare-hanahei-2\/"},"modified":"2026-04-16T10:35:30","modified_gmt":"2026-04-16T10:35:30","slug":"moorea-fare-hanahei-2","status":"publish","type":"product","link":"https:\/\/stayinn.travel\/es\/product\/moorea-fare-hanahei-2\/","title":{"rendered":"MOOREA &#8211; Fare HANAHEI"},"content":{"rendered":"<p>\u00a1Ia ora na y Maeva! Les presento el FARE HANAHEI en Moorea, un verdadero refugio de paz, idealmente ubicado en la commune de Maharepa, cerca de todas las comodidades.<\/p>\n<p>Esta magn\u00edfica villa les ofrece 3 habitaciones con aire acondicionado, de las cuales 1 tiene ventilador, incluyendo una suite principal con ba\u00f1o privado, y 2 otros cuartos de ba\u00f1o para su comodidad.<\/p>\n<p>Otra habitaci\u00f3n equipada como oficina tambi\u00e9n est\u00e1 a su disposici\u00f3n.<\/p>\n<p>Una cuna de beb\u00e9 est\u00e1 disponible en la villa.<\/p>\n<p>Nada se ha dejado al azar: las diferentes habitaciones de esta villa son espaciosas, acogedoras, equipadas con hermosos materiales y la decoraci\u00f3n est\u00e1 cuidada.<\/p>\n<p>Disfrute de una gran cocina independiente completamente equipada para preparar deliciosas comidas, y luego rel\u00e1jese junto a la hermosa piscina rodeada de un jard\u00edn exuberante para actividades al aire libre que har\u00e1n la felicidad de grandes y peque\u00f1os.<\/p>\n<p>Todo ha sido pensado para que no les falte nada.<\/p>\n<p>Un espacio de lavander\u00eda est\u00e1 a su disposici\u00f3n durante su estancia: lavadora y secadora.<\/p>\n<p>D\u00e9jese seducir por la calma y serenidad de este lugar excepcional. Una vista m\u00e1gica sobre las monta\u00f1as y un vistazo al mar desde el jard\u00edn.<\/p>\n<p>Lugar de ensue\u00f1o para disfrutar plenamente de su estancia en Moorea en familia o con amigos.<\/p>\n<p>\u00a1Reserve ya su estancia inolvidable en el FARE HANAHEI!<\/p>\n<p>\u00a1\u00c9xito garantizado!<\/p>\n<p>Ventajas de este alquiler:<br \/>\n<br \/>&#8211; villa con piscina<br \/>\n<br \/>&#8211; cerca de tiendas y restaurantes<br \/>\n<br \/>&#8211; no lejos de la playa p\u00fablica de Temae<br \/>\n<br \/>&#8211; tranquilo<br \/>\n<br \/>&#8211; sin vistas a otras propiedades<br \/>\n<br \/>&#8211; hermosas prestaciones<br \/>\n<br \/>&#8211; vistas magn\u00edficas de monta\u00f1as y vista al mar<\/p>\n<p>Toda reserva est\u00e1 sujeta obligatoriamente a la aceptaci\u00f3n sin restricciones de nuestras condiciones generales de venta visibles en nuestro sitio web Stayinn.Vacations haciendo clic en las condiciones generales.<\/p>\n","protected":false},"excerpt":{"rendered":"<p>\u00a1Ia ora na y Maeva! Les presento el FARE HANAHEI en Moorea, un verdadero refugio de paz, idealmente ubicado en la commune de Maharepa, cerca de todas las comodidades. Esta magn\u00edfica villa les ofrece 3 habitaciones con aire acondicionado, de las cuales 1 tiene ventilador, incluyendo una suite principal con ba\u00f1o privado, y 2 otros [&hellip;]<\/p>\n","protected":false},"featured_media":16644,"comment_status":"open","ping_status":"closed","template":"","meta":{"inline_featured_image":false},"country":[],"product_brand":[],"product_cat":[293],"product_tag":[],"class_list":{"0":"post-16415","1":"product","2":"type-product","3":"status-publish","4":"has-post-thumbnail","6":"product_cat-alojamiento","8":"first","9":"instock","10":"shipping-taxable","11":"purchasable","12":"product-type-simple"},"acf":[],"_links":{"self":[{"href":"https:\/\/stayinn.travel\/es\/wp-json\/wp\/v2\/product\/16415","targetHints":{"allow":["GET"]}}],"collection":[{"href":"https:\/\/stayinn.travel\/es\/wp-json\/wp\/v2\/product"}],"about":[{"href":"https:\/\/stayinn.travel\/es\/wp-json\/wp\/v2\/types\/product"}],"replies":[{"embeddable":true,"href":"https:\/\/stayinn.travel\/es\/wp-json\/wp\/v2\/comments?post=16415"}],"wp:featuredmedia":[{"embeddable":true,"href":"https:\/\/stayinn.travel\/es\/wp-json\/wp\/v2\/media\/16644"}],"wp:attachment":[{"href":"https:\/\/stayinn.travel\/es\/wp-json\/wp\/v2\/media?parent=16415"}],"wp:term":[{"taxonomy":"country","embeddable":true,"href":"https:\/\/stayinn.travel\/es\/wp-json\/wp\/v2\/country?post=16415"},{"taxonomy":"product_brand","embeddable":true,"href":"https:\/\/stayinn.travel\/es\/wp-json\/wp\/v2\/product_brand?post=16415"},{"taxonomy":"product_cat","embeddable":true,"href":"https:\/\/stayinn.travel\/es\/wp-json\/wp\/v2\/product_cat?post=16415"},{"taxonomy":"product_tag","embeddable":true,"href":"https:\/\/stayinn.travel\/es\/wp-json\/wp\/v2\/product_tag?post=16415"}],"curies":[{"name":"wp","href":"https:\/\/api.w.org\/{rel}","templated":true}]}}