{"id":16418,"date":"2025-10-20T15:58:07","date_gmt":"2025-10-20T15:58:07","guid":{"rendered":"https:\/\/stayinn.travel\/product\/bora-bora-poenui-sailing-boat-2\/"},"modified":"2026-04-16T10:35:31","modified_gmt":"2026-04-16T10:35:31","slug":"bora-bora-poenui-sailing-boat-2","status":"publish","type":"product","link":"https:\/\/stayinn.travel\/es\/product\/bora-bora-poenui-sailing-boat-2\/","title":{"rendered":"BORA BORA &#8211; Poenui Sailing boat"},"content":{"rendered":"<p>Descubra la experiencia en catamar\u00e1n, \u00a1la mejor manera de aprovechar al m\u00e1ximo la incre\u00edble laguna de Bora Bora!<br \/>\n<br \/>Estancia a bordo de un catamar\u00e1n de 40 pies (12 m) en perfecto estado, c\u00f3modo y seguro, con una tripulaci\u00f3n experimentada a su servicio para ofrecerle una experiencia perfecta e inolvidable para un m\u00e1ximo de 6 personas.<\/p>\n<p>Durante este crucero, una azafata estar\u00e1 a su servicio para hacer su estancia lo m\u00e1s agradable posible y permitirle disfrutar de sus vacaciones. Ella se encargar\u00e1 del desayuno, el almuerzo y la cena por la noche, la limpieza a bordo del barco, y estar\u00e1 a su disposici\u00f3n para cualquier otra petici\u00f3n que pueda tener para completar su estancia. Volver\u00e1 a conectar con la naturaleza, ya que no habr\u00e1 WIFI disponible a bordo (p\u00f3ngase en contacto con su conserje para obtener una tarjeta 4G o un paquete de Internet).<\/p>\n<p>Los siguientes extras deber\u00e1n abonarse en efectivo a sus anfitriones el d\u00eda de su llegada:<br \/>\n<br \/>&#8211; Pensi\u00f3n completa obligatoria a 70 \u20ac\/ ADULTO \/ D\u00cdA &#038; 50 \u20ac\/ NI\u00d1O \/ D\u00cdA (un tentempi\u00e9 por la ma\u00f1ana a las 10h y un tentempi\u00e9 por la tarde a las 16h tambi\u00e9n ser\u00e1n servidos por sus anfitriones. )<br \/>\n<br \/>&#8211; Gastos de limpieza de 45 euros para toda la estancia<br \/>\n<br \/>&#8211; Gastos de gasolina 70 euros \/ d\u00eda<br \/>\n<br \/>&#8211; Alquiler de patrones\/azafatas para garantizar su seguridad y el buen desarrollo de su viaje: 100 euros\/d\u00eda<\/p>\n<p>El capit\u00e1n le llevar\u00e1 al lugar adecuado en el momento adecuado para mostrarle las especies marinas (ballenas en temporada, mantarrayas en el momento adecuado del d\u00eda, tiburones, etc.). Se ocupar\u00e1 de la navegaci\u00f3n y se asegurar\u00e1 de que viaje en las mejores condiciones, con total seguridad y de acuerdo con las condiciones meteorol\u00f3gicas.<\/p>\n<p>El catamar\u00e1n dispone de 3 camarotes con camas dobles (140 x 192) y 1 camarote para 1 ni\u00f1o en la punta del catamar\u00e1n con una cama individual (128 x 210).<br \/>\n<br \/>Hay 2 duchas con aseos a su disposici\u00f3n. <\/p>\n<p>El exterior est\u00e1 equipado con una red que rodea el barco y un trampol\u00edn que le permitir\u00e1 tumbarse para relajarse y leer o contemplar las estrellas en medio de esta magn\u00edfica laguna. 1 equipo de paddle y snorkel estar\u00e1 a su disposici\u00f3n para explorar y encontrarse con los animales marinos, c\u00f3modas colchonetas estar\u00e1n dispuestas en la cubierta de proa para aprovechar al m\u00e1ximo sus ba\u00f1os de sol.<\/p>\n<p>Admire todos los azules excepcionales que le ofrece la laguna y d\u00e9jese arrullar por las suaves puestas de sol polinesias, c\u00f3modamente instalado en la cubierta de proa del catamar\u00e1n.<\/p>\n<p>LO ESENCIAL :<br \/>\n<br \/>* Experiencia privada<br \/>\n<br \/>* Cerca de la laguna<br \/>\n<br \/>* Pensi\u00f3n completa<br \/>\n<br \/>* Patr\u00f3n y azafata<br \/>\n<br \/>* Equipo n\u00e1utico<br \/>\n<br \/>* Impresionantes vistas<\/p>\n<p>Todas las reservas est\u00e1n sujetas a la plena aceptaci\u00f3n de nuestras condiciones generales de venta, que pueden consultarse en el sitio web Stayinn.Vacations haciendo clic en las condiciones generales.<\/p>\n","protected":false},"excerpt":{"rendered":"<p>Descubra la experiencia en catamar\u00e1n, \u00a1la mejor manera de aprovechar al m\u00e1ximo la incre\u00edble laguna de Bora Bora! Estancia a bordo de un catamar\u00e1n de 40 pies (12 m) en perfecto estado, c\u00f3modo y seguro, con una tripulaci\u00f3n experimentada a su servicio para ofrecerle una experiencia perfecta e inolvidable para un m\u00e1ximo de 6 personas. [&hellip;]<\/p>\n","protected":false},"featured_media":16419,"comment_status":"open","ping_status":"closed","template":"","meta":{"inline_featured_image":false},"country":[],"product_brand":[],"product_cat":[293],"product_tag":[],"class_list":{"0":"post-16418","1":"product","2":"type-product","3":"status-publish","4":"has-post-thumbnail","6":"product_cat-alojamiento","8":"first","9":"instock","10":"shipping-taxable","11":"purchasable","12":"product-type-simple"},"acf":[],"_links":{"self":[{"href":"https:\/\/stayinn.travel\/es\/wp-json\/wp\/v2\/product\/16418","targetHints":{"allow":["GET"]}}],"collection":[{"href":"https:\/\/stayinn.travel\/es\/wp-json\/wp\/v2\/product"}],"about":[{"href":"https:\/\/stayinn.travel\/es\/wp-json\/wp\/v2\/types\/product"}],"replies":[{"embeddable":true,"href":"https:\/\/stayinn.travel\/es\/wp-json\/wp\/v2\/comments?post=16418"}],"wp:featuredmedia":[{"embeddable":true,"href":"https:\/\/stayinn.travel\/es\/wp-json\/wp\/v2\/media\/16419"}],"wp:attachment":[{"href":"https:\/\/stayinn.travel\/es\/wp-json\/wp\/v2\/media?parent=16418"}],"wp:term":[{"taxonomy":"country","embeddable":true,"href":"https:\/\/stayinn.travel\/es\/wp-json\/wp\/v2\/country?post=16418"},{"taxonomy":"product_brand","embeddable":true,"href":"https:\/\/stayinn.travel\/es\/wp-json\/wp\/v2\/product_brand?post=16418"},{"taxonomy":"product_cat","embeddable":true,"href":"https:\/\/stayinn.travel\/es\/wp-json\/wp\/v2\/product_cat?post=16418"},{"taxonomy":"product_tag","embeddable":true,"href":"https:\/\/stayinn.travel\/es\/wp-json\/wp\/v2\/product_tag?post=16418"}],"curies":[{"name":"wp","href":"https:\/\/api.w.org\/{rel}","templated":true}]}}