{"id":16420,"date":"2025-10-20T15:58:02","date_gmt":"2025-10-20T15:58:02","guid":{"rendered":"https:\/\/stayinn.travel\/product\/fare-iolana-2\/"},"modified":"2026-04-16T10:35:32","modified_gmt":"2026-04-16T10:35:32","slug":"fare-iolana-2","status":"publish","type":"product","link":"https:\/\/stayinn.travel\/es\/product\/fare-iolana-2\/","title":{"rendered":"FARE IOLANA"},"content":{"rendered":"<p>Es en el coraz\u00f3n de esta servidumbre familiar, completamente segura, donde le damos la bienvenida para su estancia en Punaauia.<\/p>\n<p>Bienvenido a FARE IOLANA, una hermosa, espaciosa y muy bien equipada casa para pasar momentos agradables en familia o con amigos.<\/p>\n<p>Todo ha sido pensado y dispuesto para que no nos falte nada.<\/p>\n<p>El gran jard\u00edn arbolado ser\u00e1 un parque infantil para los m\u00e1s peque\u00f1os con el beneficio a\u00f1adido de un columpio y columpios.<br \/>\n<br \/>La gran terraza cubierta ser\u00e1 el lugar ideal para compartir sus comidas.<\/p>\n<p>La casa, con una superficie de 135 m\u00b2, se compone de una preciosa cocina totalmente equipada que da a un gran sal\u00f3n con TV.<br \/>\n<br \/>Tambi\u00e9n est\u00e1 a su disposici\u00f3n una sala con sala de juegos infantil y despacho.<\/p>\n<p>En el lado de noche, la casa tiene capacidad para 8 personas. Todas las habitaciones tienen aire acondicionado.<br \/>\n<br \/>El dormitorio principal est\u00e1 equipado con una cama Extra King Size (200&#215;200) y un armario.<br \/>\n<br \/>El segundo dormitorio tiene capacidad para 4 personas: 2 literas de 140 x 190<br \/>\n<br \/>Un cuarto de ba\u00f1o con ducha y WC sirve a estos dos dormitorios.<br \/>\n<br \/>El tercer dormitorio se encuentra en un peque\u00f1o anexo. Incluye una cama King Size (180 x 200), un sof\u00e1 y una televisi\u00f3n.<br \/>\n<br \/>Otro cuarto de ba\u00f1o con ducha y WC est\u00e1 disponible<\/p>\n<p>Para los m\u00e1s peque\u00f1os, hay disponibles bajo petici\u00f3n una cuna, una trona, una ba\u00f1era independiente y un parque infantil.<\/p>\n<p>La zona de lavander\u00eda est\u00e1 provista de lavadora y secadora.<\/p>\n<p>Tambi\u00e9n a tu disposici\u00f3n, todo el equipamiento de playa: m\u00e1scaras, snorkels, aletas, brazaletes para los m\u00e1s peque\u00f1os, patatas fritas, cubos, palas, el equipamiento completo para pasar unos bonitos d\u00edas a la orilla del agua.<\/p>\n<p>Y la guinda del pastel: acceso privado directo a una de las playas de arena blanca m\u00e1s bonitas de Tahit\u00ed.<br \/>\n<br \/>Agua cristalina, vista impresionante, pura felicidad.<\/p>\n<p>\u00a1La Tarifa IOALANA le promete buenos momentos en un entorno tranquilo y magn\u00edfico!<br \/>\n<br \/>Enamoramiento asegurado.<\/p>\n<p>Cerca :<br \/>\n<br \/>A 20 minutos del aeropuerto internacional Faa&#8217;a.<br \/>\n<br \/>A 25 minutos del centro de la ciudad de Papeete.<br \/>\n<br \/>A 30 minutos del muelle del ferry hacia Moorea.<br \/>\n<br \/>A 12 minutos del Museo de Tahit\u00ed y las Islas<br \/>\n<br \/>A 3 minutos de la playa p\u00fablica Vaiava PK18.<br \/>\n<br \/>remolques y restaurantes cercanos<\/p>\n<p>Cualquier reserva est\u00e1 sujeta a la plena aceptaci\u00f3n de nuestras condiciones generales de venta que pueden consultar en nuestra web Stayinn.Vacations haciendo clic en las condiciones generales de venta.<\/p>\n<p>N\u00famero de registro: 2666 DTO-MT<\/p>\n","protected":false},"excerpt":{"rendered":"<p>Es en el coraz\u00f3n de esta servidumbre familiar, completamente segura, donde le damos la bienvenida para su estancia en Punaauia. Bienvenido a FARE IOLANA, una hermosa, espaciosa y muy bien equipada casa para pasar momentos agradables en familia o con amigos. Todo ha sido pensado y dispuesto para que no nos falte nada. El gran [&hellip;]<\/p>\n","protected":false},"featured_media":16645,"comment_status":"open","ping_status":"closed","template":"","meta":{"inline_featured_image":false},"country":[],"product_brand":[],"product_cat":[293],"product_tag":[],"class_list":{"0":"post-16420","1":"product","2":"type-product","3":"status-publish","4":"has-post-thumbnail","6":"product_cat-alojamiento","8":"first","9":"instock","10":"shipping-taxable","11":"purchasable","12":"product-type-simple"},"acf":[],"_links":{"self":[{"href":"https:\/\/stayinn.travel\/es\/wp-json\/wp\/v2\/product\/16420","targetHints":{"allow":["GET"]}}],"collection":[{"href":"https:\/\/stayinn.travel\/es\/wp-json\/wp\/v2\/product"}],"about":[{"href":"https:\/\/stayinn.travel\/es\/wp-json\/wp\/v2\/types\/product"}],"replies":[{"embeddable":true,"href":"https:\/\/stayinn.travel\/es\/wp-json\/wp\/v2\/comments?post=16420"}],"wp:featuredmedia":[{"embeddable":true,"href":"https:\/\/stayinn.travel\/es\/wp-json\/wp\/v2\/media\/16645"}],"wp:attachment":[{"href":"https:\/\/stayinn.travel\/es\/wp-json\/wp\/v2\/media?parent=16420"}],"wp:term":[{"taxonomy":"country","embeddable":true,"href":"https:\/\/stayinn.travel\/es\/wp-json\/wp\/v2\/country?post=16420"},{"taxonomy":"product_brand","embeddable":true,"href":"https:\/\/stayinn.travel\/es\/wp-json\/wp\/v2\/product_brand?post=16420"},{"taxonomy":"product_cat","embeddable":true,"href":"https:\/\/stayinn.travel\/es\/wp-json\/wp\/v2\/product_cat?post=16420"},{"taxonomy":"product_tag","embeddable":true,"href":"https:\/\/stayinn.travel\/es\/wp-json\/wp\/v2\/product_tag?post=16420"}],"curies":[{"name":"wp","href":"https:\/\/api.w.org\/{rel}","templated":true}]}}