{"id":16423,"date":"2025-10-20T15:58:02","date_gmt":"2025-10-20T15:58:02","guid":{"rendered":"https:\/\/stayinn.travel\/product\/moorea-fare-ahiata-2\/"},"modified":"2026-04-16T10:35:33","modified_gmt":"2026-04-16T10:35:33","slug":"moorea-fare-ahiata-2","status":"publish","type":"product","link":"https:\/\/stayinn.travel\/es\/product\/moorea-fare-ahiata-2\/","title":{"rendered":"MOOREA &#8211; FARE AHIATA"},"content":{"rendered":"<p>\u00a1Descubre tu oasis de paz junto al mar!<br \/>\n<br \/>Disfruta de una escapada inolvidable en esta hermosa casa con playa privada, perfecta para momentos especiales en familia o con amigos. Con capacidad para hasta 15 personas, te promete relajaci\u00f3n y comodidad en un entorno id\u00edlico.<\/p>\n<p>Con sus amplios exteriores, 2 terrazas cubiertas con vistas impresionantes al mar y una barbacoa para agradables veladas, disfrutar\u00e1s plenamente de la dulzura de vivir. Lejos del ruido, en absoluta calma, es el lugar ideal para recargarte.<\/p>\n<p>El espacio principal consta de una cocina abierta al comedor. La zona de estar, con 2 sof\u00e1s cama, una televisi\u00f3n y una peque\u00f1a mesa, est\u00e1 situada en primera l\u00ednea con vistas panor\u00e1micas al lago.<\/p>\n<p>El ba\u00f1o con ducha y aseo est\u00e1 en la planta baja.<br \/>\n<br \/>Hay una lavadora a tu disposici\u00f3n.<\/p>\n<p>Puedes dormir en los 2 sof\u00e1s cama del sal\u00f3n o en el dormitorio de la planta superior, donde hay colchones en el suelo para alojar a 13 personas. Hay ventiladores para tu comodidad.<\/p>\n<p>Hay kayaks a tu disposici\u00f3n para explorar el lago desde la playa privada o para tus salidas de snorkel.<\/p>\n<p>Situada a pocos pasos del muelle de los transbordadores y cerca de todas las comodidades, esta casa tambi\u00e9n es el punto de partida ideal para explorar la isla.<br \/>\n<br \/>A tu llegada, ser\u00e1s c\u00e1lidamente recibido por la anfitriona, que te har\u00e1 descubrir la magia de un ambiente polinesio.<\/p>\n<p>\u00a1Ven a crear recuerdos \u00fanicos en este peque\u00f1o rinc\u00f3n de para\u00edso donde la relajaci\u00f3n est\u00e1 garantizada!<\/p>\n<p>Toda reserva est\u00e1 sujeta obligatoriamente a la aceptaci\u00f3n sin restricciones de nuestras condiciones generales de venta, visibles en nuestro sitio web Stayinn.Vacations al hacer clic en las condiciones generales.<\/p>\n<p>N\u00famero de registro: 1259DTO-MT<\/p>\n","protected":false},"excerpt":{"rendered":"<p>\u00a1Descubre tu oasis de paz junto al mar! Disfruta de una escapada inolvidable en esta hermosa casa con playa privada, perfecta para momentos especiales en familia o con amigos. Con capacidad para hasta 15 personas, te promete relajaci\u00f3n y comodidad en un entorno id\u00edlico. Con sus amplios exteriores, 2 terrazas cubiertas con vistas impresionantes al [&hellip;]<\/p>\n","protected":false},"featured_media":16424,"comment_status":"open","ping_status":"closed","template":"","meta":{"inline_featured_image":false},"country":[],"product_brand":[],"product_cat":[293],"product_tag":[],"class_list":{"0":"post-16423","1":"product","2":"type-product","3":"status-publish","4":"has-post-thumbnail","6":"product_cat-alojamiento","8":"first","9":"instock","10":"shipping-taxable","11":"purchasable","12":"product-type-simple"},"acf":[],"_links":{"self":[{"href":"https:\/\/stayinn.travel\/es\/wp-json\/wp\/v2\/product\/16423","targetHints":{"allow":["GET"]}}],"collection":[{"href":"https:\/\/stayinn.travel\/es\/wp-json\/wp\/v2\/product"}],"about":[{"href":"https:\/\/stayinn.travel\/es\/wp-json\/wp\/v2\/types\/product"}],"replies":[{"embeddable":true,"href":"https:\/\/stayinn.travel\/es\/wp-json\/wp\/v2\/comments?post=16423"}],"wp:featuredmedia":[{"embeddable":true,"href":"https:\/\/stayinn.travel\/es\/wp-json\/wp\/v2\/media\/16424"}],"wp:attachment":[{"href":"https:\/\/stayinn.travel\/es\/wp-json\/wp\/v2\/media?parent=16423"}],"wp:term":[{"taxonomy":"country","embeddable":true,"href":"https:\/\/stayinn.travel\/es\/wp-json\/wp\/v2\/country?post=16423"},{"taxonomy":"product_brand","embeddable":true,"href":"https:\/\/stayinn.travel\/es\/wp-json\/wp\/v2\/product_brand?post=16423"},{"taxonomy":"product_cat","embeddable":true,"href":"https:\/\/stayinn.travel\/es\/wp-json\/wp\/v2\/product_cat?post=16423"},{"taxonomy":"product_tag","embeddable":true,"href":"https:\/\/stayinn.travel\/es\/wp-json\/wp\/v2\/product_tag?post=16423"}],"curies":[{"name":"wp","href":"https:\/\/api.w.org\/{rel}","templated":true}]}}