{"id":16434,"date":"2025-10-20T15:57:59","date_gmt":"2025-10-20T15:57:59","guid":{"rendered":"https:\/\/stayinn.travel\/product\/manihi-manihi-pool-lodge-2\/"},"modified":"2026-04-16T10:35:37","modified_gmt":"2026-04-16T10:35:37","slug":"manihi-manihi-pool-lodge-2","status":"publish","type":"product","link":"https:\/\/stayinn.travel\/es\/product\/manihi-manihi-pool-lodge-2\/","title":{"rendered":"MANIHI &#8211; Manihi Pool Lodge"},"content":{"rendered":"<p>\u00a1Bienvenido a Manihi, islote paradis\u00edaco de arena en el archipi\u00e9lago de Tuamotu! Al\u00f3jese en un encantador bungalow de 45 m\u00b2 junto a la piscina, ubicado en un marco tropical excepcional para una escapada en familia o con amigos. Este alojamiento puede acoger hasta 4 personas y le ofrece un confort \u00f3ptimo para una estancia inolvidable.<\/p>\n<p>El bungalow incluye una agradable habitaci\u00f3n con ropa de cama de calidad, un espacio de jard\u00edn privado con muebles para sus momentos de descanso al aire libre, as\u00ed como una caja fuerte para sus efectos personales y acceso a internet Wi-Fi. Podr\u00e1 disfrutar de una piscina compartida para refrescarse, as\u00ed como de una televisi\u00f3n para sus veladas. El alojamiento acoger\u00e1 a 2 ni\u00f1os menores de 12 a\u00f1os en un sof\u00e1-cama en la sala de estar.<\/p>\n<p>Disfrute de la pensi\u00f3n completa incluida en su reserva.<br \/>\n<br \/>La pensi\u00f3n destaca una gastronom\u00eda de calidad, que combina la finura francesa con inspiraciones polinesias. Saboree platos refinados elaborados con productos locales y servidos en un marco paradis\u00edaco y acogedor. Para realzar su experiencia, una hermosa bodega ofrece una selecci\u00f3n de vinos cuidadosamente elegidos, perfectos para acompa\u00f1ar sus comidas y descubrir nuevos sabores.<\/p>\n<p>En el programa: pesca, m\u00e1scara y tubo, descanso bajo los cocoteros, visita a la isla, la granja perl\u00edfera, p\u00edcnic en Motu, descubrimiento del atol\u00f3n en barco&#8230;<br \/>\n<br \/>Un gimnasio est\u00e1 a su disposici\u00f3n en la pensi\u00f3n.<br \/>\n<br \/>\u00a1El club de buceo de la isla le llevar\u00e1 a los mejores lugares para descubrir las maravillas del atol\u00f3n!<\/p>\n<p>Es el lugar ideal para reponerse y explorar la belleza de la Polinesia.<\/p>\n","protected":false},"excerpt":{"rendered":"<p>\u00a1Bienvenido a Manihi, islote paradis\u00edaco de arena en el archipi\u00e9lago de Tuamotu! Al\u00f3jese en un encantador bungalow de 45 m\u00b2 junto a la piscina, ubicado en un marco tropical excepcional para una escapada en familia o con amigos. Este alojamiento puede acoger hasta 4 personas y le ofrece un confort \u00f3ptimo para una estancia inolvidable. [&hellip;]<\/p>\n","protected":false},"featured_media":16647,"comment_status":"open","ping_status":"closed","template":"","meta":{"inline_featured_image":false},"country":[],"product_brand":[],"product_cat":[293],"product_tag":[],"class_list":{"0":"post-16434","1":"product","2":"type-product","3":"status-publish","4":"has-post-thumbnail","6":"product_cat-alojamiento","8":"first","9":"instock","10":"shipping-taxable","11":"purchasable","12":"product-type-simple"},"acf":[],"_links":{"self":[{"href":"https:\/\/stayinn.travel\/es\/wp-json\/wp\/v2\/product\/16434","targetHints":{"allow":["GET"]}}],"collection":[{"href":"https:\/\/stayinn.travel\/es\/wp-json\/wp\/v2\/product"}],"about":[{"href":"https:\/\/stayinn.travel\/es\/wp-json\/wp\/v2\/types\/product"}],"replies":[{"embeddable":true,"href":"https:\/\/stayinn.travel\/es\/wp-json\/wp\/v2\/comments?post=16434"}],"wp:featuredmedia":[{"embeddable":true,"href":"https:\/\/stayinn.travel\/es\/wp-json\/wp\/v2\/media\/16647"}],"wp:attachment":[{"href":"https:\/\/stayinn.travel\/es\/wp-json\/wp\/v2\/media?parent=16434"}],"wp:term":[{"taxonomy":"country","embeddable":true,"href":"https:\/\/stayinn.travel\/es\/wp-json\/wp\/v2\/country?post=16434"},{"taxonomy":"product_brand","embeddable":true,"href":"https:\/\/stayinn.travel\/es\/wp-json\/wp\/v2\/product_brand?post=16434"},{"taxonomy":"product_cat","embeddable":true,"href":"https:\/\/stayinn.travel\/es\/wp-json\/wp\/v2\/product_cat?post=16434"},{"taxonomy":"product_tag","embeddable":true,"href":"https:\/\/stayinn.travel\/es\/wp-json\/wp\/v2\/product_tag?post=16434"}],"curies":[{"name":"wp","href":"https:\/\/api.w.org\/{rel}","templated":true}]}}