{"id":16435,"date":"2025-10-20T15:58:01","date_gmt":"2025-10-20T15:58:01","guid":{"rendered":"https:\/\/stayinn.travel\/product\/manihi-miki-lagoon-bungalow-2\/"},"modified":"2026-04-16T10:35:37","modified_gmt":"2026-04-16T10:35:37","slug":"manihi-miki-lagoon-bungalow-2","status":"publish","type":"product","link":"https:\/\/stayinn.travel\/es\/product\/manihi-miki-lagoon-bungalow-2\/","title":{"rendered":"MANIHI &#8211; Miki Lagoon Bungalow"},"content":{"rendered":"<p>Bienvenido a Manihi en un bungalow espacioso de 80 m\u00b2 a orillas de la laguna en una pensi\u00f3n con piscina, perfecto para una estancia tropical en familia o con amigos. Este alojamiento, dise\u00f1ado para acoger hasta 6 personas, dispone de dos habitaciones confortables y todo lo necesario para un momento de absoluto relax.<\/p>\n<p>El bungalow est\u00e1 equipado con una caja fuerte para sus efectos personales, un minibar, wifi para mantenerse conectado y una televisi\u00f3n.<\/p>\n<p>Disfrutar\u00e1 de un jard\u00edn privado con mobiliario exterior y una terraza con vista a la incre\u00edble laguna. El acceso a una piscina compartida le invita a nadar bajo el sol polin\u00e9sico y los cocoteros.<\/p>\n<p>La pensi\u00f3n completa est\u00e1 incluida.<br \/>\n<br \/>La pensi\u00f3n le ofrecer\u00e1 una experiencia culinaria refinada, donde los sabores locales de Polinesia se encuentran con la fineza de la cocina francesa. Una hermosa bodega completa este arte de la mesa, ofreci\u00e9ndole una selecci\u00f3n de vinos cuidadosamente elegidos para realzar cada comida.<\/p>\n<p>En el programa: pesca, m\u00e1scara y tubo, descanso bajo los cocoteros, visita a la isla, la granja perl\u00edfera, p\u00edcnic en Motus, descubrimiento del atol\u00f3n en barco&#8230;<br \/>\n<br \/>Un gimnasio est\u00e1 a su disposici\u00f3n en la pensi\u00f3n.<br \/>\n<br \/>\u00a1El club de buceo de la isla le llevar\u00e1 a los mejores lugares para descubrir las maravillas del atol\u00f3n!<\/p>\n<p>El lugar ideal para disfrutar de la serenidad y la autenticidad de Manihi. \u00a1Reserve ya para una estancia que combina confort, encanto y descubrimientos culinarios polin\u00e9sicos.<\/p>\n","protected":false},"excerpt":{"rendered":"<p>Bienvenido a Manihi en un bungalow espacioso de 80 m\u00b2 a orillas de la laguna en una pensi\u00f3n con piscina, perfecto para una estancia tropical en familia o con amigos. Este alojamiento, dise\u00f1ado para acoger hasta 6 personas, dispone de dos habitaciones confortables y todo lo necesario para un momento de absoluto relax. El bungalow [&hellip;]<\/p>\n","protected":false},"featured_media":16648,"comment_status":"open","ping_status":"closed","template":"","meta":{"inline_featured_image":false},"country":[],"product_brand":[],"product_cat":[293],"product_tag":[],"class_list":{"0":"post-16435","1":"product","2":"type-product","3":"status-publish","4":"has-post-thumbnail","6":"product_cat-alojamiento","8":"first","9":"instock","10":"shipping-taxable","11":"purchasable","12":"product-type-simple"},"acf":[],"_links":{"self":[{"href":"https:\/\/stayinn.travel\/es\/wp-json\/wp\/v2\/product\/16435","targetHints":{"allow":["GET"]}}],"collection":[{"href":"https:\/\/stayinn.travel\/es\/wp-json\/wp\/v2\/product"}],"about":[{"href":"https:\/\/stayinn.travel\/es\/wp-json\/wp\/v2\/types\/product"}],"replies":[{"embeddable":true,"href":"https:\/\/stayinn.travel\/es\/wp-json\/wp\/v2\/comments?post=16435"}],"wp:featuredmedia":[{"embeddable":true,"href":"https:\/\/stayinn.travel\/es\/wp-json\/wp\/v2\/media\/16648"}],"wp:attachment":[{"href":"https:\/\/stayinn.travel\/es\/wp-json\/wp\/v2\/media?parent=16435"}],"wp:term":[{"taxonomy":"country","embeddable":true,"href":"https:\/\/stayinn.travel\/es\/wp-json\/wp\/v2\/country?post=16435"},{"taxonomy":"product_brand","embeddable":true,"href":"https:\/\/stayinn.travel\/es\/wp-json\/wp\/v2\/product_brand?post=16435"},{"taxonomy":"product_cat","embeddable":true,"href":"https:\/\/stayinn.travel\/es\/wp-json\/wp\/v2\/product_cat?post=16435"},{"taxonomy":"product_tag","embeddable":true,"href":"https:\/\/stayinn.travel\/es\/wp-json\/wp\/v2\/product_tag?post=16435"}],"curies":[{"name":"wp","href":"https:\/\/api.w.org\/{rel}","templated":true}]}}