{"id":16436,"date":"2025-10-20T15:57:57","date_gmt":"2025-10-20T15:57:57","guid":{"rendered":"https:\/\/stayinn.travel\/product\/tahiti-villa-zen-2\/"},"modified":"2026-04-16T10:35:38","modified_gmt":"2026-04-16T10:35:38","slug":"tahiti-villa-zen-2","status":"publish","type":"product","link":"https:\/\/stayinn.travel\/es\/product\/tahiti-villa-zen-2\/","title":{"rendered":"TAHITI &#8211; Villa Zen"},"content":{"rendered":"<p>Villa Zen &#8211; Un refugio de paz en Pic Rouge, Papeete, Tahit\u00ed<\/p>\n<p>Bienvenido a la Villa Zen, un refugio de serenidad ubicado en el coraz\u00f3n de las alturas de Papeete, en Pic Rouge. Con una vista impresionante del mar y las monta\u00f1as, esta villa es ideal para grandes grupos o familias en busca de comodidad y relajaci\u00f3n.<\/p>\n<p>Una villa espaciosa y totalmente equipada<br \/>\n<br \/>Descubra un espacio a la vez moderno y acogedor, dise\u00f1ado para su bienestar:<\/p>\n<p>4 habitaciones: tres con camas de matrimonio y una con cama king size, todas acondicionadas con cuidado para noches tranquilas.<br \/>\n<br \/>2 ba\u00f1os equipados con duchas, toallas proporcionadas, y una lavadora para una estancia sin preocupaciones.<br \/>\n<br \/>Cocina americana equipada: nevera, horno, microondas, lavavajillas, cafetera, freidora, exprimidor, y mucho m\u00e1s para preparar sus comidas con total facilidad.<br \/>\n<br \/>Espacio exterior privado: sum\u00e9rgase en la piscina privativa o rel\u00e1jese en la terraza de madera mientras admira la vista excepcional.<br \/>\n<br \/>Comodidad y servicios<br \/>\n<br \/>La Villa Zen combina comodidad moderna y practicidad:<\/p>\n<p>Wifi y televisi\u00f3n conectada para sus entretenimientos.<br \/>\n<br \/>Parking privado que puede acoger 3 veh\u00edculos.<br \/>\n<br \/>Una escapada perfecta<\/p>\n<p>  Las ventajas de la Villa Zen:<\/p>\n<p>Vista panor\u00e1mica de mar y monta\u00f1a.<br \/>\n<br \/>Piscina privada y gran terraza ideal para relajarse.<br \/>\n<br \/>Casa espaciosa, perfecta para grupos de hasta 12 personas (incluyendo el bungalow).<br \/>\n<br \/>Disfrute de una estancia musical: un piano blanco est\u00e1 instalado en la Villa Zen para su placer. \u00a1Ideal para los amantes de la m\u00fasica!<\/p>\n<p>En las proximidades<br \/>\n<br \/>Aproveche la ubicaci\u00f3n ideal de la villa, a pocos minutos de las comodidades y sitios tur\u00edsticos:<br \/>\n<br \/>Comercios: Champion Paofai (5 km), Carrefour Faa&#8217;a (5,3 km).<br \/>\n<br \/>Restaurantes: Meherio Tahitian Bistro (5,7 km), Le Moana (7,5 km).<br \/>\n<br \/>Playas: Playa Lafayette (13 km), Punta V\u00e9nus (17,7 km).<br \/>\n<br \/>Sitios tur\u00edsticos: Parque Paofai (5,5 km), Parque Vairai (10,6 km).<\/p>\n<p>Reglas de la casa<br \/>\n<br \/>Prohibido fumar en el interior.<br \/>\n<br \/>No se admiten animales.<br \/>\n<br \/>Las fiestas y reuniones est\u00e1n estrictamente prohibidas para preservar la tranquilidad del lugar.<br \/>\n<br \/>Por favor, cuide este piano y util\u00edcelo con precauci\u00f3n durante su estancia<\/p>\n<p>  N\u00famero de registro: 2924DTO-MT<\/p>\n","protected":false},"excerpt":{"rendered":"<p>Villa Zen &#8211; Un refugio de paz en Pic Rouge, Papeete, Tahit\u00ed Bienvenido a la Villa Zen, un refugio de serenidad ubicado en el coraz\u00f3n de las alturas de Papeete, en Pic Rouge. Con una vista impresionante del mar y las monta\u00f1as, esta villa es ideal para grandes grupos o familias en busca de comodidad [&hellip;]<\/p>\n","protected":false},"featured_media":16437,"comment_status":"open","ping_status":"closed","template":"","meta":{"inline_featured_image":false},"country":[],"product_brand":[],"product_cat":[293],"product_tag":[],"class_list":{"0":"post-16436","1":"product","2":"type-product","3":"status-publish","4":"has-post-thumbnail","6":"product_cat-alojamiento","8":"first","9":"instock","10":"shipping-taxable","11":"purchasable","12":"product-type-simple"},"acf":[],"_links":{"self":[{"href":"https:\/\/stayinn.travel\/es\/wp-json\/wp\/v2\/product\/16436","targetHints":{"allow":["GET"]}}],"collection":[{"href":"https:\/\/stayinn.travel\/es\/wp-json\/wp\/v2\/product"}],"about":[{"href":"https:\/\/stayinn.travel\/es\/wp-json\/wp\/v2\/types\/product"}],"replies":[{"embeddable":true,"href":"https:\/\/stayinn.travel\/es\/wp-json\/wp\/v2\/comments?post=16436"}],"wp:featuredmedia":[{"embeddable":true,"href":"https:\/\/stayinn.travel\/es\/wp-json\/wp\/v2\/media\/16437"}],"wp:attachment":[{"href":"https:\/\/stayinn.travel\/es\/wp-json\/wp\/v2\/media?parent=16436"}],"wp:term":[{"taxonomy":"country","embeddable":true,"href":"https:\/\/stayinn.travel\/es\/wp-json\/wp\/v2\/country?post=16436"},{"taxonomy":"product_brand","embeddable":true,"href":"https:\/\/stayinn.travel\/es\/wp-json\/wp\/v2\/product_brand?post=16436"},{"taxonomy":"product_cat","embeddable":true,"href":"https:\/\/stayinn.travel\/es\/wp-json\/wp\/v2\/product_cat?post=16436"},{"taxonomy":"product_tag","embeddable":true,"href":"https:\/\/stayinn.travel\/es\/wp-json\/wp\/v2\/product_tag?post=16436"}],"curies":[{"name":"wp","href":"https:\/\/api.w.org\/{rel}","templated":true}]}}