{"id":16440,"date":"2025-10-20T15:58:05","date_gmt":"2025-10-20T15:58:05","guid":{"rendered":"https:\/\/stayinn.travel\/product\/ahe-bungalow-moemoea-lagoon-2-2\/"},"modified":"2026-04-16T10:35:39","modified_gmt":"2026-04-16T10:35:39","slug":"ahe-bungalow-moemoea-lagoon-2-2","status":"publish","type":"product","link":"https:\/\/stayinn.travel\/es\/product\/ahe-bungalow-moemoea-lagoon-2-2\/","title":{"rendered":"AHE &#8211; Bungalow Moemoea Lagoon 2"},"content":{"rendered":"<p>Descubra el atol\u00f3n preservado de Ahe, en el coraz\u00f3n de Tuamotu, aloj\u00e1ndose en esta pensi\u00f3n familiar de 2 estrellas. Ubicado en las orillas de una playa de arena rosa, esta direcci\u00f3n aut\u00e9ntica y eco-responsable ofrece cinco bungal\u00f3s confortables, todos alimentados con energ\u00eda solar y equipados con conexi\u00f3n Wi-Fi.<\/p>\n<p>Cada bungalow puede albergar hasta 4 personas e incluye una cama de matrimonio, dos camas individuales y un ba\u00f1o privado con agua caliente.<\/p>\n<p>Podr\u00e1s relajarte en la playa o explorar la laguna con el equipo de snorkel a tu disposici\u00f3n. Las excursiones a los atolones vecinos te permitir\u00e1n descubrir la belleza salvaje del atol\u00f3n, mientras que los apasionados de la pesca, en la laguna, en alta mar o buceando, quedar\u00e1n satisfechos con las oportunidades ofrecidas.<\/p>\n<p>Para los deportistas, un mini campo de baloncesto y un minigolf en el coraz\u00f3n de la plantaci\u00f3n de cocoteros ofrecen momentos de entretenimiento \u00fanicos. Podr\u00e1 disfrutar tambi\u00e9n de kayaks, jugar al billar, al futbol\u00edn o al ping-pong. Los amantes de la cultura polinesia tendr\u00e1n la oportunidad de aprender el va&#8217;a, la piragua tradicional, o de descubrir los sonidos fascinantes del ukelele.<\/p>\n<p>En lo que respecta a la gastronom\u00eda, Raita le har\u00e1 descubrir deliciosos platos a base de pescado fresco, mariscos y otros productos locales, ofreci\u00e9ndole una verdadera inmersi\u00f3n culinaria polinesia. Como punto culminante de su estancia, la v\u00edspera de su partida, disfrutar\u00e1 de un concierto privado ofrecido por su anfitri\u00f3n, un momento \u00edntimo y m\u00e1gico que quedar\u00e1 grabado en sus recuerdos.<\/p>\n<p>La pensi\u00f3n completa tambi\u00e9n es posible, hay que reservar y pagar directamente en el lugar al llegar<\/p>\n<p>Entre relajaci\u00f3n, descubrimientos y placeres gastron\u00f3micos, este bungalow en la playa de Ahe es una invitaci\u00f3n a vivir una experiencia inolvidable en un para\u00edso terrenal, donde cada puesta de sol es un espect\u00e1culo en s\u00ed mismo.<\/p>\n<p>Reserve ahora y d\u00e9jate seducir por la autenticidad y la belleza preservada de Ahe.<\/p>\n","protected":false},"excerpt":{"rendered":"<p>Descubra el atol\u00f3n preservado de Ahe, en el coraz\u00f3n de Tuamotu, aloj\u00e1ndose en esta pensi\u00f3n familiar de 2 estrellas. Ubicado en las orillas de una playa de arena rosa, esta direcci\u00f3n aut\u00e9ntica y eco-responsable ofrece cinco bungal\u00f3s confortables, todos alimentados con energ\u00eda solar y equipados con conexi\u00f3n Wi-Fi. Cada bungalow puede albergar hasta 4 personas [&hellip;]<\/p>\n","protected":false},"featured_media":16441,"comment_status":"open","ping_status":"closed","template":"","meta":{"inline_featured_image":false},"country":[],"product_brand":[],"product_cat":[293],"product_tag":[],"class_list":{"0":"post-16440","1":"product","2":"type-product","3":"status-publish","4":"has-post-thumbnail","6":"product_cat-alojamiento","8":"first","9":"instock","10":"shipping-taxable","11":"purchasable","12":"product-type-simple"},"acf":[],"_links":{"self":[{"href":"https:\/\/stayinn.travel\/es\/wp-json\/wp\/v2\/product\/16440","targetHints":{"allow":["GET"]}}],"collection":[{"href":"https:\/\/stayinn.travel\/es\/wp-json\/wp\/v2\/product"}],"about":[{"href":"https:\/\/stayinn.travel\/es\/wp-json\/wp\/v2\/types\/product"}],"replies":[{"embeddable":true,"href":"https:\/\/stayinn.travel\/es\/wp-json\/wp\/v2\/comments?post=16440"}],"wp:featuredmedia":[{"embeddable":true,"href":"https:\/\/stayinn.travel\/es\/wp-json\/wp\/v2\/media\/16441"}],"wp:attachment":[{"href":"https:\/\/stayinn.travel\/es\/wp-json\/wp\/v2\/media?parent=16440"}],"wp:term":[{"taxonomy":"country","embeddable":true,"href":"https:\/\/stayinn.travel\/es\/wp-json\/wp\/v2\/country?post=16440"},{"taxonomy":"product_brand","embeddable":true,"href":"https:\/\/stayinn.travel\/es\/wp-json\/wp\/v2\/product_brand?post=16440"},{"taxonomy":"product_cat","embeddable":true,"href":"https:\/\/stayinn.travel\/es\/wp-json\/wp\/v2\/product_cat?post=16440"},{"taxonomy":"product_tag","embeddable":true,"href":"https:\/\/stayinn.travel\/es\/wp-json\/wp\/v2\/product_tag?post=16440"}],"curies":[{"name":"wp","href":"https:\/\/api.w.org\/{rel}","templated":true}]}}