{"id":16465,"date":"2025-10-20T15:58:01","date_gmt":"2025-10-20T15:58:01","guid":{"rendered":"https:\/\/stayinn.travel\/product\/bora-bora-villa-pearl-2\/"},"modified":"2026-04-16T10:35:47","modified_gmt":"2026-04-16T10:35:47","slug":"bora-bora-villa-pearl-2","status":"publish","type":"product","link":"https:\/\/stayinn.travel\/es\/product\/bora-bora-villa-pearl-2\/","title":{"rendered":"BORA BORA &#8211; Villa Pearl"},"content":{"rendered":"<p>Ubicada en el noroeste de la isla, la casa Faanui Pearl Bora Bora le invita a vivir una experiencia polinesia \u00fanica, lo m\u00e1s cerca posible de la naturaleza y la laguna m\u00edtica. Espaciosa y elegantemente amueblada, esta casa de 3 habitaciones con aire acondicionado es el equilibrio perfecto entre comodidad moderna y encanto local.<\/p>\n<p>Nada m\u00e1s entrar, quedar\u00e1s seducido por la gran terraza cubierta, un verdadero espacio habitable abierto a un jard\u00edn arbolado y una vista impresionante sobre la laguna turquesa. Ya sea para un desayuno al amanecer o un aperitivo por la tarde, cada momento se vuelve m\u00e1gico.<\/p>\n<p>Composici\u00f3n de la casa:<br \/>\n<br \/>Una suite principal con cuarto de ba\u00f1o privado<br \/>\n<br \/>Dos habitaciones con camas Queen size<br \/>\n<br \/>Un segundo cuarto de ba\u00f1o equipado con lavadora<br \/>\n<br \/>Una cocina totalmente equipada (horno, microondas, placas, frigor\u00edfico&#8230;)<br \/>\n<br \/>Un amplio sal\u00f3n con espacio para comer y rinc\u00f3n de oficina<br \/>\n<br \/>Conexi\u00f3n Wi-Fi, TV de pantalla plana, aire acondicionado<\/p>\n<p>Desde el jard\u00edn, acceda directamente a la laguna, disfrute del sol en un tumbona o simplemente admire la puesta de sol.<\/p>\n<p>El peque\u00f1o plus: la casa se encuentra a solo unos minutos de los comercios, restaurantes y lugares emblem\u00e1ticos de Bora Bora, ofreciendo al mismo tiempo la tranquilidad de un barrio residencial.<\/p>\n<p>Que viajen en pareja, en familia o entre amigos, Faanui Pearl es el lugar ideal para una estancia tranquila, aut\u00e9ntica y memorable en la perla del Pac\u00edfico.<\/p>\n","protected":false},"excerpt":{"rendered":"<p>Ubicada en el noroeste de la isla, la casa Faanui Pearl Bora Bora le invita a vivir una experiencia polinesia \u00fanica, lo m\u00e1s cerca posible de la naturaleza y la laguna m\u00edtica. Espaciosa y elegantemente amueblada, esta casa de 3 habitaciones con aire acondicionado es el equilibrio perfecto entre comodidad moderna y encanto local. Nada [&hellip;]<\/p>\n","protected":false},"featured_media":16656,"comment_status":"open","ping_status":"closed","template":"","meta":{"inline_featured_image":false},"country":[],"product_brand":[],"product_cat":[293],"product_tag":[],"class_list":{"0":"post-16465","1":"product","2":"type-product","3":"status-publish","4":"has-post-thumbnail","6":"product_cat-alojamiento","8":"first","9":"instock","10":"shipping-taxable","11":"purchasable","12":"product-type-simple"},"acf":[],"_links":{"self":[{"href":"https:\/\/stayinn.travel\/es\/wp-json\/wp\/v2\/product\/16465","targetHints":{"allow":["GET"]}}],"collection":[{"href":"https:\/\/stayinn.travel\/es\/wp-json\/wp\/v2\/product"}],"about":[{"href":"https:\/\/stayinn.travel\/es\/wp-json\/wp\/v2\/types\/product"}],"replies":[{"embeddable":true,"href":"https:\/\/stayinn.travel\/es\/wp-json\/wp\/v2\/comments?post=16465"}],"wp:featuredmedia":[{"embeddable":true,"href":"https:\/\/stayinn.travel\/es\/wp-json\/wp\/v2\/media\/16656"}],"wp:attachment":[{"href":"https:\/\/stayinn.travel\/es\/wp-json\/wp\/v2\/media?parent=16465"}],"wp:term":[{"taxonomy":"country","embeddable":true,"href":"https:\/\/stayinn.travel\/es\/wp-json\/wp\/v2\/country?post=16465"},{"taxonomy":"product_brand","embeddable":true,"href":"https:\/\/stayinn.travel\/es\/wp-json\/wp\/v2\/product_brand?post=16465"},{"taxonomy":"product_cat","embeddable":true,"href":"https:\/\/stayinn.travel\/es\/wp-json\/wp\/v2\/product_cat?post=16465"},{"taxonomy":"product_tag","embeddable":true,"href":"https:\/\/stayinn.travel\/es\/wp-json\/wp\/v2\/product_tag?post=16465"}],"curies":[{"name":"wp","href":"https:\/\/api.w.org\/{rel}","templated":true}]}}