{"id":16466,"date":"2025-10-20T15:58:04","date_gmt":"2025-10-20T15:58:04","guid":{"rendered":"https:\/\/stayinn.travel\/product\/huahine-bungalow-arii-breakfast-2-2\/"},"modified":"2026-04-16T10:35:47","modified_gmt":"2026-04-16T10:35:47","slug":"huahine-bungalow-arii-breakfast-2-2","status":"publish","type":"product","link":"https:\/\/stayinn.travel\/es\/product\/huahine-bungalow-arii-breakfast-2-2\/","title":{"rendered":"HUAHINE &#8211; Bungalow Arii + Breakfast 2"},"content":{"rendered":"<p>Bienvenido al Bungalow Arii Pool &#038; Breakfast 2<\/p>\n<p>Sum\u00e9rgete en la autenticidad polinesia durante tu estancia en Huahine, una de las islas m\u00e1s preservadas del archipi\u00e9lago. Apodada \u00abla isla de la mujer\u00bb, Huahine es una verdadera joya natural, compuesta por dos partes unidas por un puente: Huahine Nui y Huahine Iti. Aqu\u00ed, el tiempo parece detenido entre lagunas turquesas, playas de arena blanca, monta\u00f1as verdosas y tradiciones vivas. Lejos de los grandes complejos tur\u00edsticos, la isla seduce por su ambiente tranquilo, sus marae (sitios sagrados) impregnados de historia, y sus pueblos aut\u00e9nticos donde el modo de vida polin\u00e9sico perdura.<\/p>\n<p>Es en el coraz\u00f3n de este decorado encantador donde descubrir\u00e1 el Bungalow Arii+Breakfast 2, anidado en una peque\u00f1a pensi\u00f3n \u00edntima rodeada de naturaleza exuberante. La propiedad cuenta con 3 bungal\u00f3s independientes y 2 habitaciones de hu\u00e9spedes, con una bonita piscina compartida ideal para refrescarse y relajarse.<\/p>\n<p>El Bungalow Arii puede acoger hasta 3 personas con una cama doble y una cama individual, equipado con un ventilador para un confort \u00f3ptimo. Tambi\u00e9n incluye un cuarto de ba\u00f1o privado con ducha, inodoro, y toallas proporcionadas. Un cambio de ropa de cama y toallas est\u00e1 previsto cada 3 d\u00edas para su bienestar.<\/p>\n<p>Podr\u00e1 disfrutar de una kitchenette equipada (refrigerador, placa de cocina, cafetera, hervidor), perfecta para sus comidas con total autonom\u00eda. Hay espacios comunes a disposici\u00f3n, incluyendo una cocina exterior para las habitaciones de hu\u00e9spedes y, por supuesto, la piscina.<\/p>\n<p>A solo 200 metros, un acceso directo le llevar\u00e1 a una hermosa playa de arena blanca, el lugar perfecto para admirar la puesta de sol o simplemente relajarse al final del d\u00eda.<\/p>\n<p>Como opci\u00f3n, disfrute de un delicioso desayuno continental servido en el lugar para comenzar bien el d\u00eda.<\/p>\n<p>Los elementos esenciales de su estancia:<\/p>\n<p>-Playa accesible a pie a 200 m<br \/>\n<br \/>-A solo 500 m del centro de la ciudad de Fare<br \/>\n<br \/>-Ropa de cama proporcionada, lavadora disponible<br \/>\n<br \/>-Wifi ilimitado<br \/>\n<br \/>-Desayuno continental adicional<br \/>\n<br \/>-Traslados al aeropuerto y alquiler de veh\u00edculos bajo petici\u00f3n (adicional)<\/p>\n<p>Toda reserva implica la aceptaci\u00f3n de nuestras condiciones generales de venta, consultables en nuestro sitio web Stayinn.Vacations en la secci\u00f3n dedicada.<\/p>\n<p>N\u00famero de registro: 568519<\/p>\n","protected":false},"excerpt":{"rendered":"<p>Bienvenido al Bungalow Arii Pool &#038; Breakfast 2 Sum\u00e9rgete en la autenticidad polinesia durante tu estancia en Huahine, una de las islas m\u00e1s preservadas del archipi\u00e9lago. Apodada \u00abla isla de la mujer\u00bb, Huahine es una verdadera joya natural, compuesta por dos partes unidas por un puente: Huahine Nui y Huahine Iti. Aqu\u00ed, el tiempo parece [&hellip;]<\/p>\n","protected":false},"featured_media":16657,"comment_status":"open","ping_status":"closed","template":"","meta":{"inline_featured_image":false},"country":[],"product_brand":[],"product_cat":[293],"product_tag":[],"class_list":{"0":"post-16466","1":"product","2":"type-product","3":"status-publish","4":"has-post-thumbnail","6":"product_cat-alojamiento","8":"first","9":"instock","10":"shipping-taxable","11":"purchasable","12":"product-type-simple"},"acf":[],"_links":{"self":[{"href":"https:\/\/stayinn.travel\/es\/wp-json\/wp\/v2\/product\/16466","targetHints":{"allow":["GET"]}}],"collection":[{"href":"https:\/\/stayinn.travel\/es\/wp-json\/wp\/v2\/product"}],"about":[{"href":"https:\/\/stayinn.travel\/es\/wp-json\/wp\/v2\/types\/product"}],"replies":[{"embeddable":true,"href":"https:\/\/stayinn.travel\/es\/wp-json\/wp\/v2\/comments?post=16466"}],"wp:featuredmedia":[{"embeddable":true,"href":"https:\/\/stayinn.travel\/es\/wp-json\/wp\/v2\/media\/16657"}],"wp:attachment":[{"href":"https:\/\/stayinn.travel\/es\/wp-json\/wp\/v2\/media?parent=16466"}],"wp:term":[{"taxonomy":"country","embeddable":true,"href":"https:\/\/stayinn.travel\/es\/wp-json\/wp\/v2\/country?post=16466"},{"taxonomy":"product_brand","embeddable":true,"href":"https:\/\/stayinn.travel\/es\/wp-json\/wp\/v2\/product_brand?post=16466"},{"taxonomy":"product_cat","embeddable":true,"href":"https:\/\/stayinn.travel\/es\/wp-json\/wp\/v2\/product_cat?post=16466"},{"taxonomy":"product_tag","embeddable":true,"href":"https:\/\/stayinn.travel\/es\/wp-json\/wp\/v2\/product_tag?post=16466"}],"curies":[{"name":"wp","href":"https:\/\/api.w.org\/{rel}","templated":true}]}}