{"id":16476,"date":"2025-10-20T15:57:58","date_gmt":"2025-10-20T15:57:58","guid":{"rendered":"https:\/\/stayinn.travel\/product\/huahine-fish-lodge-2\/"},"modified":"2026-04-16T10:35:51","modified_gmt":"2026-04-16T10:35:51","slug":"huahine-fish-lodge-2","status":"publish","type":"product","link":"https:\/\/stayinn.travel\/es\/product\/huahine-fish-lodge-2\/","title":{"rendered":"HUAHINE-FISH LODGE"},"content":{"rendered":"<p>Bienvenido a Huahine, en las alturas de Maroe, en un entorno tranquilo entre la laguna y la vegetaci\u00f3n. El Bungalow Fish Lodge le invita a vivir una experiencia aut\u00e9ntica, combinando comodidad moderna y encanto polin\u00e9sico, en el coraz\u00f3n de un jard\u00edn exuberante.<\/p>\n<p>Dise\u00f1ado para un m\u00e1ximo de 2 personas, este bungalow tipo estudio ofrece un espacio abierto con aire acondicionado con cama doble, zona de descanso y zona de comedor, as\u00ed como un ba\u00f1o privado. Una cocina equipada (microondas, vajilla, utensilios) est\u00e1 disponible para mayor autonom\u00eda. El wifi, la ropa de cama y las toallas est\u00e1n incluidos.<\/p>\n<p>Cada ma\u00f1ana, se sirve un desayuno completo. A su llegada, ser\u00e1n recibidos con un collar de flores tradicional, s\u00edmbolo de la hospitalidad polinesia. Hay bicicletas disponibles para explorar la isla con total libertad. Una lavadora y un secador pueden ser utilizados adicionalmente, y es posible reservar una cena casera a base de productos locales (con reserva 12 horas antes).<\/p>\n<p>La ubicaci\u00f3n es ideal para disfrutar de la tranquilidad, mientras se mantiene cerca de las comodidades: el pueblo principal, con su mercado local, sus tiendas y varios restaurantes tradicionales, se encuentra a unos 15 minutos en coche. Las plantaciones de vainilla tambi\u00e9n son accesibles en las proximidades.<\/p>\n<p>\u26a0\ufe0f Un servicio de transferencia de pago est\u00e1 disponible como extra y debe reservarse en el momento de la reserva de su estancia.<\/p>\n<p>\u2728 Entre laguna y vegetaci\u00f3n, el Bungalow Fish Lodge es la direcci\u00f3n ideal para una escapada tranquila y aut\u00e9ntica en Huahine.<\/p>\n<p>Puntos fuertes de la vivienda<\/p>\n<p>Estudio tipo bungalow para un m\u00e1ximo de 2 personas<\/p>\n<p>Espacio abierto climatizado con cama doble y rinc\u00f3n de comida<\/p>\n<p>Ba\u00f1o privado, kitchenette equipada, wifi incluido<\/p>\n<p>Desayuno completo incluido, cena local con reserva<\/p>\n<p>Bienvenida c\u00e1lida con collar de flores, bicicletas a disposici\u00f3n<\/p>\n<p>Cerca<\/p>\n<p>Pueblo principal (Far\u00e9): mercado, comercios y restaurantes tradicionales a ~15 minutos en coche<\/p>\n<p>Playa: accesible en ~15 min en coche<\/p>\n<p>Plantaciones de vainilla: paseos y visitas culturales cercanas<\/p>\n<p>Las fiestas y reuniones est\u00e1n estrictamente prohibidas dentro de la vivienda.<\/p>\n<p>Toda reserva est\u00e1 sujeta obligatoriamente a la aceptaci\u00f3n sin restricciones de nuestras condiciones generales de venta visibles en nuestro sitio web Stayinn.Vacations haciendo clic en condiciones generales.<\/p>\n<p>N\u00famero de registro: 3745DTO-MT<\/p>\n","protected":false},"excerpt":{"rendered":"<p>Bienvenido a Huahine, en las alturas de Maroe, en un entorno tranquilo entre la laguna y la vegetaci\u00f3n. El Bungalow Fish Lodge le invita a vivir una experiencia aut\u00e9ntica, combinando comodidad moderna y encanto polin\u00e9sico, en el coraz\u00f3n de un jard\u00edn exuberante. Dise\u00f1ado para un m\u00e1ximo de 2 personas, este bungalow tipo estudio ofrece un [&hellip;]<\/p>\n","protected":false},"featured_media":16663,"comment_status":"open","ping_status":"closed","template":"","meta":{"inline_featured_image":false},"country":[],"product_brand":[],"product_cat":[293],"product_tag":[],"class_list":{"0":"post-16476","1":"product","2":"type-product","3":"status-publish","4":"has-post-thumbnail","6":"product_cat-alojamiento","8":"first","9":"instock","10":"shipping-taxable","11":"purchasable","12":"product-type-simple"},"acf":[],"_links":{"self":[{"href":"https:\/\/stayinn.travel\/es\/wp-json\/wp\/v2\/product\/16476","targetHints":{"allow":["GET"]}}],"collection":[{"href":"https:\/\/stayinn.travel\/es\/wp-json\/wp\/v2\/product"}],"about":[{"href":"https:\/\/stayinn.travel\/es\/wp-json\/wp\/v2\/types\/product"}],"replies":[{"embeddable":true,"href":"https:\/\/stayinn.travel\/es\/wp-json\/wp\/v2\/comments?post=16476"}],"wp:featuredmedia":[{"embeddable":true,"href":"https:\/\/stayinn.travel\/es\/wp-json\/wp\/v2\/media\/16663"}],"wp:attachment":[{"href":"https:\/\/stayinn.travel\/es\/wp-json\/wp\/v2\/media?parent=16476"}],"wp:term":[{"taxonomy":"country","embeddable":true,"href":"https:\/\/stayinn.travel\/es\/wp-json\/wp\/v2\/country?post=16476"},{"taxonomy":"product_brand","embeddable":true,"href":"https:\/\/stayinn.travel\/es\/wp-json\/wp\/v2\/product_brand?post=16476"},{"taxonomy":"product_cat","embeddable":true,"href":"https:\/\/stayinn.travel\/es\/wp-json\/wp\/v2\/product_cat?post=16476"},{"taxonomy":"product_tag","embeddable":true,"href":"https:\/\/stayinn.travel\/es\/wp-json\/wp\/v2\/product_tag?post=16476"}],"curies":[{"name":"wp","href":"https:\/\/api.w.org\/{rel}","templated":true}]}}