{"id":16477,"date":"2025-10-20T15:57:58","date_gmt":"2025-10-20T15:57:58","guid":{"rendered":"https:\/\/stayinn.travel\/product\/fakarava-ana-lagoon-lodge-ho-e\/"},"modified":"2026-04-16T10:35:52","modified_gmt":"2026-04-16T10:35:52","slug":"fakarava-ana-lagoon-lodge-ho-e","status":"publish","type":"product","link":"https:\/\/stayinn.travel\/es\/product\/fakarava-ana-lagoon-lodge-ho-e\/","title":{"rendered":"FAKARAVA &#8211; ANA LAGOON LODGE HO E"},"content":{"rendered":"<p>Ofr\u00e9zcanse un par\u00e9ntesis \u00fanico en este bungalow tranquilo, situado al borde de una laguna de tonos turquesa y esmeralda. Cada instante est\u00e1 arrullado por el sonido de las olas y la suavidad de la brisa marina.<\/p>\n<p>Este estudio luminoso y espacioso cuenta con una gran terraza privada orientada hacia la laguna, perfecta para disfrutar de un caf\u00e9 al amanecer o admirar una puesta de sol espectacular. En el interior, un acogedor espacio de noche con una cama queen size y un sof\u00e1 cama permite alojar hasta tres personas.<\/p>\n<p>La cocina abierta est\u00e1 completamente equipada con refrigerador, horno, microondas, tostadora, hervidor, vajilla y utensilios, para preparar comidas de forma completamente aut\u00f3noma. El ba\u00f1o privado est\u00e1 equipado con una ducha y la ropa de cama necesaria.<\/p>\n<p>En el exterior, un vasto espacio abierto se extiende hasta la laguna, ofreciendo una vista impresionante y una atm\u00f3sfera de tranquilidad ideal para recargar energ\u00edas.<\/p>\n<p>El desayuno est\u00e1 disponible bajo pedido (tarifa entre 1500 xpf y 2000 xpf por persona, a pagar en el lugar en efectivo)<\/p>\n<p>Un servicio de catering local est\u00e1 disponible para la cena, con pedido el d\u00eda anterior, con entrega directamente en el bungalow.<\/p>\n<p>Algunos proveedores ofrecen excursiones en barco, buceo, snorkel o pesca, y algunos pueden venir a recogerle directamente en el lugar. Tambi\u00e9n es posible alquilar coches, scooters y bicicletas el\u00e9ctricas para descubrir la isla a su propio ritmo.<\/p>\n<p>Ana Lagoon Lodge ofrece aire acondicionado, conexi\u00f3n Wi-Fi gratuita, un gran espacio exterior frente a la laguna y una barbacoa. Con su vista despejada y su atm\u00f3sfera tranquila, este bungalow es la direcci\u00f3n ideal para una estancia memorable en Fakarava.<\/p>\n<p>Servicio de traslado aeroportuario disponible como extra, para reservar previamente, a pagar en el lugar en efectivo (1500 xpf por trayecto y por persona)<\/p>\n<p>Toda reserva est\u00e1 sujeta obligatoriamente a la aceptaci\u00f3n sin restricciones de nuestras condiciones generales de venta visibles en nuestro sitio web Stayinn.Vacations haciendo clic en las condiciones generales.<\/p>\n<p>N\u00famero de registro: :4544DTO-MT<\/p>\n","protected":false},"excerpt":{"rendered":"<p>Ofr\u00e9zcanse un par\u00e9ntesis \u00fanico en este bungalow tranquilo, situado al borde de una laguna de tonos turquesa y esmeralda. Cada instante est\u00e1 arrullado por el sonido de las olas y la suavidad de la brisa marina. Este estudio luminoso y espacioso cuenta con una gran terraza privada orientada hacia la laguna, perfecta para disfrutar de [&hellip;]<\/p>\n","protected":false},"featured_media":16664,"comment_status":"open","ping_status":"closed","template":"","meta":{"inline_featured_image":false},"country":[],"product_brand":[],"product_cat":[293],"product_tag":[],"class_list":{"0":"post-16477","1":"product","2":"type-product","3":"status-publish","4":"has-post-thumbnail","6":"product_cat-alojamiento","8":"first","9":"instock","10":"shipping-taxable","11":"purchasable","12":"product-type-simple"},"acf":[],"_links":{"self":[{"href":"https:\/\/stayinn.travel\/es\/wp-json\/wp\/v2\/product\/16477","targetHints":{"allow":["GET"]}}],"collection":[{"href":"https:\/\/stayinn.travel\/es\/wp-json\/wp\/v2\/product"}],"about":[{"href":"https:\/\/stayinn.travel\/es\/wp-json\/wp\/v2\/types\/product"}],"replies":[{"embeddable":true,"href":"https:\/\/stayinn.travel\/es\/wp-json\/wp\/v2\/comments?post=16477"}],"wp:featuredmedia":[{"embeddable":true,"href":"https:\/\/stayinn.travel\/es\/wp-json\/wp\/v2\/media\/16664"}],"wp:attachment":[{"href":"https:\/\/stayinn.travel\/es\/wp-json\/wp\/v2\/media?parent=16477"}],"wp:term":[{"taxonomy":"country","embeddable":true,"href":"https:\/\/stayinn.travel\/es\/wp-json\/wp\/v2\/country?post=16477"},{"taxonomy":"product_brand","embeddable":true,"href":"https:\/\/stayinn.travel\/es\/wp-json\/wp\/v2\/product_brand?post=16477"},{"taxonomy":"product_cat","embeddable":true,"href":"https:\/\/stayinn.travel\/es\/wp-json\/wp\/v2\/product_cat?post=16477"},{"taxonomy":"product_tag","embeddable":true,"href":"https:\/\/stayinn.travel\/es\/wp-json\/wp\/v2\/product_tag?post=16477"}],"curies":[{"name":"wp","href":"https:\/\/api.w.org\/{rel}","templated":true}]}}