{"id":16480,"date":"2025-10-20T15:58:01","date_gmt":"2025-10-20T15:58:01","guid":{"rendered":"https:\/\/stayinn.travel\/product\/maupiti-fare-motu-tarona\/"},"modified":"2026-04-16T10:35:53","modified_gmt":"2026-04-16T10:35:53","slug":"maupiti-fare-motu-tarona","status":"publish","type":"product","link":"https:\/\/stayinn.travel\/es\/product\/maupiti-fare-motu-tarona\/","title":{"rendered":"MAUPITI &#8211; Fare Motu Tarona"},"content":{"rendered":"<p>Situado en el tranquilo Motu Tuanai, a solo 5 minutos en barco de la isla principal, el Fare Motu Maupiti es una casa de estilo tropical-chic, dise\u00f1ada para la relajaci\u00f3n y el cambio de ambiente. En perfecta armon\u00eda con la naturaleza circundante y los sublimes tonos de azul de la laguna, ofrece un acceso directo a una playa de arena blanca.<\/p>\n<p>La casa puede acoger hasta 4 personas con sus dos habitaciones confortables: una en la planta baja, la otra en el altillo. La cocina equipada (frigor\u00edfico, cocina de gas, utensilios) permite preparar sus comidas como en casa. El cuarto de ba\u00f1o separado, accesible por un peque\u00f1o camino, dispone de agua caliente, toallas y gel de ducha.<\/p>\n<p>La terraza, orientada hacia Bora Bora cuando el cielo est\u00e1 despejado, es el lugar ideal para disfrutar de un desayuno en total intimidad o compartir una comida agradable frente a la laguna.<\/p>\n<p>Los traslados de ida y vuelta desde el aeropuerto o el muelle est\u00e1n incluidos para una llegada tranquila. El desayuno para preparar uno mismo (caf\u00e9, leche, az\u00facar, chocolate, biscotes, mantequilla y mermelada) tambi\u00e9n est\u00e1 incluido en la tarifa. Cualquier otro traslado se factura a 1200 XPF por trayecto. Para sus cenas, es posible pedir en el Restaurante Tarona, con entrega directamente en casa.<\/p>\n<p>\u2728 Un verdadero refugio de paz, ideal para aquellos que buscan la tranquilidad de un motu preservado y la magia de una laguna polinesia.<\/p>\n<p>Puntos fuertes de la vivienda<\/p>\n<p>Casa tropical-chic en motu privado, acceso directo a la playa<\/p>\n<p>2 habitaciones (planta baja + altillo) para 4 personas<\/p>\n<p>Cocina equipada y terraza con vista a Bora Bora<\/p>\n<p>Traslados de ida y vuelta incluidos + desayuno proporcionado<\/p>\n<p>Entrega posible desde el Restaurante Tarona<\/p>\n<p>Cerca<\/p>\n<p>Isla principal: accesible en 5 minutos en barco<\/p>\n<p>Restaurante Tarona: cena con opci\u00f3n de entrega a domicilio<\/p>\n<p>Exploraci\u00f3n de la laguna: playa de arena blanca y snorkel al alcance de la mano<\/p>\n<p>Las fiestas y reuniones est\u00e1n estrictamente prohibidas dentro de la vivienda.<\/p>\n<p>Toda reserva est\u00e1 sujeta obligatoriamente a la aceptaci\u00f3n sin restricciones de nuestras condiciones generales de venta visibles en nuestro sitio web Stayinn.Vacations haciendo clic en condiciones generales.<\/p>\n<p>N\u00famero de registro: en curso<\/p>\n","protected":false},"excerpt":{"rendered":"<p>Situado en el tranquilo Motu Tuanai, a solo 5 minutos en barco de la isla principal, el Fare Motu Maupiti es una casa de estilo tropical-chic, dise\u00f1ada para la relajaci\u00f3n y el cambio de ambiente. En perfecta armon\u00eda con la naturaleza circundante y los sublimes tonos de azul de la laguna, ofrece un acceso directo [&hellip;]<\/p>\n","protected":false},"featured_media":16665,"comment_status":"open","ping_status":"closed","template":"","meta":{"inline_featured_image":false},"country":[],"product_brand":[],"product_cat":[293],"product_tag":[],"class_list":{"0":"post-16480","1":"product","2":"type-product","3":"status-publish","4":"has-post-thumbnail","6":"product_cat-alojamiento","8":"first","9":"instock","10":"shipping-taxable","11":"purchasable","12":"product-type-simple"},"acf":[],"_links":{"self":[{"href":"https:\/\/stayinn.travel\/es\/wp-json\/wp\/v2\/product\/16480","targetHints":{"allow":["GET"]}}],"collection":[{"href":"https:\/\/stayinn.travel\/es\/wp-json\/wp\/v2\/product"}],"about":[{"href":"https:\/\/stayinn.travel\/es\/wp-json\/wp\/v2\/types\/product"}],"replies":[{"embeddable":true,"href":"https:\/\/stayinn.travel\/es\/wp-json\/wp\/v2\/comments?post=16480"}],"wp:featuredmedia":[{"embeddable":true,"href":"https:\/\/stayinn.travel\/es\/wp-json\/wp\/v2\/media\/16665"}],"wp:attachment":[{"href":"https:\/\/stayinn.travel\/es\/wp-json\/wp\/v2\/media?parent=16480"}],"wp:term":[{"taxonomy":"country","embeddable":true,"href":"https:\/\/stayinn.travel\/es\/wp-json\/wp\/v2\/country?post=16480"},{"taxonomy":"product_brand","embeddable":true,"href":"https:\/\/stayinn.travel\/es\/wp-json\/wp\/v2\/product_brand?post=16480"},{"taxonomy":"product_cat","embeddable":true,"href":"https:\/\/stayinn.travel\/es\/wp-json\/wp\/v2\/product_cat?post=16480"},{"taxonomy":"product_tag","embeddable":true,"href":"https:\/\/stayinn.travel\/es\/wp-json\/wp\/v2\/product_tag?post=16480"}],"curies":[{"name":"wp","href":"https:\/\/api.w.org\/{rel}","templated":true}]}}