{"id":16499,"date":"2025-10-20T15:57:56","date_gmt":"2025-10-20T15:57:56","guid":{"rendered":"https:\/\/stayinn.travel\/product\/raiatea-uouo-seaside-apartment-2\/"},"modified":"2026-04-16T10:35:58","modified_gmt":"2026-04-16T10:35:58","slug":"raiatea-uouo-seaside-apartment-2","status":"publish","type":"product","link":"https:\/\/stayinn.travel\/es\/product\/raiatea-uouo-seaside-apartment-2\/","title":{"rendered":"RAIATEA &#8211; Uouo Seaside Apartment"},"content":{"rendered":"<p>Al\u00f3jese en este apartamento de 125m2, en la segunda planta de un peque\u00f1o edificio de una sola planta con piscina y frente a la laguna, que combina las comodidades de un hotel con las ventajas de una pensi\u00f3n familiar.<\/p>\n<p>Idealmente situado cerca del aeropuerto y de la ciudad de Uturoa, este alojamiento es ideal para estancias en grupo.<\/p>\n<p>Consta de 3 habitaciones con aire acondicionado, cama de matrimonio y espacio para guardar sus efectos personales. <\/p>\n<p>En el sal\u00f3n, una cama doble y un sof\u00e1 cama doble pueden alojar a otras 4 personas. Se abre a una cocina totalmente equipada, y cuenta con un televisor de pantalla plana y acceso gratuito a Internet wifi. <\/p>\n<p>El cuarto de ba\u00f1o, moderno y elegante, dispone de ducha a ras de suelo, lavabo e inodoro. Los anfitriones te proporcionar\u00e1n art\u00edculos de aseo gratuitos (gel de ducha, champ\u00fa y secador de pelo).<\/p>\n<p>La zona donde pasar\u00e1s la mayor parte de tu tiempo libre es la terraza, con su bar y sus impresionantes vistas a la laguna. Est\u00e1 equipada con una mesa y sillas para disfrutar de sus comidas y desayunos matutinos en este entorno tranquilo y relajante.<\/p>\n<p>Sus anfitriones le proporcionar\u00e1n un kit de bienvenida que incluye t\u00e9, c\u00e1psulas de caf\u00e9, az\u00facar y algunas sorpresas.<\/p>\n<p>El desayuno y la cena est\u00e1n disponibles in situ con un coste adicional. (P\u00f3ngase en contacto con nosotros)<\/p>\n<p>Hay instalaciones de ocio disponibles in situ:<br \/>\n<br \/>&#8211; Kayaks gratuitos para explorar la laguna y visitar el Motu de enfrente.<br \/>\n<br \/>&#8211; Se alquilan bicicletas el\u00e9ctricas por un suplemento para explorar los senderos salvajes de la isla.<br \/>\n<br \/>P\u00f3ngase en contacto con su conserje para conocer los paquetes con Car and Excursions. <\/p>\n<p>LO ESENCIAL :<br \/>\n<br \/>* Hasta 10 personas<br \/>\n<br \/>* Traslados al aeropuerto<br \/>\n<br \/>* Catering disponible in situ<br \/>\n<br \/>* Lagoonside<br \/>\n<br \/>* Piscina<br \/>\n<br \/>* 3 habitaciones con aire acondicionado<br \/>\n<br \/>* Acceso gratuito a Internet wifi<br \/>\n<br \/>* kayaks y bicicletas <\/p>\n<p>Todas las reservas est\u00e1n sujetas a la plena aceptaci\u00f3n de nuestros t\u00e9rminos y condiciones, que se pueden ver en nuestra p\u00e1gina web StayInn.Vacations haciendo clic en t\u00e9rminos y condiciones.<\/p>\n<p>N\u00famero de registro : TD21304<br \/><\/p>\n","protected":false},"excerpt":{"rendered":"<p>Al\u00f3jese en este apartamento de 125m2, en la segunda planta de un peque\u00f1o edificio de una sola planta con piscina y frente a la laguna, que combina las comodidades de un hotel con las ventajas de una pensi\u00f3n familiar. Idealmente situado cerca del aeropuerto y de la ciudad de Uturoa, este alojamiento es ideal para [&hellip;]<\/p>\n","protected":false},"featured_media":16669,"comment_status":"open","ping_status":"closed","template":"","meta":{"inline_featured_image":false},"country":[],"product_brand":[],"product_cat":[293],"product_tag":[],"class_list":{"0":"post-16499","1":"product","2":"type-product","3":"status-publish","4":"has-post-thumbnail","6":"product_cat-alojamiento","8":"first","9":"instock","10":"shipping-taxable","11":"purchasable","12":"product-type-simple"},"acf":[],"_links":{"self":[{"href":"https:\/\/stayinn.travel\/es\/wp-json\/wp\/v2\/product\/16499","targetHints":{"allow":["GET"]}}],"collection":[{"href":"https:\/\/stayinn.travel\/es\/wp-json\/wp\/v2\/product"}],"about":[{"href":"https:\/\/stayinn.travel\/es\/wp-json\/wp\/v2\/types\/product"}],"replies":[{"embeddable":true,"href":"https:\/\/stayinn.travel\/es\/wp-json\/wp\/v2\/comments?post=16499"}],"wp:featuredmedia":[{"embeddable":true,"href":"https:\/\/stayinn.travel\/es\/wp-json\/wp\/v2\/media\/16669"}],"wp:attachment":[{"href":"https:\/\/stayinn.travel\/es\/wp-json\/wp\/v2\/media?parent=16499"}],"wp:term":[{"taxonomy":"country","embeddable":true,"href":"https:\/\/stayinn.travel\/es\/wp-json\/wp\/v2\/country?post=16499"},{"taxonomy":"product_brand","embeddable":true,"href":"https:\/\/stayinn.travel\/es\/wp-json\/wp\/v2\/product_brand?post=16499"},{"taxonomy":"product_cat","embeddable":true,"href":"https:\/\/stayinn.travel\/es\/wp-json\/wp\/v2\/product_cat?post=16499"},{"taxonomy":"product_tag","embeddable":true,"href":"https:\/\/stayinn.travel\/es\/wp-json\/wp\/v2\/product_tag?post=16499"}],"curies":[{"name":"wp","href":"https:\/\/api.w.org\/{rel}","templated":true}]}}