{"id":16514,"date":"2025-10-20T15:57:56","date_gmt":"2025-10-20T15:57:56","guid":{"rendered":"https:\/\/stayinn.travel\/product\/bora-holidays-condo-pool-2-2\/"},"modified":"2026-04-16T10:36:03","modified_gmt":"2026-04-16T10:36:03","slug":"bora-holidays-condo-pool-2-2","status":"publish","type":"product","link":"https:\/\/stayinn.travel\/es\/product\/bora-holidays-condo-pool-2-2\/","title":{"rendered":"BORA- Holidays Condo &#038; Pool 2"},"content":{"rendered":"<p>BORA- Holiday &#8216;s Condo &#038; Pool 2<br \/>\n<br \/>Situado entre Vaitape y Faanui, a menos de 3 km de los servicios, restaurantes y tiendas, y a solo 300 metros del famoso e imperdible Yacht Club Bora Bora, se encuentra una bonita residencia de vacaciones con varios alojamientos disponibles. Ideal para tus estancias solo, en pareja, en familia, con amigos o incluso para grupos de visita.<\/p>\n<p>Este es un apartamento F3 ubicado en el 1er piso del edificio principal. Se compone de 2 confortables habitaciones climatizadas. El dormitorio principal tiene una cama Queen, el segundo dormitorio tiene 2 camas individuales y la sala de estar tiene 2 sillones + TV y una cama individual para el quinto ocupante. La cocina equipada con tetera, vitrocer\u00e1mica, utensilios y nevera + congelador est\u00e1n disponibles, as\u00ed como un cuarto de ba\u00f1o privado con lavabo e inodoro. Apreciar\u00e1 su terraza privada con mesa y sillas para su caf\u00e9 de la ma\u00f1ana.<br \/>\n<br \/>La residencia se beneficia de una gran piscina, con un sol\u00e1rium y un Fare Potee amueblado. El acceso es gratuito para todos los inquilinos.<\/p>\n<p>Lo escencial :<br \/>\n<br \/>* La piscina es gratuita de 9 a.m. a 8 p.m.<br \/>\n<br \/>* Habitaciones climatizadas y confortables con ducha privada<br \/>\n<br \/>*Cocina equipada<br \/>\n<br \/>* 1 plaza de aparcamiento<br \/>\n<br \/>* Internet wifi gratis<br \/>\n<br \/>* Muy buena ubicaci\u00f3n geogr\u00e1fica: cerca del Yacht Club Bora Bora, el pueblo principal de Vaitape y sus comodidades.<br \/>\n<br \/>* Para hacer: visitar el mercado de artesan\u00edas, recorrer la isla en bicicleta, playa Matira, Les Canons de Faanui, ver el Heiva (Festival Polinesio de Danzas y Canciones &#8211; Mes de julio) el \u00fanico sobre arena blanca que le da su encanto especial &#8230;<\/p>\n<p>Todas las reservas est\u00e1n sujetas a la aceptaci\u00f3n irrestricta de nuestras condiciones generales de venta visibles en nuestro sitio Stayinn.Vacations haciendo clic en las condiciones generales.<\/p>\n<p>N\u00famero de registro : 704DTO-MT<\/p>\n","protected":false},"excerpt":{"rendered":"<p>BORA- Holiday &#8216;s Condo &#038; Pool 2 Situado entre Vaitape y Faanui, a menos de 3 km de los servicios, restaurantes y tiendas, y a solo 300 metros del famoso e imperdible Yacht Club Bora Bora, se encuentra una bonita residencia de vacaciones con varios alojamientos disponibles. Ideal para tus estancias solo, en pareja, en [&hellip;]<\/p>\n","protected":false},"featured_media":16515,"comment_status":"open","ping_status":"closed","template":"","meta":{"inline_featured_image":false},"country":[],"product_brand":[],"product_cat":[293],"product_tag":[],"class_list":{"0":"post-16514","1":"product","2":"type-product","3":"status-publish","4":"has-post-thumbnail","6":"product_cat-alojamiento","8":"first","9":"instock","10":"shipping-taxable","11":"purchasable","12":"product-type-simple"},"acf":[],"_links":{"self":[{"href":"https:\/\/stayinn.travel\/es\/wp-json\/wp\/v2\/product\/16514","targetHints":{"allow":["GET"]}}],"collection":[{"href":"https:\/\/stayinn.travel\/es\/wp-json\/wp\/v2\/product"}],"about":[{"href":"https:\/\/stayinn.travel\/es\/wp-json\/wp\/v2\/types\/product"}],"replies":[{"embeddable":true,"href":"https:\/\/stayinn.travel\/es\/wp-json\/wp\/v2\/comments?post=16514"}],"wp:featuredmedia":[{"embeddable":true,"href":"https:\/\/stayinn.travel\/es\/wp-json\/wp\/v2\/media\/16515"}],"wp:attachment":[{"href":"https:\/\/stayinn.travel\/es\/wp-json\/wp\/v2\/media?parent=16514"}],"wp:term":[{"taxonomy":"country","embeddable":true,"href":"https:\/\/stayinn.travel\/es\/wp-json\/wp\/v2\/country?post=16514"},{"taxonomy":"product_brand","embeddable":true,"href":"https:\/\/stayinn.travel\/es\/wp-json\/wp\/v2\/product_brand?post=16514"},{"taxonomy":"product_cat","embeddable":true,"href":"https:\/\/stayinn.travel\/es\/wp-json\/wp\/v2\/product_cat?post=16514"},{"taxonomy":"product_tag","embeddable":true,"href":"https:\/\/stayinn.travel\/es\/wp-json\/wp\/v2\/product_tag?post=16514"}],"curies":[{"name":"wp","href":"https:\/\/api.w.org\/{rel}","templated":true}]}}