{"id":16531,"date":"2025-10-20T15:57:59","date_gmt":"2025-10-20T15:57:59","guid":{"rendered":"https:\/\/stayinn.travel\/product\/bora-bora-horizon-lodge-maha\/"},"modified":"2026-04-16T10:36:08","modified_gmt":"2026-04-16T10:36:08","slug":"bora-bora-horizon-lodge-maha","status":"publish","type":"product","link":"https:\/\/stayinn.travel\/es\/product\/bora-bora-horizon-lodge-maha\/","title":{"rendered":"BORA &#8211; BORA &#8211; Horizon Lodge Maha"},"content":{"rendered":"<p>El Estudio Familiar puede acoger hasta 5 personas y ofrece todo el confort necesario para una estancia exitosa en Bora Bora. Disfrutar\u00e1 de una terraza panor\u00e1mica com\u00fan en la residencia, ideal para admirar la vista espectacular de la laguna y las monta\u00f1as o disfrutar de las puestas de sol.<\/p>\n<p>El alojamiento incluye una sala de estar luminosa decorada con cuidado, que integra un espacio dormitorio con cama Queen size, 2 camas individuales y la posibilidad de a\u00f1adir una cama adicional. La cocina moderna equipada permite preparar sus comidas con toda comodidad. El cuarto de ba\u00f1o contempor\u00e1neo est\u00e1 equipado con una ducha, un lavabo y un inodoro, ofreciendo un dise\u00f1o pr\u00e1ctico y confortable.<\/p>\n<p>La residencia est\u00e1 ubicada en un jard\u00edn tropical exuberante, propicio para la relajaci\u00f3n y la serenidad. Los viajeros disfrutan de un alojamiento privado y espacios comunes acogedores: barbacoa, zonas compartidas acondicionadas y jardines frondosos. El wifi y el servicio de lavander\u00eda est\u00e1n incluidos para completar su estancia.<\/p>\n<p>\u2728 Este alojamiento combina modernidad, autenticidad polinesia y un entorno tropical, a solo 10 minutos de la playa de Matira.<\/p>\n<p>Puntos fuertes de la vivienda<\/p>\n<p>Estudio familiar para hasta 5 personas<\/p>\n<p>Terraza panor\u00e1mica com\u00fan con vista a la laguna y las monta\u00f1as<\/p>\n<p>Reina de matrimonio + 2 camas individuales + posibilidad de cama adicional<\/p>\n<p>Cocina moderna equipada, wifi y lavander\u00eda incluidos<\/p>\n<p>Jard\u00edn tropical exuberante y espacios comunes acogedores (barbacoa, zonas compartidas)<\/p>\n<p>Cerca<\/p>\n<p>Playa de Matira: a 10 minutos<\/p>\n<p>Comercios y restaurantes: accesibles en unos minutos en coche<\/p>\n<p>Actividades n\u00e1uticas: snorkel, buceo, excursiones en laguna<\/p>\n<p>Menciones obligatorias<\/p>\n<p>Las fiestas y reuniones est\u00e1n estrictamente prohibidas dentro de la vivienda.<\/p>\n<p>Toda reserva est\u00e1 sujeta obligatoriamente a la aceptaci\u00f3n sin restricciones de nuestras condiciones generales de venta visibles en nuestro sitio web Stayinn.Vacations haciendo clic en condiciones generales.<\/p>\n<p>N\u00famero TAHIT\u00cd: T 131862 001<\/p>\n","protected":false},"excerpt":{"rendered":"<p>El Estudio Familiar puede acoger hasta 5 personas y ofrece todo el confort necesario para una estancia exitosa en Bora Bora. Disfrutar\u00e1 de una terraza panor\u00e1mica com\u00fan en la residencia, ideal para admirar la vista espectacular de la laguna y las monta\u00f1as o disfrutar de las puestas de sol. El alojamiento incluye una sala de [&hellip;]<\/p>\n","protected":false},"featured_media":16685,"comment_status":"open","ping_status":"closed","template":"","meta":{"inline_featured_image":false},"country":[],"product_brand":[],"product_cat":[293],"product_tag":[],"class_list":{"0":"post-16531","1":"product","2":"type-product","3":"status-publish","4":"has-post-thumbnail","6":"product_cat-alojamiento","8":"first","9":"instock","10":"shipping-taxable","11":"purchasable","12":"product-type-simple"},"acf":[],"_links":{"self":[{"href":"https:\/\/stayinn.travel\/es\/wp-json\/wp\/v2\/product\/16531","targetHints":{"allow":["GET"]}}],"collection":[{"href":"https:\/\/stayinn.travel\/es\/wp-json\/wp\/v2\/product"}],"about":[{"href":"https:\/\/stayinn.travel\/es\/wp-json\/wp\/v2\/types\/product"}],"replies":[{"embeddable":true,"href":"https:\/\/stayinn.travel\/es\/wp-json\/wp\/v2\/comments?post=16531"}],"wp:featuredmedia":[{"embeddable":true,"href":"https:\/\/stayinn.travel\/es\/wp-json\/wp\/v2\/media\/16685"}],"wp:attachment":[{"href":"https:\/\/stayinn.travel\/es\/wp-json\/wp\/v2\/media?parent=16531"}],"wp:term":[{"taxonomy":"country","embeddable":true,"href":"https:\/\/stayinn.travel\/es\/wp-json\/wp\/v2\/country?post=16531"},{"taxonomy":"product_brand","embeddable":true,"href":"https:\/\/stayinn.travel\/es\/wp-json\/wp\/v2\/product_brand?post=16531"},{"taxonomy":"product_cat","embeddable":true,"href":"https:\/\/stayinn.travel\/es\/wp-json\/wp\/v2\/product_cat?post=16531"},{"taxonomy":"product_tag","embeddable":true,"href":"https:\/\/stayinn.travel\/es\/wp-json\/wp\/v2\/product_tag?post=16531"}],"curies":[{"name":"wp","href":"https:\/\/api.w.org\/{rel}","templated":true}]}}