{"id":16550,"date":"2025-10-20T15:58:09","date_gmt":"2025-10-20T15:58:09","guid":{"rendered":"https:\/\/stayinn.travel\/product\/raiatea-fare-oviri-3-2\/"},"modified":"2026-04-16T10:36:13","modified_gmt":"2026-04-16T10:36:13","slug":"raiatea-fare-oviri-3-2","status":"publish","type":"product","link":"https:\/\/stayinn.travel\/es\/product\/raiatea-fare-oviri-3-2\/","title":{"rendered":"RAIATEA-Fare Oviri 3"},"content":{"rendered":"<p>Situado al sur de Raiatea, en el coraz\u00f3n de las Islas Sotavento, el Fare Oviri \u2013 Tipanier le recibe en un marco aut\u00e9ntico entre la laguna y la monta\u00f1a, a dos pasos del Marae de Taputapuatea, sitio sagrado clasificado como Patrimonio Mundial de la UNESCO. El lugar perfecto para una estancia en familia que combina comodidad, inmersi\u00f3n cultural y relajaci\u00f3n.<\/p>\n<p>Este bungalow familiar de 48 m\u00b2 puede acoger hasta 5 personas. Consta de una habitaci\u00f3n con cama de matrimonio y vestidor, as\u00ed como de una habitaci\u00f3n con 3 camas individuales y vestidor. Las habitaciones est\u00e1n climatizadas para mayor comodidad. Un ba\u00f1o com\u00fan equipado con ducha, lavabo e inodoro completa el espacio.<\/p>\n<p>Disfrutar\u00e1s de un acceso directo a la playa privada, con kayaks a disposici\u00f3n para explorar la laguna turquesa. Para tus comidas, una gran cocina com\u00fan equipada, abierta al jard\u00edn y su espacio de comedor, est\u00e1 accesible para todos los viajeros.<\/p>\n<p>En opci\u00f3n, se puede reservar un desayuno, y tambi\u00e9n es posible pedir pizzas en el lugar.<\/p>\n<p>\u2728 Un marco ideal para disfrutar de la serenidad de Raiatea, en familia o con amigos, entre descubrimientos culturales y relajaci\u00f3n junto a la laguna.<\/p>\n<p>Los esenciales:<\/p>\n<p>Bungalow familiar de 48 m\u00b2 para hasta 5 personas<\/p>\n<p>2 habitaciones con aire acondicionado con vestidor (cama de matrimonio + 3 camas individuales)<\/p>\n<p>Acceso directo a la playa privada con kayaks incluidos<\/p>\n<p>Cocina com\u00fan convivial abierta al jard\u00edn<\/p>\n<p>Proximidad inmediata del Marae Taputapuatea (UNESCO)<\/p>\n<p>Cerca<\/p>\n<p>Marae Taputapuatea: sitio sagrado declarado Patrimonio de la UNESCO a pocos minutos<\/p>\n<p>Exploraci\u00f3n de Raiatea: alquiler de coche recomendado para descubrir la isla<\/p>\n<p>Restauraci\u00f3n: desayuno opcional, pizzas disponibles en el local<\/p>\n<p>Las fiestas y reuniones est\u00e1n estrictamente prohibidas dentro de la vivienda.<\/p>\n<p>Toda reserva est\u00e1 sujeta obligatoriamente a la aceptaci\u00f3n sin restricciones de nuestras condiciones generales de venta visibles en nuestro sitio web Stayinn.Vacations haciendo clic en condiciones generales.<\/p>\n<p>N\u00famero de registro: F20178<\/p>\n","protected":false},"excerpt":{"rendered":"<p>Situado al sur de Raiatea, en el coraz\u00f3n de las Islas Sotavento, el Fare Oviri \u2013 Tipanier le recibe en un marco aut\u00e9ntico entre la laguna y la monta\u00f1a, a dos pasos del Marae de Taputapuatea, sitio sagrado clasificado como Patrimonio Mundial de la UNESCO. El lugar perfecto para una estancia en familia que combina [&hellip;]<\/p>\n","protected":false},"featured_media":16692,"comment_status":"open","ping_status":"closed","template":"","meta":{"inline_featured_image":false},"country":[],"product_brand":[],"product_cat":[293],"product_tag":[],"class_list":{"0":"post-16550","1":"product","2":"type-product","3":"status-publish","4":"has-post-thumbnail","6":"product_cat-alojamiento","8":"first","9":"instock","10":"shipping-taxable","11":"purchasable","12":"product-type-simple"},"acf":[],"_links":{"self":[{"href":"https:\/\/stayinn.travel\/es\/wp-json\/wp\/v2\/product\/16550","targetHints":{"allow":["GET"]}}],"collection":[{"href":"https:\/\/stayinn.travel\/es\/wp-json\/wp\/v2\/product"}],"about":[{"href":"https:\/\/stayinn.travel\/es\/wp-json\/wp\/v2\/types\/product"}],"replies":[{"embeddable":true,"href":"https:\/\/stayinn.travel\/es\/wp-json\/wp\/v2\/comments?post=16550"}],"wp:featuredmedia":[{"embeddable":true,"href":"https:\/\/stayinn.travel\/es\/wp-json\/wp\/v2\/media\/16692"}],"wp:attachment":[{"href":"https:\/\/stayinn.travel\/es\/wp-json\/wp\/v2\/media?parent=16550"}],"wp:term":[{"taxonomy":"country","embeddable":true,"href":"https:\/\/stayinn.travel\/es\/wp-json\/wp\/v2\/country?post=16550"},{"taxonomy":"product_brand","embeddable":true,"href":"https:\/\/stayinn.travel\/es\/wp-json\/wp\/v2\/product_brand?post=16550"},{"taxonomy":"product_cat","embeddable":true,"href":"https:\/\/stayinn.travel\/es\/wp-json\/wp\/v2\/product_cat?post=16550"},{"taxonomy":"product_tag","embeddable":true,"href":"https:\/\/stayinn.travel\/es\/wp-json\/wp\/v2\/product_tag?post=16550"}],"curies":[{"name":"wp","href":"https:\/\/api.w.org\/{rel}","templated":true}]}}