{"id":16562,"date":"2025-10-20T15:58:08","date_gmt":"2025-10-20T15:58:08","guid":{"rendered":"https:\/\/stayinn.travel\/product\/raiatea-chambre-dhotes-oviri-2-kahaia-2\/"},"modified":"2026-04-16T10:36:16","modified_gmt":"2026-04-16T10:36:16","slug":"raiatea-chambre-dhotes-oviri-2-kahaia-2","status":"publish","type":"product","link":"https:\/\/stayinn.travel\/es\/product\/raiatea-chambre-dhotes-oviri-2-kahaia-2\/","title":{"rendered":"RAIATEA-Chambre d&#8217;h\u00f4tes Oviri 2 &#8211; Kahaia"},"content":{"rendered":"<p>Situada al sur de Raiatea, entre la laguna y la monta\u00f1a y en las inmediaciones del Marae de Taputapuatea, declarado Patrimonio Mundial por la UNESCO, la Habitaci\u00f3n Opuhi del Fare Oviri le acoge en un entorno tranquilo y aut\u00e9nticamente polin\u00e9sico.<\/p>\n<p>Con una superficie de 24 m\u00b2, puede acoger a 2 personas e incluye una cama doble c\u00f3moda, un ba\u00f1o privado con ducha, lavabo e inodoro, as\u00ed como un espacio de almacenamiento con estantes y armario. La habitaci\u00f3n dispone de un acceso directo al exterior, ideal para disfrutar del jard\u00edn o llegar a la playa.<\/p>\n<p>Para amenizar su estancia, un desayuno est\u00e1 disponible como opci\u00f3n (previa reserva), y tambi\u00e9n es posible pedir pizzas en el lugar. Disfrutar\u00e1 adem\u00e1s de un acceso directo a la playa privada con kayaks a disposici\u00f3n para explorar la laguna turquesa.<\/p>\n<p>\u2728 Una estancia ideal para saborear la serenidad de Raiatea, en el coraz\u00f3n de una naturaleza exuberante y aut\u00e9ntica.<\/p>\n<p>Los esenciales<\/p>\n<p>Habitaci\u00f3n c\u00f3moda de 24 m\u00b2 para 2 personas<\/p>\n<p>Ba\u00f1o privado y acceso directo al exterior<\/p>\n<p>Acceso a la playa privada con kayaks incluidos<\/p>\n<p>Posibilidad de desayuno opcional y pizzas en el lugar<\/p>\n<p>Proximidad inmediata del sitio sagrado Marae de Taputapuatea (UNESCO)<\/p>\n<p>Cerca<\/p>\n<p>Marae Taputapuatea: sitio sagrado declarado Patrimonio de la UNESCO, accesible a pie<\/p>\n<p>Exploraci\u00f3n de Raiatea: alquiler de coche recomendado para descubrir la isla<\/p>\n<p>Restauraci\u00f3n: desayuno opcional, pizzas disponibles en el local<\/p>\n<p>Las fiestas y reuniones est\u00e1n estrictamente prohibidas dentro de la vivienda.<\/p>\n<p>Toda reserva est\u00e1 sujeta obligatoriamente a la aceptaci\u00f3n sin restricciones de nuestras condiciones generales de venta visibles en nuestro sitio web Stayinn.Vacations haciendo clic en condiciones generales.<\/p>\n<p>N\u00famero de registro: F20178<\/p>\n","protected":false},"excerpt":{"rendered":"<p>Situada al sur de Raiatea, entre la laguna y la monta\u00f1a y en las inmediaciones del Marae de Taputapuatea, declarado Patrimonio Mundial por la UNESCO, la Habitaci\u00f3n Opuhi del Fare Oviri le acoge en un entorno tranquilo y aut\u00e9nticamente polin\u00e9sico. Con una superficie de 24 m\u00b2, puede acoger a 2 personas e incluye una cama [&hellip;]<\/p>\n","protected":false},"featured_media":16696,"comment_status":"open","ping_status":"closed","template":"","meta":{"inline_featured_image":false},"country":[],"product_brand":[],"product_cat":[293],"product_tag":[],"class_list":{"0":"post-16562","1":"product","2":"type-product","3":"status-publish","4":"has-post-thumbnail","6":"product_cat-alojamiento","8":"first","9":"instock","10":"shipping-taxable","11":"purchasable","12":"product-type-simple"},"acf":[],"_links":{"self":[{"href":"https:\/\/stayinn.travel\/es\/wp-json\/wp\/v2\/product\/16562","targetHints":{"allow":["GET"]}}],"collection":[{"href":"https:\/\/stayinn.travel\/es\/wp-json\/wp\/v2\/product"}],"about":[{"href":"https:\/\/stayinn.travel\/es\/wp-json\/wp\/v2\/types\/product"}],"replies":[{"embeddable":true,"href":"https:\/\/stayinn.travel\/es\/wp-json\/wp\/v2\/comments?post=16562"}],"wp:featuredmedia":[{"embeddable":true,"href":"https:\/\/stayinn.travel\/es\/wp-json\/wp\/v2\/media\/16696"}],"wp:attachment":[{"href":"https:\/\/stayinn.travel\/es\/wp-json\/wp\/v2\/media?parent=16562"}],"wp:term":[{"taxonomy":"country","embeddable":true,"href":"https:\/\/stayinn.travel\/es\/wp-json\/wp\/v2\/country?post=16562"},{"taxonomy":"product_brand","embeddable":true,"href":"https:\/\/stayinn.travel\/es\/wp-json\/wp\/v2\/product_brand?post=16562"},{"taxonomy":"product_cat","embeddable":true,"href":"https:\/\/stayinn.travel\/es\/wp-json\/wp\/v2\/product_cat?post=16562"},{"taxonomy":"product_tag","embeddable":true,"href":"https:\/\/stayinn.travel\/es\/wp-json\/wp\/v2\/product_tag?post=16562"}],"curies":[{"name":"wp","href":"https:\/\/api.w.org\/{rel}","templated":true}]}}